{"id":544,"date":"2023-02-16T00:40:24","date_gmt":"2023-02-16T00:40:24","guid":{"rendered":"https:\/\/deposoft.com.ar\/es\/?post_type=product&#038;p=544"},"modified":"2026-03-27T14:44:31","modified_gmt":"2026-03-27T14:44:31","slug":"ataque-contra-zona","status":"publish","type":"product","link":"https:\/\/deposoft.com.ar\/es\/producto\/ataque-contra-zona\/","title":{"rendered":"Ataque contra zona"},"content":{"rendered":"<p>Gabriel Piccato.<br \/>\nEl entrenador pone \u00e9nfasis durante sus entrenamientos en la concentraci\u00f3n de sus jugadores e intenta mantener los niveles siempre altos corrigiendo y haciendo hincapi\u00e9 en detalles t\u00e9cnicos y t\u00e1cticos.<br \/>\nConstruye su ofensiva contra zona de la misma manera que lo hace cuando trabaja vs. individual pero se\u00f1ala algunos detalles que son claves para lograr ventajas contra este tipo de defensas.<br \/>\nEl pase es uno de los aspectos que suelen variar, en una defensa individual se buscan pases al hombro exterior del receptor en cambio contra zona los pases deben ir hacia adelante a favor de la recepci\u00f3n del atacante.<br \/>\nEl dribling cuando se utiliza vs. zona tiene el objetivo de dividir las responsabilidades de los defensores para de esta manera obtener ventajas num\u00e9ricas<\/p>\n","protected":false},"excerpt":{"rendered":"<p>El entrenador pone \u00e9nfasis durante sus entrenamientos en la concentraci\u00f3n de sus jugadores e intenta mantener los niveles siempre altos corrigiendo y haciendo hincapi\u00e9 en detalles t\u00e9cnicos y t\u00e1cticos.<\/p>\n","protected":false},"featured_media":25641,"comment_status":"open","ping_status":"closed","template":"","meta":{"site-sidebar-layout":"default","site-content-layout":"default","ast-site-content-layout":"default","site-content-style":"default","site-sidebar-style":"default","ast-global-header-display":"","ast-banner-title-visibility":"","ast-main-header-display":"","ast-hfb-above-header-display":"","ast-hfb-below-header-display":"","ast-hfb-mobile-header-display":"","site-post-title":"","ast-breadcrumbs-content":"","ast-featured-img":"","footer-sml-layout":"","ast-disable-related-posts":"","theme-transparent-header-meta":"default","adv-header-id-meta":"","stick-header-meta":"","header-above-stick-meta":"","header-main-stick-meta":"","header-below-stick-meta":"","astra-migrate-meta-layouts":"set","ast-page-background-enabled":"default","ast-page-background-meta":{"desktop":{"background-color":"","background-image":"","background-repeat":"repeat","background-position":"center center","background-size":"auto","background-attachment":"scroll","background-type":"","background-media":"","overlay-type":"","overlay-color":"","overlay-opacity":"","overlay-gradient":""},"tablet":{"background-color":"","background-image":"","background-repeat":"repeat","background-position":"center center","background-size":"auto","background-attachment":"scroll","background-type":"","background-media":"","overlay-type":"","overlay-color":"","overlay-opacity":"","overlay-gradient":""},"mobile":{"background-color":"","background-image":"","background-repeat":"repeat","background-position":"center center","background-size":"auto","background-attachment":"scroll","background-type":"","background-media":"","overlay-type":"","overlay-color":"","overlay-opacity":"","overlay-gradient":""}},"ast-content-background-meta":{"desktop":{"background-color":"var(--ast-global-color-5)","background-image":"","background-repeat":"repeat","background-position":"center center","background-size":"auto","background-attachment":"scroll","background-type":"","background-media":"","overlay-type":"","overlay-color":"","overlay-opacity":"","overlay-gradient":""},"tablet":{"background-color":"var(--ast-global-color-5)","background-image":"","background-repeat":"repeat","background-position":"center center","background-size":"auto","background-attachment":"scroll","background-type":"","background-media":"","overlay-type":"","overlay-color":"","overlay-opacity":"","overlay-gradient":""},"mobile":{"background-color":"var(--ast-global-color-5)","background-image":"","background-repeat":"repeat","background-position":"center center","background-size":"auto","background-attachment":"scroll","background-type":"","background-media":"","overlay-type":"","overlay-color":"","overlay-opacity":"","overlay-gradient":""}},"iawp_total_views":4},"product_brand":[],"product_cat":[113],"product_tag":[115],"class_list":{"0":"post-544","1":"product","2":"type-product","3":"status-publish","4":"has-post-thumbnail","6":"product_cat-alto-rendimiento","7":"product_tag-gabriel-piccato","8":"desktop-align-left","9":"tablet-align-left","10":"mobile-align-left","12":"first","13":"instock","14":"sale","15":"virtual","16":"sold-individually","17":"purchasable","18":"product-type-course"},"_links":{"self":[{"href":"https:\/\/deposoft.com.ar\/es\/wp-json\/wp\/v2\/product\/544","targetHints":{"allow":["GET"]}}],"collection":[{"href":"https:\/\/deposoft.com.ar\/es\/wp-json\/wp\/v2\/product"}],"about":[{"href":"https:\/\/deposoft.com.ar\/es\/wp-json\/wp\/v2\/types\/product"}],"replies":[{"embeddable":true,"href":"https:\/\/deposoft.com.ar\/es\/wp-json\/wp\/v2\/comments?post=544"}],"version-history":[{"count":3,"href":"https:\/\/deposoft.com.ar\/es\/wp-json\/wp\/v2\/product\/544\/revisions"}],"predecessor-version":[{"id":31370,"href":"https:\/\/deposoft.com.ar\/es\/wp-json\/wp\/v2\/product\/544\/revisions\/31370"}],"wp:featuredmedia":[{"embeddable":true,"href":"https:\/\/deposoft.com.ar\/es\/wp-json\/wp\/v2\/media\/25641"}],"wp:attachment":[{"href":"https:\/\/deposoft.com.ar\/es\/wp-json\/wp\/v2\/media?parent=544"}],"wp:term":[{"taxonomy":"product_brand","embeddable":true,"href":"https:\/\/deposoft.com.ar\/es\/wp-json\/wp\/v2\/product_brand?post=544"},{"taxonomy":"product_cat","embeddable":true,"href":"https:\/\/deposoft.com.ar\/es\/wp-json\/wp\/v2\/product_cat?post=544"},{"taxonomy":"product_tag","embeddable":true,"href":"https:\/\/deposoft.com.ar\/es\/wp-json\/wp\/v2\/product_tag?post=544"}],"curies":[{"name":"wp","href":"https:\/\/api.w.org\/{rel}","templated":true}]}}