{"id":38035,"date":"2026-05-07T18:16:33","date_gmt":"2026-05-07T18:16:33","guid":{"rendered":"https:\/\/deposoft.com.ar\/es\/?post_type=product&#038;p=38035"},"modified":"2026-05-07T19:34:55","modified_gmt":"2026-05-07T19:34:55","slug":"mas-alla-del-fallo-entrenando-la-resilencia","status":"publish","type":"product","link":"https:\/\/deposoft.com.ar\/es\/producto\/mas-alla-del-fallo-entrenando-la-resilencia\/","title":{"rendered":"M\u00e1s alla del fallo: entrenando la resiliencia"},"content":{"rendered":"<p><strong>Jorge Maroto Cuadrado<\/strong> es el autor de este manual, una obra donde encontrar\u00e1s herramientas pr\u00e1cticas dise\u00f1adas para que tus jugadores y jugadoras nunca dejen de disfrutar del juego. Este proyecto es el resultado de una b\u00fasqueda constante por mejorar la formaci\u00f3n integral de nuestros j\u00f3venes deportistas.<!--more--><\/p>\n<p><strong>Sobre el autor<\/strong><\/p>\n<p>De origen espa\u00f1ol, Jorge es entrenador de baloncesto especializado en gesti\u00f3n operativa de equipos, liderazgo en entornos de alta presi\u00f3n y apoyo psicosocial. Cuenta con la certificaci\u00f3n de la <strong>OPS\/OMS<\/strong> en intervenci\u00f3n en crisis, prevenci\u00f3n y estabilizaci\u00f3n emocional, adem\u00e1s de formaci\u00f3n avanzada en <strong>Psicolog\u00eda Positiva<\/strong> aplicada al alto rendimiento deportivo. Sus competencias abarcan la evaluaci\u00f3n de riesgo cl\u00ednico, mediaci\u00f3n y liderazgo adaptativo.<\/p>\n<p>&nbsp;<\/p>\n<p>&nbsp;<\/p>\n","protected":false},"excerpt":{"rendered":"<p>Como entrenadores, a menudo nos centramos en la t\u00e9cnica, pero olvidamos qu\u00e9 ocurre en la mente del jugador que acaba de cometer un error. Este libro ofrece una metodolog\u00eda pr\u00e1ctica y cient\u00edfica para intervenir en ese preciso instante en el que el bal\u00f3n a\u00fan bota sobre el parqu\u00e9t. No busca la perfecci\u00f3n, sino la <strong>resiliencia<\/strong>: la capacidad de &#8220;resetear&#8221;, activar su propio &#8220;limpiaparabrisas emocional&#8221; y seguir compitiendo con la misma intensidad a pesar del fallo.<\/p>\n<p>El objetivo final es que estas vivencias trasciendan al \u00e1mbito personal: si ense\u00f1amos a un joven a gestionar el error en el deporte, le estamos entregando herramientas de resiliencia que utilizar\u00e1 en sus ex\u00e1menes, en sus relaciones y en su futuro profesional.<\/p>\n<p>&nbsp;<\/p>\n<p>Si deseas comprar este material fuera de Argentina puedes utilizar PAYPAL desde aqu\u00ed debajo<\/p>\n<p>&nbsp;<\/p>\n<p><a href=\"https:\/\/www.paypal.com\/ncp\/payment\/X97X9BYC5ZBPA\"><img fetchpriority=\"high\" decoding=\"async\" class=\"alignnone size-full wp-image-38044\" src=\"https:\/\/deposoft.com.ar\/es\/wp-content\/uploads\/2026\/05\/logopaypal.png\" alt=\"\" width=\"225\" height=\"225\" srcset=\"https:\/\/deposoft.com.ar\/es\/wp-content\/uploads\/2026\/05\/logopaypal.png 225w, https:\/\/deposoft.com.ar\/es\/wp-content\/uploads\/2026\/05\/logopaypal-150x150.png 150w, https:\/\/deposoft.com.ar\/es\/wp-content\/uploads\/2026\/05\/logopaypal-100x100.png 100w\" sizes=\"(max-width: 225px) 100vw, 225px\" \/><\/a><\/p>\n<p>&nbsp;<\/p>\n","protected":false},"featured_media":38031,"comment_status":"open","ping_status":"closed","template":"","meta":{"site-sidebar-layout":"default","site-content-layout":"","ast-site-content-layout":"default","site-content-style":"default","site-sidebar-style":"default","ast-global-header-display":"","ast-banner-title-visibility":"","ast-main-header-display":"","ast-hfb-above-header-display":"","ast-hfb-below-header-display":"","ast-hfb-mobile-header-display":"","site-post-title":"","ast-breadcrumbs-content":"","ast-featured-img":"","footer-sml-layout":"","ast-disable-related-posts":"","theme-transparent-header-meta":"default","adv-header-id-meta":"","stick-header-meta":"","header-above-stick-meta":"","header-main-stick-meta":"","header-below-stick-meta":"","astra-migrate-meta-layouts":"set","ast-page-background-enabled":"default","ast-page-background-meta":{"desktop":{"background-color":"","background-image":"","background-repeat":"repeat","background-position":"center center","background-size":"auto","background-attachment":"scroll","background-type":"","background-media":"","overlay-type":"","overlay-color":"","overlay-opacity":"","overlay-gradient":""},"tablet":{"background-color":"","background-image":"","background-repeat":"repeat","background-position":"center center","background-size":"auto","background-attachment":"scroll","background-type":"","background-media":"","overlay-type":"","overlay-color":"","overlay-opacity":"","overlay-gradient":""},"mobile":{"background-color":"","background-image":"","background-repeat":"repeat","background-position":"center center","background-size":"auto","background-attachment":"scroll","background-type":"","background-media":"","overlay-type":"","overlay-color":"","overlay-opacity":"","overlay-gradient":""}},"ast-content-background-meta":{"desktop":{"background-color":"var(--ast-global-color-5)","background-image":"","background-repeat":"repeat","background-position":"center center","background-size":"auto","background-attachment":"scroll","background-type":"","background-media":"","overlay-type":"","overlay-color":"","overlay-opacity":"","overlay-gradient":""},"tablet":{"background-color":"var(--ast-global-color-5)","background-image":"","background-repeat":"repeat","background-position":"center center","background-size":"auto","background-attachment":"scroll","background-type":"","background-media":"","overlay-type":"","overlay-color":"","overlay-opacity":"","overlay-gradient":""},"mobile":{"background-color":"var(--ast-global-color-5)","background-image":"","background-repeat":"repeat","background-position":"center center","background-size":"auto","background-attachment":"scroll","background-type":"","background-media":"","overlay-type":"","overlay-color":"","overlay-opacity":"","overlay-gradient":""}},"iawp_total_views":91},"product_brand":[],"product_cat":[111,112,428],"product_tag":[431],"class_list":{"0":"post-38035","1":"product","2":"type-product","3":"status-publish","4":"has-post-thumbnail","6":"product_cat-formativas","7":"product_cat-minibasquet","8":"product_cat-libros","9":"product_tag-jorge-maroto-cuadrado","10":"desktop-align-left","11":"tablet-align-left","12":"mobile-align-left","14":"first","15":"instock","16":"virtual","17":"sold-individually","18":"purchasable","19":"product-type-course"},"_links":{"self":[{"href":"https:\/\/deposoft.com.ar\/es\/wp-json\/wp\/v2\/product\/38035","targetHints":{"allow":["GET"]}}],"collection":[{"href":"https:\/\/deposoft.com.ar\/es\/wp-json\/wp\/v2\/product"}],"about":[{"href":"https:\/\/deposoft.com.ar\/es\/wp-json\/wp\/v2\/types\/product"}],"replies":[{"embeddable":true,"href":"https:\/\/deposoft.com.ar\/es\/wp-json\/wp\/v2\/comments?post=38035"}],"version-history":[{"count":13,"href":"https:\/\/deposoft.com.ar\/es\/wp-json\/wp\/v2\/product\/38035\/revisions"}],"predecessor-version":[{"id":38051,"href":"https:\/\/deposoft.com.ar\/es\/wp-json\/wp\/v2\/product\/38035\/revisions\/38051"}],"wp:featuredmedia":[{"embeddable":true,"href":"https:\/\/deposoft.com.ar\/es\/wp-json\/wp\/v2\/media\/38031"}],"wp:attachment":[{"href":"https:\/\/deposoft.com.ar\/es\/wp-json\/wp\/v2\/media?parent=38035"}],"wp:term":[{"taxonomy":"product_brand","embeddable":true,"href":"https:\/\/deposoft.com.ar\/es\/wp-json\/wp\/v2\/product_brand?post=38035"},{"taxonomy":"product_cat","embeddable":true,"href":"https:\/\/deposoft.com.ar\/es\/wp-json\/wp\/v2\/product_cat?post=38035"},{"taxonomy":"product_tag","embeddable":true,"href":"https:\/\/deposoft.com.ar\/es\/wp-json\/wp\/v2\/product_tag?post=38035"}],"curies":[{"name":"wp","href":"https:\/\/api.w.org\/{rel}","templated":true}]}}