{"id":37989,"date":"2026-05-05T16:03:29","date_gmt":"2026-05-05T16:03:29","guid":{"rendered":"https:\/\/deposoft.com.ar\/es\/?post_type=product&#038;p=37989"},"modified":"2026-05-06T11:13:27","modified_gmt":"2026-05-06T11:13:27","slug":"ofensiva-con-inicio-pick-and-roll-sobre-el-4-tirador-cuernos","status":"publish","type":"product","link":"https:\/\/deposoft.com.ar\/es\/producto\/ofensiva-con-inicio-pick-and-roll-sobre-el-4-tirador-cuernos\/","title":{"rendered":"Ofensiva con inicio pick and roll sobre el 4 tirador &#8220;cuernos&#8221;"},"content":{"rendered":"<p>En este m\u00f3dulo Neto va a desarrollar su ofensiva \u201ccuernos\u201d, para esto es clave el desarrollo de la t\u00e9cnica individual y la ejecuci\u00f3n t\u00e1ctica.<\/p>\n<p>En su ofensiva busca atacar el pick and roll del lado del 4 porque este suele ser tirador y limita las ayudas defensivas.<\/p>\n<p>El b\u00e1squet\u00a0 es una batalla de espacios y el \u00e9xito de los sistemas dependen de la ocupaci\u00f3n de estos. El entrenador y los jugadores deben unificar criterios y saber para que y quien se juega cada sistema. Una alternativa que utiliza es filmar los entrenos para mostr\u00e1rselos a sus jugadores y corregir los detalles t\u00e9cnico\/t\u00e1cticos.<\/p>\n<p>El rol del entrenador es clave para conseguir que sus jugadores consigan el habito de obedecerlo y de esta manera poder mejorar al equipo y a cada uno de sus jugadores. \u201cLo mas importante no es tener el conocimiento, sino saber transmitirlo\u201d.<br \/>\nNeto muestra driles de 4&#215;0 donde parte su sistema y enfatiza en determinadas situaciones que quiere trabajar. Luego pasa al 5&#215;0 mostrando todas las variantes del mismo.<br \/>\nPara finalizar juega en media cancha 5&#215;5 analizando y dando respuestas a cada situaci\u00f3n que pueda proponer la defensa y dejando la idea de que cada vez que se juega un pick and roll el receptor de primer pase luego de recibir deber\u00e1 dar otro extra.<\/p>\n","protected":false},"excerpt":{"rendered":"<p>res\u00famenes libres de conferencias de Jos\u00e9 Neto en deposoft.com.ar<br \/>\n[flipbook pdf=\"https:\/\/deposoft.com.ar\/es\/wp-content\/uploads\/2026\/05\/neto-todos.pdf\"]<\/p>\n","protected":false},"featured_media":37983,"comment_status":"open","ping_status":"closed","template":"","meta":{"site-sidebar-layout":"default","site-content-layout":"","ast-site-content-layout":"default","site-content-style":"default","site-sidebar-style":"default","ast-global-header-display":"","ast-banner-title-visibility":"","ast-main-header-display":"","ast-hfb-above-header-display":"","ast-hfb-below-header-display":"","ast-hfb-mobile-header-display":"","site-post-title":"","ast-breadcrumbs-content":"","ast-featured-img":"","footer-sml-layout":"","ast-disable-related-posts":"","theme-transparent-header-meta":"default","adv-header-id-meta":"","stick-header-meta":"","header-above-stick-meta":"","header-main-stick-meta":"","header-below-stick-meta":"","astra-migrate-meta-layouts":"set","ast-page-background-enabled":"default","ast-page-background-meta":{"desktop":{"background-color":"","background-image":"","background-repeat":"repeat","background-position":"center center","background-size":"auto","background-attachment":"scroll","background-type":"","background-media":"","overlay-type":"","overlay-color":"","overlay-opacity":"","overlay-gradient":""},"tablet":{"background-color":"","background-image":"","background-repeat":"repeat","background-position":"center center","background-size":"auto","background-attachment":"scroll","background-type":"","background-media":"","overlay-type":"","overlay-color":"","overlay-opacity":"","overlay-gradient":""},"mobile":{"background-color":"","background-image":"","background-repeat":"repeat","background-position":"center center","background-size":"auto","background-attachment":"scroll","background-type":"","background-media":"","overlay-type":"","overlay-color":"","overlay-opacity":"","overlay-gradient":""}},"ast-content-background-meta":{"desktop":{"background-color":"var(--ast-global-color-5)","background-image":"","background-repeat":"repeat","background-position":"center center","background-size":"auto","background-attachment":"scroll","background-type":"","background-media":"","overlay-type":"","overlay-color":"","overlay-opacity":"","overlay-gradient":""},"tablet":{"background-color":"var(--ast-global-color-5)","background-image":"","background-repeat":"repeat","background-position":"center center","background-size":"auto","background-attachment":"scroll","background-type":"","background-media":"","overlay-type":"","overlay-color":"","overlay-opacity":"","overlay-gradient":""},"mobile":{"background-color":"var(--ast-global-color-5)","background-image":"","background-repeat":"repeat","background-position":"center center","background-size":"auto","background-attachment":"scroll","background-type":"","background-media":"","overlay-type":"","overlay-color":"","overlay-opacity":"","overlay-gradient":""}},"iawp_total_views":4},"product_brand":[],"product_cat":[113],"product_tag":[371],"class_list":{"0":"post-37989","1":"product","2":"type-product","3":"status-publish","4":"has-post-thumbnail","6":"product_cat-alto-rendimiento","7":"product_tag-jose-neto","8":"desktop-align-left","9":"tablet-align-left","10":"mobile-align-left","12":"first","13":"instock","14":"shipping-taxable","15":"purchasable","16":"product-type-simple"},"_links":{"self":[{"href":"https:\/\/deposoft.com.ar\/es\/wp-json\/wp\/v2\/product\/37989","targetHints":{"allow":["GET"]}}],"collection":[{"href":"https:\/\/deposoft.com.ar\/es\/wp-json\/wp\/v2\/product"}],"about":[{"href":"https:\/\/deposoft.com.ar\/es\/wp-json\/wp\/v2\/types\/product"}],"replies":[{"embeddable":true,"href":"https:\/\/deposoft.com.ar\/es\/wp-json\/wp\/v2\/comments?post=37989"}],"version-history":[{"count":4,"href":"https:\/\/deposoft.com.ar\/es\/wp-json\/wp\/v2\/product\/37989\/revisions"}],"predecessor-version":[{"id":38022,"href":"https:\/\/deposoft.com.ar\/es\/wp-json\/wp\/v2\/product\/37989\/revisions\/38022"}],"wp:featuredmedia":[{"embeddable":true,"href":"https:\/\/deposoft.com.ar\/es\/wp-json\/wp\/v2\/media\/37983"}],"wp:attachment":[{"href":"https:\/\/deposoft.com.ar\/es\/wp-json\/wp\/v2\/media?parent=37989"}],"wp:term":[{"taxonomy":"product_brand","embeddable":true,"href":"https:\/\/deposoft.com.ar\/es\/wp-json\/wp\/v2\/product_brand?post=37989"},{"taxonomy":"product_cat","embeddable":true,"href":"https:\/\/deposoft.com.ar\/es\/wp-json\/wp\/v2\/product_cat?post=37989"},{"taxonomy":"product_tag","embeddable":true,"href":"https:\/\/deposoft.com.ar\/es\/wp-json\/wp\/v2\/product_tag?post=37989"}],"curies":[{"name":"wp","href":"https:\/\/api.w.org\/{rel}","templated":true}]}}