{"id":37979,"date":"2026-05-05T15:35:54","date_gmt":"2026-05-05T15:35:54","guid":{"rendered":"https:\/\/deposoft.com.ar\/es\/?post_type=product&#038;p=37979"},"modified":"2026-05-06T11:13:21","modified_gmt":"2026-05-06T11:13:21","slug":"aprovechamiento-tactico-de-espacios-y-angulos","status":"publish","type":"product","link":"https:\/\/deposoft.com.ar\/es\/producto\/aprovechamiento-tactico-de-espacios-y-angulos\/","title":{"rendered":"Aprovechamiento t\u00e1ctico de espacios y \u00e1ngulos"},"content":{"rendered":"<p>El entrenador muestra uno de sus sistemas ofensivos en media cancha en 5&#215;0.<br \/>\nNeto cree en la agresividad de los jugadores cuando realizan ejercicios sin defensa y de esto depende el \u00e9xito cuando lo hacen con oposici\u00f3n.<br \/>\nEl espacio y tiempo son fundamentales para encontrar ventajas dentro del juego.<br \/>\nPara Neto los errores son parte del proceso, pero un jugador no debe cometer siempre los mismos errores.<br \/>\nUn equipo debe tener respuestas para cada situaci\u00f3n que pueda llegar a plantear la defensa.<br \/>\nEl modulo continua con situaciones de 5&#215;5 que culminan cuando la defensa recupera la posesi\u00f3n o se convierte una canasta. Neto pone especial \u00e9nfasis en los espacios y en los \u00e1ngulos donde se realizan los bloqueos ya que estos son los que nos ponen en acciones de ventaja. Para terminar\u00a0 habla de la importancia de capacitarse pero que esto no es todo ya que es imprescindible saber transmitir los conocimientos<\/p>\n","protected":false},"excerpt":{"rendered":"<p>res\u00famenes libres de conferencias de Jos\u00e9 Neto en deposoft.com.ar<br \/>\n[flipbook pdf=\"https:\/\/deposoft.com.ar\/es\/wp-content\/uploads\/2026\/05\/neto-todos.pdf\"]<\/p>\n","protected":false},"featured_media":37978,"comment_status":"open","ping_status":"closed","template":"","meta":{"site-sidebar-layout":"default","site-content-layout":"","ast-site-content-layout":"default","site-content-style":"default","site-sidebar-style":"default","ast-global-header-display":"","ast-banner-title-visibility":"","ast-main-header-display":"","ast-hfb-above-header-display":"","ast-hfb-below-header-display":"","ast-hfb-mobile-header-display":"","site-post-title":"","ast-breadcrumbs-content":"","ast-featured-img":"","footer-sml-layout":"","ast-disable-related-posts":"","theme-transparent-header-meta":"default","adv-header-id-meta":"","stick-header-meta":"","header-above-stick-meta":"","header-main-stick-meta":"","header-below-stick-meta":"","astra-migrate-meta-layouts":"set","ast-page-background-enabled":"default","ast-page-background-meta":{"desktop":{"background-color":"","background-image":"","background-repeat":"repeat","background-position":"center center","background-size":"auto","background-attachment":"scroll","background-type":"","background-media":"","overlay-type":"","overlay-color":"","overlay-opacity":"","overlay-gradient":""},"tablet":{"background-color":"","background-image":"","background-repeat":"repeat","background-position":"center center","background-size":"auto","background-attachment":"scroll","background-type":"","background-media":"","overlay-type":"","overlay-color":"","overlay-opacity":"","overlay-gradient":""},"mobile":{"background-color":"","background-image":"","background-repeat":"repeat","background-position":"center center","background-size":"auto","background-attachment":"scroll","background-type":"","background-media":"","overlay-type":"","overlay-color":"","overlay-opacity":"","overlay-gradient":""}},"ast-content-background-meta":{"desktop":{"background-color":"var(--ast-global-color-5)","background-image":"","background-repeat":"repeat","background-position":"center center","background-size":"auto","background-attachment":"scroll","background-type":"","background-media":"","overlay-type":"","overlay-color":"","overlay-opacity":"","overlay-gradient":""},"tablet":{"background-color":"var(--ast-global-color-5)","background-image":"","background-repeat":"repeat","background-position":"center center","background-size":"auto","background-attachment":"scroll","background-type":"","background-media":"","overlay-type":"","overlay-color":"","overlay-opacity":"","overlay-gradient":""},"mobile":{"background-color":"var(--ast-global-color-5)","background-image":"","background-repeat":"repeat","background-position":"center center","background-size":"auto","background-attachment":"scroll","background-type":"","background-media":"","overlay-type":"","overlay-color":"","overlay-opacity":"","overlay-gradient":""}},"iawp_total_views":2},"product_brand":[],"product_cat":[113],"product_tag":[371],"class_list":{"0":"post-37979","1":"product","2":"type-product","3":"status-publish","4":"has-post-thumbnail","6":"product_cat-alto-rendimiento","7":"product_tag-jose-neto","8":"desktop-align-left","9":"tablet-align-left","10":"mobile-align-left","12":"first","13":"instock","14":"virtual","15":"sold-individually","16":"purchasable","17":"product-type-course"},"_links":{"self":[{"href":"https:\/\/deposoft.com.ar\/es\/wp-json\/wp\/v2\/product\/37979","targetHints":{"allow":["GET"]}}],"collection":[{"href":"https:\/\/deposoft.com.ar\/es\/wp-json\/wp\/v2\/product"}],"about":[{"href":"https:\/\/deposoft.com.ar\/es\/wp-json\/wp\/v2\/types\/product"}],"replies":[{"embeddable":true,"href":"https:\/\/deposoft.com.ar\/es\/wp-json\/wp\/v2\/comments?post=37979"}],"version-history":[{"count":3,"href":"https:\/\/deposoft.com.ar\/es\/wp-json\/wp\/v2\/product\/37979\/revisions"}],"predecessor-version":[{"id":37981,"href":"https:\/\/deposoft.com.ar\/es\/wp-json\/wp\/v2\/product\/37979\/revisions\/37981"}],"wp:featuredmedia":[{"embeddable":true,"href":"https:\/\/deposoft.com.ar\/es\/wp-json\/wp\/v2\/media\/37978"}],"wp:attachment":[{"href":"https:\/\/deposoft.com.ar\/es\/wp-json\/wp\/v2\/media?parent=37979"}],"wp:term":[{"taxonomy":"product_brand","embeddable":true,"href":"https:\/\/deposoft.com.ar\/es\/wp-json\/wp\/v2\/product_brand?post=37979"},{"taxonomy":"product_cat","embeddable":true,"href":"https:\/\/deposoft.com.ar\/es\/wp-json\/wp\/v2\/product_cat?post=37979"},{"taxonomy":"product_tag","embeddable":true,"href":"https:\/\/deposoft.com.ar\/es\/wp-json\/wp\/v2\/product_tag?post=37979"}],"curies":[{"name":"wp","href":"https:\/\/api.w.org\/{rel}","templated":true}]}}