{"id":37887,"date":"2026-04-15T16:12:01","date_gmt":"2026-04-15T16:12:01","guid":{"rendered":"https:\/\/deposoft.com.ar\/es\/?post_type=product&#038;p=37887"},"modified":"2026-04-15T16:12:01","modified_gmt":"2026-04-15T16:12:01","slug":"ataque-a-defensas-combinadas","status":"publish","type":"product","link":"https:\/\/deposoft.com.ar\/es\/producto\/ataque-a-defensas-combinadas\/","title":{"rendered":"Ataque a defensas combinadas"},"content":{"rendered":"<p>Refiere el profesor Pablo L\u00f3pez, que existe un juego mental cuando hablamos de defensas combinadas porque el otro equipo quiere que cambiemos el terminal de la jugada.<br \/>\nNuestros jugadores deben estar preparados tanto como para asistir as\u00ed tambi\u00e9n como para realizar un bloqueo o simplemente poder terminar la jugada. El jugador tiene que tener claro que es lo que nosotros pretendemos ante las dificultades que nos puede presentar el rival.<br \/>\nLo importante es que todos debemos saber qu\u00e9 es lo que hay que hacer cuando se nos presentan las defensas zonales. Por eso es tan importante el juego mental de nuestro equipo, para no darle de comer al contrario.<br \/>\nPablo comenta que hay principios para atacar la zona y tambi\u00e9n hay principios para atacar el hombre a hombre y siempre pero siempre tenemos que tener por lo menos una jugada ante las diferentes propuestas que nos pueda a llegar a presentar la zona.<br \/>\nComo consejo debido a que funciona f\u00e1cil a veces, contra triangulo resulta efectivo las jugadas de hombre a hombre, sobre todo cortinas indirectas directas y contra cuadrado las cortinas de zona.<br \/>\nPara entenderlo aun m\u00e1s el profesor plantea unos ejercicios en cancha de ataque contra una zona triangulo utilizando un 3 vs. 3 aplicando el pasar, cortar y reemplazar buscando la diferencia f\u00edsica y el mejor momento ya se para lanzar o jugar un 1 vs. 1. Hay que saber leer el espacio y cortar.<br \/>\nEl siguiente ejercicio lo hace con 4 vs. 4 defendiendo cuadrado, indica llevar la pelota a la esquina y hace hincapi\u00e9 en los cortes por detr\u00e1s. El busca ventaja en el medio, donde m\u00e1s duele.<br \/>\nCuando hablamos de hombre a hombre Pablo comenta que para poder defender todo se entrena, es por eso que ahora plantea un 5 vs. 5 y aplica cortinas indirectas m\u00e1s directas consecutivas siendo que el \u00e1ngulo de la misma es la l\u00ednea de fondo. Buscamos que se quede un perimetral con un interno.<br \/>\nSigue avanzando y plantea una defensa llamada T y 1, donde el objetivo es cortinar al del medio de la zona para que se pueda pasar por el fondo.<br \/>\nHAY QUE LEER DONDE ESTA LA VENTAJA\u2026<br \/>\nLos principios que el profesor utiliza son los mismos pero siempre puede agregar variantes con hasta tres posible opciones de lanzamiento o juego en su defecto.<br \/>\nPara terminar el bloque termina con la opci\u00f3n de diamante, siempre contra zona combinada. El objetivo es jugar para el que est\u00e1 arriba siendo que la primera opci\u00f3n hacia el aro la elige el, el que est\u00e1 arriba del diamante mientras que el resto debe saber de qu\u00e9 manera puede llegar a ejecutar.<br \/>\nPRIMER PRINCIPIO CORTINA DIRECTA<br \/>\nEl jugador que empieza arriba tiene que tocar el bal\u00f3n siempre.<br \/>\nPor \u00faltimo manifiesta que hay que invertir los roles para una mejor resoluci\u00f3n del ataque, d\u00e1ndole siempre las herramientas t\u00e1cticas.<br \/>\nNuestro agradecimiento a Claudio Medica por este resumen libre<\/p>\n","protected":false},"excerpt":{"rendered":"<p>Refiere el profesor Pablo L\u00f3pez, que existe un juego mental cuando hablamos de defensas combinadas porque el otro equipo quiere que cambiemos el terminal de la jugada. Nuestros jugadores deben estar preparados tanto como para asistir as\u00ed tambi\u00e9n como para realizar un bloqueo o simplemente poder terminar la jugada. El jugador tiene que tener claro [&hellip;]<\/p>\n","protected":false},"featured_media":34484,"comment_status":"open","ping_status":"closed","template":"","meta":{"site-sidebar-layout":"default","site-content-layout":"","ast-site-content-layout":"default","site-content-style":"default","site-sidebar-style":"default","ast-global-header-display":"","ast-banner-title-visibility":"","ast-main-header-display":"","ast-hfb-above-header-display":"","ast-hfb-below-header-display":"","ast-hfb-mobile-header-display":"","site-post-title":"","ast-breadcrumbs-content":"","ast-featured-img":"","footer-sml-layout":"","ast-disable-related-posts":"","theme-transparent-header-meta":"default","adv-header-id-meta":"","stick-header-meta":"","header-above-stick-meta":"","header-main-stick-meta":"","header-below-stick-meta":"","astra-migrate-meta-layouts":"set","ast-page-background-enabled":"default","ast-page-background-meta":{"desktop":{"background-color":"","background-image":"","background-repeat":"repeat","background-position":"center center","background-size":"auto","background-attachment":"scroll","background-type":"","background-media":"","overlay-type":"","overlay-color":"","overlay-opacity":"","overlay-gradient":""},"tablet":{"background-color":"","background-image":"","background-repeat":"repeat","background-position":"center center","background-size":"auto","background-attachment":"scroll","background-type":"","background-media":"","overlay-type":"","overlay-color":"","overlay-opacity":"","overlay-gradient":""},"mobile":{"background-color":"","background-image":"","background-repeat":"repeat","background-position":"center center","background-size":"auto","background-attachment":"scroll","background-type":"","background-media":"","overlay-type":"","overlay-color":"","overlay-opacity":"","overlay-gradient":""}},"ast-content-background-meta":{"desktop":{"background-color":"var(--ast-global-color-5)","background-image":"","background-repeat":"repeat","background-position":"center center","background-size":"auto","background-attachment":"scroll","background-type":"","background-media":"","overlay-type":"","overlay-color":"","overlay-opacity":"","overlay-gradient":""},"tablet":{"background-color":"var(--ast-global-color-5)","background-image":"","background-repeat":"repeat","background-position":"center center","background-size":"auto","background-attachment":"scroll","background-type":"","background-media":"","overlay-type":"","overlay-color":"","overlay-opacity":"","overlay-gradient":""},"mobile":{"background-color":"var(--ast-global-color-5)","background-image":"","background-repeat":"repeat","background-position":"center center","background-size":"auto","background-attachment":"scroll","background-type":"","background-media":"","overlay-type":"","overlay-color":"","overlay-opacity":"","overlay-gradient":""}},"iawp_total_views":0},"product_brand":[],"product_cat":[113],"product_tag":[378],"class_list":{"0":"post-37887","1":"product","2":"type-product","3":"status-publish","4":"has-post-thumbnail","6":"product_cat-alto-rendimiento","7":"product_tag-pablo-lopez","8":"desktop-align-left","9":"tablet-align-left","10":"mobile-align-left","12":"first","13":"instock","14":"virtual","15":"sold-individually","16":"purchasable","17":"product-type-course"},"_links":{"self":[{"href":"https:\/\/deposoft.com.ar\/es\/wp-json\/wp\/v2\/product\/37887","targetHints":{"allow":["GET"]}}],"collection":[{"href":"https:\/\/deposoft.com.ar\/es\/wp-json\/wp\/v2\/product"}],"about":[{"href":"https:\/\/deposoft.com.ar\/es\/wp-json\/wp\/v2\/types\/product"}],"replies":[{"embeddable":true,"href":"https:\/\/deposoft.com.ar\/es\/wp-json\/wp\/v2\/comments?post=37887"}],"version-history":[{"count":1,"href":"https:\/\/deposoft.com.ar\/es\/wp-json\/wp\/v2\/product\/37887\/revisions"}],"predecessor-version":[{"id":37888,"href":"https:\/\/deposoft.com.ar\/es\/wp-json\/wp\/v2\/product\/37887\/revisions\/37888"}],"wp:featuredmedia":[{"embeddable":true,"href":"https:\/\/deposoft.com.ar\/es\/wp-json\/wp\/v2\/media\/34484"}],"wp:attachment":[{"href":"https:\/\/deposoft.com.ar\/es\/wp-json\/wp\/v2\/media?parent=37887"}],"wp:term":[{"taxonomy":"product_brand","embeddable":true,"href":"https:\/\/deposoft.com.ar\/es\/wp-json\/wp\/v2\/product_brand?post=37887"},{"taxonomy":"product_cat","embeddable":true,"href":"https:\/\/deposoft.com.ar\/es\/wp-json\/wp\/v2\/product_cat?post=37887"},{"taxonomy":"product_tag","embeddable":true,"href":"https:\/\/deposoft.com.ar\/es\/wp-json\/wp\/v2\/product_tag?post=37887"}],"curies":[{"name":"wp","href":"https:\/\/api.w.org\/{rel}","templated":true}]}}