{"id":37863,"date":"2026-04-11T21:47:56","date_gmt":"2026-04-11T21:47:56","guid":{"rendered":"https:\/\/deposoft.com.ar\/es\/?post_type=product&#038;p=37863"},"modified":"2026-04-11T21:47:56","modified_gmt":"2026-04-11T21:47:56","slug":"construccion-de-la-defensa-de-equipo","status":"publish","type":"product","link":"https:\/\/deposoft.com.ar\/es\/producto\/construccion-de-la-defensa-de-equipo\/","title":{"rendered":"Construcci\u00f3n de la defensa de equipo"},"content":{"rendered":"<p>El entrenador destaca de la importancia que tiene ense\u00f1arle a pensar y a escuchar al jugador para que este se pueda enfocar en los detalles que son los que hacen la diferencia.<br \/>\nPara Miguel todos los jugadores deben pasar por todas las posiciones y cada dril que se propone debe ser acorde al equipo.<br \/>\nUna de las claves a la hora de hablar de la defensa es que cuando es contra un jugador que posee el bal\u00f3n esta debe ser deslizando, si por el contrario es vs. un jugador sin pelota se debe realizar una<br \/>\ncarrera.<br \/>\nUn buen defensor nunca debe perder de vista al bal\u00f3n y debemos trabajar para que el jugador adquiera este habito.<br \/>\nVolcan Sanchez realizara driles para trabajar las l\u00edneas de pase y el triangulo defensivo. Tambi\u00e9n trabajara los desplazamientos defensivos hacia atr\u00e1s y adelante.<br \/>\nPara finalizar el clinic trabajara situaciones de close out defensivo.<br \/>\nMiguel cierra con esta frase<br \/>\n\u201cEl jugador empieza a creer en el entrenador a partir de las soluciones que le da\u201d.<br \/>\nnuestro agradecimiento a Emiliano Arce por este resumen libre<\/p>\n","protected":false},"excerpt":{"rendered":"<p>El entrenador destaca de la importancia que tiene ense\u00f1arle a pensar y a escuchar al jugador para que este se pueda enfocar en los detalles que son los que hacen la diferencia. Para Miguel todos los jugadores deben pasar por todas las posiciones y cada dril que se propone debe ser acorde al equipo. Una [&hellip;]<\/p>\n","protected":false},"featured_media":37861,"comment_status":"open","ping_status":"closed","template":"","meta":{"site-sidebar-layout":"default","site-content-layout":"","ast-site-content-layout":"default","site-content-style":"default","site-sidebar-style":"default","ast-global-header-display":"","ast-banner-title-visibility":"","ast-main-header-display":"","ast-hfb-above-header-display":"","ast-hfb-below-header-display":"","ast-hfb-mobile-header-display":"","site-post-title":"","ast-breadcrumbs-content":"","ast-featured-img":"","footer-sml-layout":"","ast-disable-related-posts":"","theme-transparent-header-meta":"default","adv-header-id-meta":"","stick-header-meta":"","header-above-stick-meta":"","header-main-stick-meta":"","header-below-stick-meta":"","astra-migrate-meta-layouts":"set","ast-page-background-enabled":"default","ast-page-background-meta":{"desktop":{"background-color":"","background-image":"","background-repeat":"repeat","background-position":"center center","background-size":"auto","background-attachment":"scroll","background-type":"","background-media":"","overlay-type":"","overlay-color":"","overlay-opacity":"","overlay-gradient":""},"tablet":{"background-color":"","background-image":"","background-repeat":"repeat","background-position":"center center","background-size":"auto","background-attachment":"scroll","background-type":"","background-media":"","overlay-type":"","overlay-color":"","overlay-opacity":"","overlay-gradient":""},"mobile":{"background-color":"","background-image":"","background-repeat":"repeat","background-position":"center center","background-size":"auto","background-attachment":"scroll","background-type":"","background-media":"","overlay-type":"","overlay-color":"","overlay-opacity":"","overlay-gradient":""}},"ast-content-background-meta":{"desktop":{"background-color":"var(--ast-global-color-5)","background-image":"","background-repeat":"repeat","background-position":"center center","background-size":"auto","background-attachment":"scroll","background-type":"","background-media":"","overlay-type":"","overlay-color":"","overlay-opacity":"","overlay-gradient":""},"tablet":{"background-color":"var(--ast-global-color-5)","background-image":"","background-repeat":"repeat","background-position":"center center","background-size":"auto","background-attachment":"scroll","background-type":"","background-media":"","overlay-type":"","overlay-color":"","overlay-opacity":"","overlay-gradient":""},"mobile":{"background-color":"var(--ast-global-color-5)","background-image":"","background-repeat":"repeat","background-position":"center center","background-size":"auto","background-attachment":"scroll","background-type":"","background-media":"","overlay-type":"","overlay-color":"","overlay-opacity":"","overlay-gradient":""}},"iawp_total_views":2},"product_brand":[],"product_cat":[113],"product_tag":[],"class_list":{"0":"post-37863","1":"product","2":"type-product","3":"status-publish","4":"has-post-thumbnail","6":"product_cat-alto-rendimiento","7":"desktop-align-left","8":"tablet-align-left","9":"mobile-align-left","11":"first","12":"instock","13":"virtual","14":"sold-individually","15":"purchasable","16":"product-type-course"},"_links":{"self":[{"href":"https:\/\/deposoft.com.ar\/es\/wp-json\/wp\/v2\/product\/37863","targetHints":{"allow":["GET"]}}],"collection":[{"href":"https:\/\/deposoft.com.ar\/es\/wp-json\/wp\/v2\/product"}],"about":[{"href":"https:\/\/deposoft.com.ar\/es\/wp-json\/wp\/v2\/types\/product"}],"replies":[{"embeddable":true,"href":"https:\/\/deposoft.com.ar\/es\/wp-json\/wp\/v2\/comments?post=37863"}],"version-history":[{"count":1,"href":"https:\/\/deposoft.com.ar\/es\/wp-json\/wp\/v2\/product\/37863\/revisions"}],"predecessor-version":[{"id":37864,"href":"https:\/\/deposoft.com.ar\/es\/wp-json\/wp\/v2\/product\/37863\/revisions\/37864"}],"wp:featuredmedia":[{"embeddable":true,"href":"https:\/\/deposoft.com.ar\/es\/wp-json\/wp\/v2\/media\/37861"}],"wp:attachment":[{"href":"https:\/\/deposoft.com.ar\/es\/wp-json\/wp\/v2\/media?parent=37863"}],"wp:term":[{"taxonomy":"product_brand","embeddable":true,"href":"https:\/\/deposoft.com.ar\/es\/wp-json\/wp\/v2\/product_brand?post=37863"},{"taxonomy":"product_cat","embeddable":true,"href":"https:\/\/deposoft.com.ar\/es\/wp-json\/wp\/v2\/product_cat?post=37863"},{"taxonomy":"product_tag","embeddable":true,"href":"https:\/\/deposoft.com.ar\/es\/wp-json\/wp\/v2\/product_tag?post=37863"}],"curies":[{"name":"wp","href":"https:\/\/api.w.org\/{rel}","templated":true}]}}