{"id":36639,"date":"2026-03-12T20:38:20","date_gmt":"2026-03-12T20:38:20","guid":{"rendered":"https:\/\/deposoft.com.ar\/es\/?post_type=product&#038;p=36639"},"modified":"2026-03-30T20:31:22","modified_gmt":"2026-03-30T20:31:22","slug":"tecnica-individual-aplicada-a-la-tactica-colectiva","status":"publish","type":"product","link":"https:\/\/deposoft.com.ar\/es\/producto\/tecnica-individual-aplicada-a-la-tactica-colectiva\/","title":{"rendered":"T\u00e9cnica individual aplicada a la t\u00e1ctica colectiva"},"content":{"rendered":"<p>El entrenador y formador FIBA comienza la charla diciendo que el pase es el fundamento mas importante y que para cada acci\u00f3n corresponde uno diferente.<br \/>\nTambi\u00e9n habla de la defensa y dice que es esta la que hace evolucionar al juego a partir del crecimiento f\u00edsico de los jugadores siendo los espacios cada vez mas importantes para jugar en ataque.<br \/>\nEn sus equipos Volcan intenta mejorar la toma de decisi\u00f3n del jugador sin que este retenga el bal\u00f3n. Cuando este recibe debe saber que hacer \u201cLeer y reaccionar\u201d es una de las claves para el desarrollo del jugador.<br \/>\nLos entrenadores deben preocuparse por ense\u00f1ar y es tan importante el \u201cque\u201d como tambi\u00e9n el \u201ccomo\u201d se ense\u00f1a.<br \/>\nUna de las claves a la hora de ense\u00f1ar a tomar decisiones es sacar la palabra \u201cbien\u201d o \u201cmal\u201d del vocabulario y explicar el porque en todas las intervenciones.<br \/>\nSanchez inicia el clinic con ejercicios donde trabajara la t\u00e9cnica individual en diferentes situaciones t\u00e1cticas sin defensa. Pondr\u00e1 \u00e9nfasis en la ejecuci\u00f3n del movimiento y en la correcci\u00f3n de errores t\u00e9cnicos.<br \/>\n<strong>Para Volcan el basquet se juega con la cabeza, el coraz\u00f3n y las piernas y se maneja la pelota con las manos.<\/strong><br \/>\nEs importante que los jugadores hagan todo en todas las posiciones. Estos ejercicios ayudan a la lectura, mejorando la convicci\u00f3n de cual es el comportamiento correcto con bal\u00f3n y sin bal\u00f3n.<\/p>\n","protected":false},"excerpt":{"rendered":"<p>En sus equipos Volc\u00e1n intenta mejorar la toma de decisi\u00f3n del jugador sin que este retenga el bal\u00f3n. Cuando este recibe debe saber que hacer \u201cLeer y reaccionar\u201d es una de las claves para el desarrollo del jugador, los entrenadores deben preocuparse por ense\u00f1ar y es tan importante el \u201cque\u201d como tambi\u00e9n el \u201ccomo\u201d se ense\u00f1a, y explicar el porque en todas las intervenciones.<br \/>\nEn este basquet moderno, el uso del bote y el pase son fundamentales, abusar del primero o realizar incorrectamente cada tipo de pase, desmotivan y generan incomodidad y falta de confianza en lo que se puede producir como equipo.<\/p>\n<p>&nbsp;<\/p>\n","protected":false},"featured_media":36633,"comment_status":"open","ping_status":"closed","template":"","meta":{"site-sidebar-layout":"default","site-content-layout":"","ast-site-content-layout":"default","site-content-style":"default","site-sidebar-style":"default","ast-global-header-display":"","ast-banner-title-visibility":"","ast-main-header-display":"","ast-hfb-above-header-display":"","ast-hfb-below-header-display":"","ast-hfb-mobile-header-display":"","site-post-title":"","ast-breadcrumbs-content":"","ast-featured-img":"","footer-sml-layout":"","ast-disable-related-posts":"","theme-transparent-header-meta":"default","adv-header-id-meta":"","stick-header-meta":"","header-above-stick-meta":"","header-main-stick-meta":"","header-below-stick-meta":"","astra-migrate-meta-layouts":"set","ast-page-background-enabled":"default","ast-page-background-meta":{"desktop":{"background-color":"","background-image":"","background-repeat":"repeat","background-position":"center center","background-size":"auto","background-attachment":"scroll","background-type":"","background-media":"","overlay-type":"","overlay-color":"","overlay-opacity":"","overlay-gradient":""},"tablet":{"background-color":"","background-image":"","background-repeat":"repeat","background-position":"center center","background-size":"auto","background-attachment":"scroll","background-type":"","background-media":"","overlay-type":"","overlay-color":"","overlay-opacity":"","overlay-gradient":""},"mobile":{"background-color":"","background-image":"","background-repeat":"repeat","background-position":"center center","background-size":"auto","background-attachment":"scroll","background-type":"","background-media":"","overlay-type":"","overlay-color":"","overlay-opacity":"","overlay-gradient":""}},"ast-content-background-meta":{"desktop":{"background-color":"var(--ast-global-color-5)","background-image":"","background-repeat":"repeat","background-position":"center center","background-size":"auto","background-attachment":"scroll","background-type":"","background-media":"","overlay-type":"","overlay-color":"","overlay-opacity":"","overlay-gradient":""},"tablet":{"background-color":"var(--ast-global-color-5)","background-image":"","background-repeat":"repeat","background-position":"center center","background-size":"auto","background-attachment":"scroll","background-type":"","background-media":"","overlay-type":"","overlay-color":"","overlay-opacity":"","overlay-gradient":""},"mobile":{"background-color":"var(--ast-global-color-5)","background-image":"","background-repeat":"repeat","background-position":"center center","background-size":"auto","background-attachment":"scroll","background-type":"","background-media":"","overlay-type":"","overlay-color":"","overlay-opacity":"","overlay-gradient":""}},"iawp_total_views":3},"product_brand":[],"product_cat":[111,113],"product_tag":[332],"class_list":{"0":"post-36639","1":"product","2":"type-product","3":"status-publish","4":"has-post-thumbnail","6":"product_cat-formativas","7":"product_cat-alto-rendimiento","8":"product_tag-miguel-volcan-sanchez","9":"desktop-align-left","10":"tablet-align-left","11":"mobile-align-left","13":"first","14":"instock","15":"virtual","16":"sold-individually","17":"purchasable","18":"product-type-course"},"_links":{"self":[{"href":"https:\/\/deposoft.com.ar\/es\/wp-json\/wp\/v2\/product\/36639","targetHints":{"allow":["GET"]}}],"collection":[{"href":"https:\/\/deposoft.com.ar\/es\/wp-json\/wp\/v2\/product"}],"about":[{"href":"https:\/\/deposoft.com.ar\/es\/wp-json\/wp\/v2\/types\/product"}],"replies":[{"embeddable":true,"href":"https:\/\/deposoft.com.ar\/es\/wp-json\/wp\/v2\/comments?post=36639"}],"version-history":[{"count":4,"href":"https:\/\/deposoft.com.ar\/es\/wp-json\/wp\/v2\/product\/36639\/revisions"}],"predecessor-version":[{"id":36763,"href":"https:\/\/deposoft.com.ar\/es\/wp-json\/wp\/v2\/product\/36639\/revisions\/36763"}],"wp:featuredmedia":[{"embeddable":true,"href":"https:\/\/deposoft.com.ar\/es\/wp-json\/wp\/v2\/media\/36633"}],"wp:attachment":[{"href":"https:\/\/deposoft.com.ar\/es\/wp-json\/wp\/v2\/media?parent=36639"}],"wp:term":[{"taxonomy":"product_brand","embeddable":true,"href":"https:\/\/deposoft.com.ar\/es\/wp-json\/wp\/v2\/product_brand?post=36639"},{"taxonomy":"product_cat","embeddable":true,"href":"https:\/\/deposoft.com.ar\/es\/wp-json\/wp\/v2\/product_cat?post=36639"},{"taxonomy":"product_tag","embeddable":true,"href":"https:\/\/deposoft.com.ar\/es\/wp-json\/wp\/v2\/product_tag?post=36639"}],"curies":[{"name":"wp","href":"https:\/\/api.w.org\/{rel}","templated":true}]}}