{"id":36618,"date":"2026-03-11T19:10:57","date_gmt":"2026-03-11T19:10:57","guid":{"rendered":"https:\/\/deposoft.com.ar\/es\/?post_type=product&#038;p=36618"},"modified":"2026-03-27T14:44:53","modified_gmt":"2026-03-27T14:44:53","slug":"bases-para-desarrollar-jugadores-y-orientarlos-al-alto-rendimiento","status":"publish","type":"product","link":"https:\/\/deposoft.com.ar\/es\/producto\/bases-para-desarrollar-jugadores-y-orientarlos-al-alto-rendimiento\/","title":{"rendered":"Bases para desarrollar jugadores y orientarlos al alto rendimiento"},"content":{"rendered":"<p>\u00bfCuales son los objetivos que persigue un entrenador, se centran solo en la competencia local? o en llegar a disputar copas internacionales o pueden ir mas lejos aun formando a jugadores para desempe\u00f1arse en las mejores ligas del mundo<\/p>\n<p>el contenido principal de esta disertaci\u00f3n se basa en<\/p>\n<p>* Desarrollo de jugadores j\u00f3venes (explotar su m\u00e1ximo potencial)<br \/>\n* Generar esfuerzo m\u00e1ximo individual, mas all\u00e1 del entorno<br \/>\n*3 etapas de los guardias en el juego ofensivo: Progresi\u00f3n, elaboraci\u00f3n y terminaci\u00f3n<br \/>\n* Espacios, t\u00e9cnica y opciones de recepci\u00f3n del primer pase en el inicio de la progresi\u00f3n<br \/>\n* Empujar el bal\u00f3n, uso de esquinas y espacios. Recorridos largos para elaboraci\u00f3n de juego<br \/>\n* La importancia de jugar a 9 metros del aro para crear espacios<\/p>\n","protected":false},"excerpt":{"rendered":"<p>El entrenador bahiense da detalles y acciones para lograr una mejora integral del jugador, lectura de juego, y ejecuci\u00f3n, desde la recepci\u00f3n, en los pases, el spacing y recorridos y culminaciones.<\/p>\n","protected":false},"featured_media":36614,"comment_status":"open","ping_status":"closed","template":"","meta":{"site-sidebar-layout":"default","site-content-layout":"","ast-site-content-layout":"default","site-content-style":"default","site-sidebar-style":"default","ast-global-header-display":"","ast-banner-title-visibility":"","ast-main-header-display":"","ast-hfb-above-header-display":"","ast-hfb-below-header-display":"","ast-hfb-mobile-header-display":"","site-post-title":"","ast-breadcrumbs-content":"","ast-featured-img":"","footer-sml-layout":"","ast-disable-related-posts":"","theme-transparent-header-meta":"default","adv-header-id-meta":"","stick-header-meta":"","header-above-stick-meta":"","header-main-stick-meta":"","header-below-stick-meta":"","astra-migrate-meta-layouts":"set","ast-page-background-enabled":"default","ast-page-background-meta":{"desktop":{"background-color":"","background-image":"","background-repeat":"repeat","background-position":"center center","background-size":"auto","background-attachment":"scroll","background-type":"","background-media":"","overlay-type":"","overlay-color":"","overlay-opacity":"","overlay-gradient":""},"tablet":{"background-color":"","background-image":"","background-repeat":"repeat","background-position":"center center","background-size":"auto","background-attachment":"scroll","background-type":"","background-media":"","overlay-type":"","overlay-color":"","overlay-opacity":"","overlay-gradient":""},"mobile":{"background-color":"","background-image":"","background-repeat":"repeat","background-position":"center center","background-size":"auto","background-attachment":"scroll","background-type":"","background-media":"","overlay-type":"","overlay-color":"","overlay-opacity":"","overlay-gradient":""}},"ast-content-background-meta":{"desktop":{"background-color":"var(--ast-global-color-5)","background-image":"","background-repeat":"repeat","background-position":"center center","background-size":"auto","background-attachment":"scroll","background-type":"","background-media":"","overlay-type":"","overlay-color":"","overlay-opacity":"","overlay-gradient":""},"tablet":{"background-color":"var(--ast-global-color-5)","background-image":"","background-repeat":"repeat","background-position":"center center","background-size":"auto","background-attachment":"scroll","background-type":"","background-media":"","overlay-type":"","overlay-color":"","overlay-opacity":"","overlay-gradient":""},"mobile":{"background-color":"var(--ast-global-color-5)","background-image":"","background-repeat":"repeat","background-position":"center center","background-size":"auto","background-attachment":"scroll","background-type":"","background-media":"","overlay-type":"","overlay-color":"","overlay-opacity":"","overlay-gradient":""}},"iawp_total_views":3},"product_brand":[],"product_cat":[111],"product_tag":[425],"class_list":{"0":"post-36618","1":"product","2":"type-product","3":"status-publish","4":"has-post-thumbnail","6":"product_cat-formativas","7":"product_tag-sebastian-ginobili","8":"desktop-align-left","9":"tablet-align-left","10":"mobile-align-left","12":"first","13":"instock","14":"virtual","15":"sold-individually","16":"purchasable","17":"product-type-course"},"_links":{"self":[{"href":"https:\/\/deposoft.com.ar\/es\/wp-json\/wp\/v2\/product\/36618","targetHints":{"allow":["GET"]}}],"collection":[{"href":"https:\/\/deposoft.com.ar\/es\/wp-json\/wp\/v2\/product"}],"about":[{"href":"https:\/\/deposoft.com.ar\/es\/wp-json\/wp\/v2\/types\/product"}],"replies":[{"embeddable":true,"href":"https:\/\/deposoft.com.ar\/es\/wp-json\/wp\/v2\/comments?post=36618"}],"version-history":[{"count":1,"href":"https:\/\/deposoft.com.ar\/es\/wp-json\/wp\/v2\/product\/36618\/revisions"}],"predecessor-version":[{"id":36620,"href":"https:\/\/deposoft.com.ar\/es\/wp-json\/wp\/v2\/product\/36618\/revisions\/36620"}],"wp:featuredmedia":[{"embeddable":true,"href":"https:\/\/deposoft.com.ar\/es\/wp-json\/wp\/v2\/media\/36614"}],"wp:attachment":[{"href":"https:\/\/deposoft.com.ar\/es\/wp-json\/wp\/v2\/media?parent=36618"}],"wp:term":[{"taxonomy":"product_brand","embeddable":true,"href":"https:\/\/deposoft.com.ar\/es\/wp-json\/wp\/v2\/product_brand?post=36618"},{"taxonomy":"product_cat","embeddable":true,"href":"https:\/\/deposoft.com.ar\/es\/wp-json\/wp\/v2\/product_cat?post=36618"},{"taxonomy":"product_tag","embeddable":true,"href":"https:\/\/deposoft.com.ar\/es\/wp-json\/wp\/v2\/product_tag?post=36618"}],"curies":[{"name":"wp","href":"https:\/\/api.w.org\/{rel}","templated":true}]}}