{"id":36538,"date":"2026-02-18T11:05:44","date_gmt":"2026-02-18T11:05:44","guid":{"rendered":"https:\/\/deposoft.com.ar\/es\/?post_type=product&#038;p=36538"},"modified":"2026-03-31T16:06:56","modified_gmt":"2026-03-31T16:06:56","slug":"mentor-juan-andres-garcia","status":"publish","type":"product","link":"https:\/\/deposoft.com.ar\/es\/producto\/mentor-juan-andres-garcia\/","title":{"rendered":"Mentor Juan Andr\u00e9s Garc\u00eda"},"content":{"rendered":"<p>En esta mentor\u00eda, queremos que seas parte de un legado que no debe perderse y <strong>es el de la formaci\u00f3n del jugador<\/strong>, donde un gran entrenador pone toda su sapiencia, pasi\u00f3n y consideraci\u00f3n, construyendo un modelo de evoluci\u00f3n e incorporaci\u00f3n de conceptos que deben ser incorporados por sus dirigidos.<br \/>\nLa organizaci\u00f3n de sus entrenamientos y planificaci\u00f3n evitan la especializaci\u00f3n temprana, potencian la inteligencia motriz y garantizan que el entrenamiento sea adecuado a la edad evolutiva del jugador.<\/p>\n<p>Mejorar la defensa de tu\/s jugadores y el impacto positivo de tus equipos<\/p>\n","protected":false},"excerpt":{"rendered":"<p>Ver\u00e1s el impacto en tu equipo, al mejorar la defensa\u00a0 y aplicar la misma en distintas partes de la cancha y en momentos del juego, aumentando la comunicaci\u00f3n, la actitud y sobre todo la confianza en tus jugadores, volviendos\u00e9 un elemento importante\u00a0 en lo t\u00e9cnico &#8211; t\u00e1ctico.<\/p>\n","protected":false},"featured_media":36655,"comment_status":"open","ping_status":"closed","template":"","meta":{"site-sidebar-layout":"default","site-content-layout":"","ast-site-content-layout":"default","site-content-style":"default","site-sidebar-style":"default","ast-global-header-display":"","ast-banner-title-visibility":"","ast-main-header-display":"","ast-hfb-above-header-display":"","ast-hfb-below-header-display":"","ast-hfb-mobile-header-display":"","site-post-title":"","ast-breadcrumbs-content":"","ast-featured-img":"","footer-sml-layout":"","ast-disable-related-posts":"","theme-transparent-header-meta":"default","adv-header-id-meta":"","stick-header-meta":"","header-above-stick-meta":"","header-main-stick-meta":"","header-below-stick-meta":"","astra-migrate-meta-layouts":"set","ast-page-background-enabled":"default","ast-page-background-meta":{"desktop":{"background-color":"","background-image":"","background-repeat":"repeat","background-position":"center center","background-size":"auto","background-attachment":"scroll","background-type":"","background-media":"","overlay-type":"","overlay-color":"","overlay-opacity":"","overlay-gradient":""},"tablet":{"background-color":"","background-image":"","background-repeat":"repeat","background-position":"center center","background-size":"auto","background-attachment":"scroll","background-type":"","background-media":"","overlay-type":"","overlay-color":"","overlay-opacity":"","overlay-gradient":""},"mobile":{"background-color":"","background-image":"","background-repeat":"repeat","background-position":"center center","background-size":"auto","background-attachment":"scroll","background-type":"","background-media":"","overlay-type":"","overlay-color":"","overlay-opacity":"","overlay-gradient":""}},"ast-content-background-meta":{"desktop":{"background-color":"var(--ast-global-color-5)","background-image":"","background-repeat":"repeat","background-position":"center center","background-size":"auto","background-attachment":"scroll","background-type":"","background-media":"","overlay-type":"","overlay-color":"","overlay-opacity":"","overlay-gradient":""},"tablet":{"background-color":"var(--ast-global-color-5)","background-image":"","background-repeat":"repeat","background-position":"center center","background-size":"auto","background-attachment":"scroll","background-type":"","background-media":"","overlay-type":"","overlay-color":"","overlay-opacity":"","overlay-gradient":""},"mobile":{"background-color":"var(--ast-global-color-5)","background-image":"","background-repeat":"repeat","background-position":"center center","background-size":"auto","background-attachment":"scroll","background-type":"","background-media":"","overlay-type":"","overlay-color":"","overlay-opacity":"","overlay-gradient":""}},"iawp_total_views":0},"product_brand":[],"product_cat":[429],"product_tag":[],"class_list":{"0":"post-36538","1":"product","2":"type-product","3":"status-publish","4":"has-post-thumbnail","6":"product_cat-mentorias","7":"desktop-align-left","8":"tablet-align-left","9":"mobile-align-left","11":"first","12":"instock","13":"virtual","14":"sold-individually","15":"purchasable","16":"product-type-course"},"_links":{"self":[{"href":"https:\/\/deposoft.com.ar\/es\/wp-json\/wp\/v2\/product\/36538","targetHints":{"allow":["GET"]}}],"collection":[{"href":"https:\/\/deposoft.com.ar\/es\/wp-json\/wp\/v2\/product"}],"about":[{"href":"https:\/\/deposoft.com.ar\/es\/wp-json\/wp\/v2\/types\/product"}],"replies":[{"embeddable":true,"href":"https:\/\/deposoft.com.ar\/es\/wp-json\/wp\/v2\/comments?post=36538"}],"version-history":[{"count":2,"href":"https:\/\/deposoft.com.ar\/es\/wp-json\/wp\/v2\/product\/36538\/revisions"}],"predecessor-version":[{"id":36654,"href":"https:\/\/deposoft.com.ar\/es\/wp-json\/wp\/v2\/product\/36538\/revisions\/36654"}],"wp:featuredmedia":[{"embeddable":true,"href":"https:\/\/deposoft.com.ar\/es\/wp-json\/wp\/v2\/media\/36655"}],"wp:attachment":[{"href":"https:\/\/deposoft.com.ar\/es\/wp-json\/wp\/v2\/media?parent=36538"}],"wp:term":[{"taxonomy":"product_brand","embeddable":true,"href":"https:\/\/deposoft.com.ar\/es\/wp-json\/wp\/v2\/product_brand?post=36538"},{"taxonomy":"product_cat","embeddable":true,"href":"https:\/\/deposoft.com.ar\/es\/wp-json\/wp\/v2\/product_cat?post=36538"},{"taxonomy":"product_tag","embeddable":true,"href":"https:\/\/deposoft.com.ar\/es\/wp-json\/wp\/v2\/product_tag?post=36538"}],"curies":[{"name":"wp","href":"https:\/\/api.w.org\/{rel}","templated":true}]}}