{"id":36310,"date":"2026-01-15T22:50:10","date_gmt":"2026-01-15T22:50:10","guid":{"rendered":"https:\/\/deposoft.com.ar\/es\/?post_type=product&#038;p=36310"},"modified":"2026-01-16T00:57:26","modified_gmt":"2026-01-16T00:57:26","slug":"la-evolucion-de-un-pf","status":"publish","type":"product","link":"https:\/\/deposoft.com.ar\/es\/producto\/la-evolucion-de-un-pf\/","title":{"rendered":"La evoluci\u00f3n de un PF"},"content":{"rendered":"<p>enorme satisfaccion presentar esta capacitaci\u00f3n<\/p>\n","protected":false},"excerpt":{"rendered":"<p>Desde que conocimos a este PF Argentino, con una extensa trayectoria, nos llam\u00f3 la atenci\u00f3n su pasi\u00f3n por este deporte que practic\u00f3 y adem\u00e1s su deseo constante de mantenerse actualizado y aplicar los distintos saberes y conocimientos adquiridos en post de mejorar su tarea<\/p>\n<p>A lo largo de estas 16 capsulas en videos ver\u00e1s distintos aspectos que incumbe a su labor<\/p>\n<p>Entrenamiento y desarrollo de las capacidades. La Resistencia. &#8211; Trabajo de Campo.\u00a0 -Selecci\u00f3n Argentina U18.2008 &#8211; An\u00e1lisis y cuantificaci\u00f3n &#8211; Planificaciones &#8211; \u00a0Trabajos de campo con elementos b\u00e1sicos. &#8211; \u00a0Fuerza. M\u00e9todos funcional y estructural. Circuitos de fuerza. Ejercicios tren inferior. Ejercicios transferencia de fuerza o post gimnasio &#8211;<br \/>\n&#8221;Nuevas Tendencias del Entrenamiento Especifico en Basquetbol&#8221;. -Cuantificaci\u00f3n de las acciones en el B\u00e1squetbol. -An\u00e1lisis del Proceso de Formativas. -Entrenamiento Espec\u00edfico en Deportes de Conjunto. Lesiones en b\u00e1squetbol &#8211; \u00a0Ejercicios para el desarrollo de la coordinaci\u00f3n din\u00e1mica general y Fundamentos t\u00e9cnicos b\u00e1sicos del basquetbol &#8211; en conjunto con Casal\u00e1nguida &#8211; Trabajo de pies para el desarrollo defensivos junto a Construcci\u00f3n metodol\u00f3gica de una ofensiva libre por conceptos &#8211; en conjunto con Casal\u00e1nguida &#8211; \u00a0Tendencias actuales en el entrenamiento del basquetbol &#8211; \u00a0Entrada en calor basada en la postura de juego, equilibrio, lateralidad y apoyos con bal\u00f3n. &#8211; Lineamientos y perspectivas metodol\u00f3gicas para la formaci\u00f3n del ni\u00f1o en el b\u00e1squet moderno.\u00a0 Optimizaci\u00f3n de m\u00e9todos y medios aplicados por tiempo de sesiones y edades. &#8211; Ejercicios adaptados. La importancia de la Activaci\u00f3n de las entradas en calor para el desarrollo de los gestos t\u00e9cnicos en jugadores juveniles, estabilidad, trabajo de postura lateralidad apoyo y equilibrio fueron los ejes del trabajo de motricidad espec\u00edfica al juego. &#8211;\u00a0 Activaci\u00f3n para jugadores de formaci\u00f3n 16 a 18 a\u00f1os; postura, equilibrio, lateralidad y apoyo con participaci\u00f3n de la pelota. &#8211; Bater\u00eda de ejercicios para potenciar la entrada en calor de un entrenamiento, potenciando gestos t\u00e9cnicos &#8211; Objetivos del jugador: saber entrar en calor, conocer los movimientos b\u00e1sicos de postura, aumentar la coordinaci\u00f3n &#8211; fuerte, r\u00e1pido y coordinado-<\/p>\n","protected":false},"featured_media":36311,"comment_status":"open","ping_status":"closed","template":"","meta":{"site-sidebar-layout":"default","site-content-layout":"","ast-site-content-layout":"default","site-content-style":"default","site-sidebar-style":"default","ast-global-header-display":"","ast-banner-title-visibility":"","ast-main-header-display":"","ast-hfb-above-header-display":"","ast-hfb-below-header-display":"","ast-hfb-mobile-header-display":"","site-post-title":"","ast-breadcrumbs-content":"","ast-featured-img":"","footer-sml-layout":"","ast-disable-related-posts":"","theme-transparent-header-meta":"default","adv-header-id-meta":"","stick-header-meta":"","header-above-stick-meta":"","header-main-stick-meta":"","header-below-stick-meta":"","astra-migrate-meta-layouts":"set","ast-page-background-enabled":"default","ast-page-background-meta":{"desktop":{"background-color":"","background-image":"","background-repeat":"repeat","background-position":"center center","background-size":"auto","background-attachment":"scroll","background-type":"","background-media":"","overlay-type":"","overlay-color":"","overlay-opacity":"","overlay-gradient":""},"tablet":{"background-color":"","background-image":"","background-repeat":"repeat","background-position":"center center","background-size":"auto","background-attachment":"scroll","background-type":"","background-media":"","overlay-type":"","overlay-color":"","overlay-opacity":"","overlay-gradient":""},"mobile":{"background-color":"","background-image":"","background-repeat":"repeat","background-position":"center center","background-size":"auto","background-attachment":"scroll","background-type":"","background-media":"","overlay-type":"","overlay-color":"","overlay-opacity":"","overlay-gradient":""}},"ast-content-background-meta":{"desktop":{"background-color":"var(--ast-global-color-5)","background-image":"","background-repeat":"repeat","background-position":"center center","background-size":"auto","background-attachment":"scroll","background-type":"","background-media":"","overlay-type":"","overlay-color":"","overlay-opacity":"","overlay-gradient":""},"tablet":{"background-color":"var(--ast-global-color-5)","background-image":"","background-repeat":"repeat","background-position":"center center","background-size":"auto","background-attachment":"scroll","background-type":"","background-media":"","overlay-type":"","overlay-color":"","overlay-opacity":"","overlay-gradient":""},"mobile":{"background-color":"var(--ast-global-color-5)","background-image":"","background-repeat":"repeat","background-position":"center center","background-size":"auto","background-attachment":"scroll","background-type":"","background-media":"","overlay-type":"","overlay-color":"","overlay-opacity":"","overlay-gradient":""}},"iawp_total_views":5},"product_brand":[],"product_cat":[240],"product_tag":[421],"class_list":{"0":"post-36310","1":"product","2":"type-product","3":"status-publish","4":"has-post-thumbnail","6":"product_cat-preparacion-fisica","7":"product_tag-ezequiel-lavayen","8":"desktop-align-left","9":"tablet-align-left","10":"mobile-align-left","12":"first","13":"instock","14":"sale","15":"virtual","16":"sold-individually","17":"purchasable","18":"product-type-course"},"_links":{"self":[{"href":"https:\/\/deposoft.com.ar\/es\/wp-json\/wp\/v2\/product\/36310","targetHints":{"allow":["GET"]}}],"collection":[{"href":"https:\/\/deposoft.com.ar\/es\/wp-json\/wp\/v2\/product"}],"about":[{"href":"https:\/\/deposoft.com.ar\/es\/wp-json\/wp\/v2\/types\/product"}],"replies":[{"embeddable":true,"href":"https:\/\/deposoft.com.ar\/es\/wp-json\/wp\/v2\/comments?post=36310"}],"version-history":[{"count":4,"href":"https:\/\/deposoft.com.ar\/es\/wp-json\/wp\/v2\/product\/36310\/revisions"}],"predecessor-version":[{"id":36323,"href":"https:\/\/deposoft.com.ar\/es\/wp-json\/wp\/v2\/product\/36310\/revisions\/36323"}],"wp:featuredmedia":[{"embeddable":true,"href":"https:\/\/deposoft.com.ar\/es\/wp-json\/wp\/v2\/media\/36311"}],"wp:attachment":[{"href":"https:\/\/deposoft.com.ar\/es\/wp-json\/wp\/v2\/media?parent=36310"}],"wp:term":[{"taxonomy":"product_brand","embeddable":true,"href":"https:\/\/deposoft.com.ar\/es\/wp-json\/wp\/v2\/product_brand?post=36310"},{"taxonomy":"product_cat","embeddable":true,"href":"https:\/\/deposoft.com.ar\/es\/wp-json\/wp\/v2\/product_cat?post=36310"},{"taxonomy":"product_tag","embeddable":true,"href":"https:\/\/deposoft.com.ar\/es\/wp-json\/wp\/v2\/product_tag?post=36310"}],"curies":[{"name":"wp","href":"https:\/\/api.w.org\/{rel}","templated":true}]}}