{"id":36074,"date":"2026-01-04T15:52:53","date_gmt":"2026-01-04T15:52:53","guid":{"rendered":"https:\/\/deposoft.com.ar\/es\/?post_type=product&#038;p=36074"},"modified":"2026-03-31T16:14:20","modified_gmt":"2026-03-31T16:14:20","slug":"mentoria-con-maxi-seigorman","status":"publish","type":"product","link":"https:\/\/deposoft.com.ar\/es\/producto\/mentoria-con-maxi-seigorman\/","title":{"rendered":"Mentor Maxi Seigorman"},"content":{"rendered":"<p>Un mano a mano enriquecedor con este gran entrenador argentino y el acceso a 3 capsulas asincr\u00f3nicas<\/p>\r\n<ul>\r\n<li>Entrenamiento eficiente. El valor de la posesi\u00f3n y como entrenarlo<\/li>\r\n<li>Aprovechar las ventas en la transici\u00f3n<\/li>\r\n<li>La importancia de los primeros 8 segundos.<\/li>\r\n<\/ul>\r\n<p>En donde el desarrollo de su filosof\u00eda ofensiva.<\/p>\r\n\r\n<p>C<strong>ARRERA<\/strong><\/p>\r\n\r\n\r\n\r\n<p>Maxi Seigorman empez\u00f3 su carrera en la conducci\u00f3n t\u00e9cnica en el staff de Sionista en la Liga C acompa\u00f1ando a Sebasti\u00e1n Svetliza. \u201cLe estoy muy agradecido por que es la persona que confi\u00f3 en m\u00ed y me abri\u00f3 las puertas\u201d.<\/p>\r\n\r\n\r\n\r\n<p>\u201cA Seba le tengo muchas palabras de agradecimiento porque me di\u00f3 un lugar de privilegio. Vivimos muchas cosas, las veces que discut\u00edamos fue por el bien de Sionista, un lugar que amamos\u201d. El entrenador record\u00f3 que su nueva etapa en el b\u00e1squet se fue dando de a poco y Svetliza le dio la primera oportunidad. \u201cEra un jugador muy malo y por eso estaba parado caminando atr\u00e1s de \u00e9l dici\u00e9ndole cosas para que el equipo gane\u201d.<\/p>\r\n\r\n\r\n\r\n<p>Seigorman cuenta con una amplia trayectoria como entrenador a nivel clubes siendo esta la segunda experiencia en Liga Nacional (la primera fue en Instituto de C\u00f3rdoba) y Liga Argentina, como tambi\u00e9n en el exterior (Dewa United de la Liga de Indonesia). Adem\u00e1s de tener una destacada labor como asistente y entrenador en seleccionados argentinos.<\/p>\r\n\r\n\r\n\r\n<p>\u201cEs una alegr\u00eda enorme poder transitar esta carrera que siempre la viv\u00ed como una pasi\u00f3n. Cuando estudiaba el profesorado de Educaci\u00f3n f\u00edsica y era entrenador me preguntaban si iba a ser un trabajo y la verdad que siempre lo tom\u00e9 como tal\u201d, sostuvo el entrenador.<\/p>\r\n\r\n\r\n\r\n<p>\u201cLa verdad que haber estado en lugares incre\u00edbles, Juegos Ol\u00edmpicos o un Mundial, me llena de orgullo. Es lo que toda persona vinculada al deporte sue\u00f1a y desea de representar a su ciudad y a mucha gente. Cuando ves la bandera Argentina en el podio es lo mejor que te puede pasar. Y ah\u00ed dec\u00eds que el esfuerzo vali\u00f3 la pena\u201d, remarc\u00f3.<\/p>\r\n\r\n\r\n\r\n<p><strong>PROCESO DE SELECCI\u00d3N<\/strong><\/p>\r\n\r\n\r\n\r\n<p>Adem\u00e1s de conducir a las selecciones U19 en los Mundiales de Egipto 2017 y Grecia 2019, Maxi fue parte del staff argentino subcampe\u00f3n del mundo en el Mundial de China 2019. \u201cUno siempre sue\u00f1a con llegar a la Selecci\u00f3n y estar ah\u00ed fue incre\u00edble\u201d.<\/p>\r\n\r\n\r\n\r\n<p>El paranaense record\u00f3 el trayecto que tuvo que recorrer el combinado nacional para llegar a la cita ecum\u00e9nica jugando en todo el pa\u00eds y a cancha llena. Durante esa etapa, Max\u00ed record\u00f3 que un hist\u00f3rico como Luis Scola ya ve\u00eda el potencial de ese equipo. \u201cContra Puerto Rico en Formosa, Scola dec\u00eda que si segu\u00edamos asi \u00edbamos a llegar a semifinales del mundial. Nadie le cre\u00eda pero despu\u00e9s con el pasar de los partidos nos fuimos convenciendo que era posible\u201d.<\/p>\r\n\r\n\r\n\r\n<p>\u201cEn el d\u00eda a d\u00eda vas aprendiendo un mont\u00f3n de cosas. Y la verdad que eso es lo que te da la experiencia ahora como para decir, \u00bfpor qu\u00e9 agarraste Uni\u00f3n si estabas en la \u00faltima posici\u00f3n? Y porque creo que ten\u00eda la experiencia suficiente como para poder sobrellevar este momento\u201d, manifest\u00f3.<\/p>\r\n\r\n\r\n\r\n<p><strong><em>\u201cEs dif\u00edcil de explicar para el que no est\u00e1 dentro, pero es as\u00ed, cada d\u00eda es una nueva oportunidad y en el lugar que te toque. Uno tiene que trabajar para ganar y que le puede ganar a cualquiera porque la idiosincrasia del argentino es as\u00ed<\/em><\/strong>\u201d.<\/p>\r\n\r\n\r\n\r\n<p>Y puso como ejemplo una situaci\u00f3n que atraves\u00f3 en Indonesia, siendo en el exterior donde m\u00e1s se nota esa impronta del argentino. \u201cMe pas\u00f3 que perdimos un partido y el due\u00f1o me invit\u00f3 a comer. La verdad que no quer\u00eda saber nada porque acab\u00e1bamos de perder un partido y lo que quer\u00eda hacer era esconderme. Pero desechar una invitaci\u00f3n ah\u00ed es como una falta de respeto por eso son cosas que uno va aprendiendo\u201d.<\/p>\r\n\r\n\r\n\r\n<p>Ser parte de un seleccionado nacional, sea como jugador o entrenador, implica una responsabilidad y a su vez a cada persona le genera un gran orgullo. \u201c<strong><em>Lo primero que aprend\u00e9s cuando llegas a la Selecci\u00f3n es que todos los logros, el orgullo, el individualismo, y lo dem\u00e1s, quedan afuera<\/em><\/strong>\u201d.<\/p>\r\n\r\n\r\n\r\n<p>\u201c<em>Siempre ten\u00e9s que brindarte al 100 por 100, cosa que demuestran continuamente los de m\u00e1s experiencia. El caso de Scola que en esas etapas eliminatorias viaj\u00f3 36 horas para un partido y tuvo que volverse despu\u00e9s de jugar porque su equipo no lo dejaba jugar la segunda fecha. Cuando ves algo as\u00ed no queda otra que entregarse por completo<\/em>\u201d, coment\u00f3.<\/p>\r\n\r\n\r\n\r\n<p>Su funci\u00f3n era atender los temas de ofensiva y llevar un an\u00e1lisis defensivo de cada uno de los sistemas del equipo. \u201c<em>Para los jugadores siempre son importantes esos datos porque si bien conocen a la mayor\u00eda de sus rivales, a otros no lo han enfrentado mucho entonces ah\u00ed sirve el aporte que hace el staff de entrenadores<\/em>\u201d.<\/p>\r\n\r\n\r\n\r\n<p>Esos datos eran comentados a Sergio \u201cOveja\u201d Hern\u00e1ndez para tenerlos en cuenta. \u201cEn una de las charlas del staff coment\u00f3 que las salidas del fondo no estaban dando resultados, perd\u00edamos pelotas. Despu\u00e9s pasaron entrenamientos y en un momento dice Maxi decile al equipo las correcciones que hay que hacer. Oveja es un tipo que tiene todo registrado en la cabeza y siempre trata que todos crezcamos, lo que hace que nos sintamos importantes\u201d.<\/p>\r\n\r\n\r\n\r\n<p><strong>UN RECUERDO CON POPOVICH<\/strong><\/p>\r\n\r\n\r\n\r\n<p>En la previa de los Juegos Ol\u00edmpicos de Tokio 2020 (desarrollados en 2021), Seigorman tuvo un grato momento al compartir charla y foto de recuerdo con el gran entrenador estadounidense de los San Antonio Spurs y de la selecci\u00f3n norteamericana, Gregg Popovich.<\/p>\r\n\r\n\r\n\r\n<p>\u201cEsa foto era algo que no nos pod\u00edamos perder, m\u00e1s que ese momento lo promovi\u00f3 Popovich. Compartir esa charla y aprender de uno de los mejores es incre\u00edble\u201d<\/p>\r\n\r\n\r\n\r\n<p>\u201cEs un tipo muy humilde y la verdad que tiene un gran respeto por el b\u00e1squet argentino, por Oveja Hern\u00e1ndez a quien lo tiene como un referente y bueno imaginate para nosotros lo que estamos ah\u00ed fue grandioso\u201d record\u00f3 de esa foto que recorri\u00f3 los medios junto a Silvio Santander, Popovich, Sergio Hern\u00e1ndez.<\/p>\r\n\r\n\r\n\r\n<p>Ese reconocimiento que tiene Popovich por el b\u00e1squet argentino es parte del legado que dej\u00f3 la generaci\u00f3n Dorada y la gran performance en el Mundial 2019. \u201cHace que uno sienta que el esfuerzo que hace vale la pena\u201d, valor\u00f3.<\/p>\r\n\r\n\r\n\r\n<p><strong>UN PROYECTO DE VIDA<\/strong><\/p>\r\n\r\n\r\n\r\n<p>El b\u00e1squet es su vida. Desde su formaci\u00f3n Maximiliano vio al deporte como un estilo de vida que fue perfeccionando con el correr de los a\u00f1os y hoy lo encuentra cada vez m\u00e1s afianzado. Y este proceso siempre cont\u00f3 con el apoyo familiar. \u201cSon los que soportan los buenos y malos momentos. Mi hijo estaba muy enfermo el domingo (partido donde Uni\u00f3n logr\u00f3 la permanencia) para ir a la cancha y me dijo \u2018pap\u00e1 no me lo pierdo, ll\u00e9vame como sea\u2019. Esta familia, como mis viejos y la familia siempre est\u00e1n. Son los primeros en mandarte mensajes cuando te va mal y la verdad que a ellos le debo todo. Eternamente agradecido por lo que me bancan\u201d.<\/p>\r\n\r\n\r\n\r\n<p>Y cont\u00f3: \u201cEn su momento tuve que tomar una decisi\u00f3n de dejar el lugar que estaba c\u00f3modo (Sionista) y pasar a un lugar distinto en Villa \u00c1ngela (Chaco), bajar de categor\u00eda y empezar de cero. Ah\u00ed lo habl\u00e9 con Cintia, mi se\u00f1ora que es la que m\u00e1s me banca en todo esto\u201d.<\/p>\r\n\r\n\r\n\r\n<p>\u201cEra un lugar donde sab\u00eda que las condiciones no iban a ser las mejores, porque econ\u00f3micamente no \u00edbamos a formar ni el mejor equipo, ni \u00edbamos a estar bien, pero yo sab\u00eda que iba a ser un reinicio de mi carrera, que lo necesitaba, y que sab\u00eda las condiciones. Una apuesta fuerte y de la cual me siento muy orgulloso, porque era una manera de comenzar lo que yo estaba so\u00f1ando\u201d, remarc\u00f3.<\/p>\r\n\r\n\r\n\r\n<p>Fuente <a href=\"https:\/\/elpelotazoenlared.com.ar\/nosotros\/maxi-seigorman-el-lder-que-mantuvo-a-unin-en-la-liga-nacional.htm\">Maxi Seigorman, el l\u00edder que mantuvo a Uni\u00f3n en la Liga Nacional &#8211; Nosotros | El Pelotazo en la Red<\/a><\/p>\r\n","protected":false},"excerpt":{"rendered":"<p>a trav\u00e9s de adquirir sus disertaciones primero ver\u00e1s su propuesta que ha aplicado en los lugares donde ha desarrollado sus actividades y luego tendr\u00e1s un mano a mano enriquecedor con el mismo.<\/p>\n","protected":false},"featured_media":36283,"comment_status":"open","ping_status":"closed","template":"","meta":{"site-sidebar-layout":"default","site-content-layout":"","ast-site-content-layout":"default","site-content-style":"default","site-sidebar-style":"default","ast-global-header-display":"","ast-banner-title-visibility":"","ast-main-header-display":"","ast-hfb-above-header-display":"","ast-hfb-below-header-display":"","ast-hfb-mobile-header-display":"","site-post-title":"","ast-breadcrumbs-content":"","ast-featured-img":"","footer-sml-layout":"","ast-disable-related-posts":"","theme-transparent-header-meta":"default","adv-header-id-meta":"","stick-header-meta":"","header-above-stick-meta":"","header-main-stick-meta":"","header-below-stick-meta":"","astra-migrate-meta-layouts":"set","ast-page-background-enabled":"default","ast-page-background-meta":{"desktop":{"background-color":"","background-image":"","background-repeat":"repeat","background-position":"center center","background-size":"auto","background-attachment":"scroll","background-type":"","background-media":"","overlay-type":"","overlay-color":"","overlay-opacity":"","overlay-gradient":""},"tablet":{"background-color":"","background-image":"","background-repeat":"repeat","background-position":"center center","background-size":"auto","background-attachment":"scroll","background-type":"","background-media":"","overlay-type":"","overlay-color":"","overlay-opacity":"","overlay-gradient":""},"mobile":{"background-color":"","background-image":"","background-repeat":"repeat","background-position":"center center","background-size":"auto","background-attachment":"scroll","background-type":"","background-media":"","overlay-type":"","overlay-color":"","overlay-opacity":"","overlay-gradient":""}},"ast-content-background-meta":{"desktop":{"background-color":"var(--ast-global-color-5)","background-image":"","background-repeat":"repeat","background-position":"center center","background-size":"auto","background-attachment":"scroll","background-type":"","background-media":"","overlay-type":"","overlay-color":"","overlay-opacity":"","overlay-gradient":""},"tablet":{"background-color":"var(--ast-global-color-5)","background-image":"","background-repeat":"repeat","background-position":"center center","background-size":"auto","background-attachment":"scroll","background-type":"","background-media":"","overlay-type":"","overlay-color":"","overlay-opacity":"","overlay-gradient":""},"mobile":{"background-color":"var(--ast-global-color-5)","background-image":"","background-repeat":"repeat","background-position":"center center","background-size":"auto","background-attachment":"scroll","background-type":"","background-media":"","overlay-type":"","overlay-color":"","overlay-opacity":"","overlay-gradient":""}},"iawp_total_views":11},"product_brand":[],"product_cat":[429],"product_tag":[],"class_list":{"0":"post-36074","1":"product","2":"type-product","3":"status-publish","4":"has-post-thumbnail","6":"product_cat-mentorias","7":"desktop-align-left","8":"tablet-align-left","9":"mobile-align-left","11":"first","12":"instock","13":"virtual","14":"sold-individually","15":"purchasable","16":"product-type-course"},"_links":{"self":[{"href":"https:\/\/deposoft.com.ar\/es\/wp-json\/wp\/v2\/product\/36074","targetHints":{"allow":["GET"]}}],"collection":[{"href":"https:\/\/deposoft.com.ar\/es\/wp-json\/wp\/v2\/product"}],"about":[{"href":"https:\/\/deposoft.com.ar\/es\/wp-json\/wp\/v2\/types\/product"}],"replies":[{"embeddable":true,"href":"https:\/\/deposoft.com.ar\/es\/wp-json\/wp\/v2\/comments?post=36074"}],"version-history":[{"count":6,"href":"https:\/\/deposoft.com.ar\/es\/wp-json\/wp\/v2\/product\/36074\/revisions"}],"predecessor-version":[{"id":36288,"href":"https:\/\/deposoft.com.ar\/es\/wp-json\/wp\/v2\/product\/36074\/revisions\/36288"}],"wp:featuredmedia":[{"embeddable":true,"href":"https:\/\/deposoft.com.ar\/es\/wp-json\/wp\/v2\/media\/36283"}],"wp:attachment":[{"href":"https:\/\/deposoft.com.ar\/es\/wp-json\/wp\/v2\/media?parent=36074"}],"wp:term":[{"taxonomy":"product_brand","embeddable":true,"href":"https:\/\/deposoft.com.ar\/es\/wp-json\/wp\/v2\/product_brand?post=36074"},{"taxonomy":"product_cat","embeddable":true,"href":"https:\/\/deposoft.com.ar\/es\/wp-json\/wp\/v2\/product_cat?post=36074"},{"taxonomy":"product_tag","embeddable":true,"href":"https:\/\/deposoft.com.ar\/es\/wp-json\/wp\/v2\/product_tag?post=36074"}],"curies":[{"name":"wp","href":"https:\/\/api.w.org\/{rel}","templated":true}]}}