{"id":35867,"date":"2025-12-09T10:15:55","date_gmt":"2025-12-09T10:15:55","guid":{"rendered":"https:\/\/deposoft.com.ar\/es\/?post_type=product&#038;p=35867"},"modified":"2026-03-30T19:42:31","modified_gmt":"2026-03-30T19:42:31","slug":"shell-drill-el-gran-ejercicio-para-mejorar-tu-defensa","status":"publish","type":"product","link":"https:\/\/deposoft.com.ar\/es\/producto\/shell-drill-el-gran-ejercicio-para-mejorar-tu-defensa\/","title":{"rendered":"Shell Drill, el gran ejercicio para mejorar tu defensa"},"content":{"rendered":"<p>deseas mejorar la defensa individual y colectiva, este ejercicio bien utilizado potenciara aspectos t\u00e9cnico-t\u00e1cticos de tu jugador y mejorar\u00e1 la lectura de juego y comunicaci\u00f3n del equipo.<\/p>\n<p>Con la sapiencia y desarrollo que vuelca el entrenador referente Miguel Volc\u00e1n S\u00e1nchez, quien nunca se guarda nada a la hora de transmitir sus conocimientos a sus pares, hecho este que es puesto de manifiesto en varias oportunidades por colegas desde la llegada de la liga nacional al basquet argentino, y quienes tienen la oportunidad de escucharlo en todo el mundo, cuando lo recorre como capacitador FIBA.<\/p>\n<a href=\"https:\/\/deposoft.com.ar\/es\/wp-content\/uploads\/2024\/09\/VOLCAN-SANCHEZ-SHELL-DRILL-4-C-4.pdf\" class=\"pdfemb-viewer\" style=\"\" data-width=\"max\" data-height=\"max\" data-toolbar=\"bottom\" data-toolbar-fixed=\"off\">curso de basquet argentina<\/a>\n","protected":false},"excerpt":{"rendered":"<p>.Excelente desarrollo e impecable desglose de un drill (SHELL 4 C\/ 4), con una claridad de conceptos tanto de t\u00e9cnica de conjunto como de t\u00e1ctica individual y grupal, sumado esto luego a conceptos estrat\u00e9gicos de acuerdo a diversas situaciones planteadas en el momento del Cl\u00ednic, detalles que demuestran la val\u00eda en calidad de disertante de un Coach Internacional referente de entrenadores como Miguel Volcan.-<\/p>\n<p>Shell drill es una combinaci\u00f3n fascinante para entrar el comportamiento y construcci\u00f3n de sistemas defensivos especializados, la defenda de los pick and roll y los bloqueos indirectos, sean agresivos o conservadores y el comportamiento ante la defensa del poste bajo.<\/p>\n","protected":false},"featured_media":35866,"comment_status":"open","ping_status":"closed","template":"","meta":{"site-sidebar-layout":"default","site-content-layout":"","ast-site-content-layout":"default","site-content-style":"default","site-sidebar-style":"default","ast-global-header-display":"","ast-banner-title-visibility":"","ast-main-header-display":"","ast-hfb-above-header-display":"","ast-hfb-below-header-display":"","ast-hfb-mobile-header-display":"","site-post-title":"","ast-breadcrumbs-content":"","ast-featured-img":"","footer-sml-layout":"","ast-disable-related-posts":"","theme-transparent-header-meta":"default","adv-header-id-meta":"","stick-header-meta":"","header-above-stick-meta":"","header-main-stick-meta":"","header-below-stick-meta":"","astra-migrate-meta-layouts":"set","ast-page-background-enabled":"default","ast-page-background-meta":{"desktop":{"background-color":"","background-image":"","background-repeat":"repeat","background-position":"center center","background-size":"auto","background-attachment":"scroll","background-type":"","background-media":"","overlay-type":"","overlay-color":"","overlay-opacity":"","overlay-gradient":""},"tablet":{"background-color":"","background-image":"","background-repeat":"repeat","background-position":"center center","background-size":"auto","background-attachment":"scroll","background-type":"","background-media":"","overlay-type":"","overlay-color":"","overlay-opacity":"","overlay-gradient":""},"mobile":{"background-color":"","background-image":"","background-repeat":"repeat","background-position":"center center","background-size":"auto","background-attachment":"scroll","background-type":"","background-media":"","overlay-type":"","overlay-color":"","overlay-opacity":"","overlay-gradient":""}},"ast-content-background-meta":{"desktop":{"background-color":"var(--ast-global-color-5)","background-image":"","background-repeat":"repeat","background-position":"center center","background-size":"auto","background-attachment":"scroll","background-type":"","background-media":"","overlay-type":"","overlay-color":"","overlay-opacity":"","overlay-gradient":""},"tablet":{"background-color":"var(--ast-global-color-5)","background-image":"","background-repeat":"repeat","background-position":"center center","background-size":"auto","background-attachment":"scroll","background-type":"","background-media":"","overlay-type":"","overlay-color":"","overlay-opacity":"","overlay-gradient":""},"mobile":{"background-color":"var(--ast-global-color-5)","background-image":"","background-repeat":"repeat","background-position":"center center","background-size":"auto","background-attachment":"scroll","background-type":"","background-media":"","overlay-type":"","overlay-color":"","overlay-opacity":"","overlay-gradient":""}},"iawp_total_views":5},"product_brand":[],"product_cat":[111,113],"product_tag":[332],"class_list":{"0":"post-35867","1":"product","2":"type-product","3":"status-publish","4":"has-post-thumbnail","6":"product_cat-formativas","7":"product_cat-alto-rendimiento","8":"product_tag-miguel-volcan-sanchez","9":"desktop-align-left","10":"tablet-align-left","11":"mobile-align-left","13":"first","14":"instock","15":"downloadable","16":"shipping-taxable","17":"purchasable","18":"product-type-simple"},"_links":{"self":[{"href":"https:\/\/deposoft.com.ar\/es\/wp-json\/wp\/v2\/product\/35867","targetHints":{"allow":["GET"]}}],"collection":[{"href":"https:\/\/deposoft.com.ar\/es\/wp-json\/wp\/v2\/product"}],"about":[{"href":"https:\/\/deposoft.com.ar\/es\/wp-json\/wp\/v2\/types\/product"}],"replies":[{"embeddable":true,"href":"https:\/\/deposoft.com.ar\/es\/wp-json\/wp\/v2\/comments?post=35867"}],"version-history":[{"count":4,"href":"https:\/\/deposoft.com.ar\/es\/wp-json\/wp\/v2\/product\/35867\/revisions"}],"predecessor-version":[{"id":36747,"href":"https:\/\/deposoft.com.ar\/es\/wp-json\/wp\/v2\/product\/35867\/revisions\/36747"}],"wp:featuredmedia":[{"embeddable":true,"href":"https:\/\/deposoft.com.ar\/es\/wp-json\/wp\/v2\/media\/35866"}],"wp:attachment":[{"href":"https:\/\/deposoft.com.ar\/es\/wp-json\/wp\/v2\/media?parent=35867"}],"wp:term":[{"taxonomy":"product_brand","embeddable":true,"href":"https:\/\/deposoft.com.ar\/es\/wp-json\/wp\/v2\/product_brand?post=35867"},{"taxonomy":"product_cat","embeddable":true,"href":"https:\/\/deposoft.com.ar\/es\/wp-json\/wp\/v2\/product_cat?post=35867"},{"taxonomy":"product_tag","embeddable":true,"href":"https:\/\/deposoft.com.ar\/es\/wp-json\/wp\/v2\/product_tag?post=35867"}],"curies":[{"name":"wp","href":"https:\/\/api.w.org\/{rel}","templated":true}]}}