{"id":35856,"date":"2025-12-09T00:38:11","date_gmt":"2025-12-09T00:38:11","guid":{"rendered":"https:\/\/deposoft.com.ar\/es\/?post_type=product&#038;p=35856"},"modified":"2026-03-27T18:39:53","modified_gmt":"2026-03-27T18:39:53","slug":"defensa-individual-en-desventaja-numerica","status":"publish","type":"product","link":"https:\/\/deposoft.com.ar\/es\/producto\/defensa-individual-en-desventaja-numerica\/","title":{"rendered":"Defensa individual en desventaja num\u00e9rica"},"content":{"rendered":"<p>En esta ocasi\u00f3n traemos una video capacitaci\u00f3n para entrenadores de basquet, en donde Miguel Volcan Sanchez, reconocido entrenador Sudamericano, con gran trayectoria e instructor FIBA, ha usado solo 2 ejercicios fuertes, con mucho de aprender a corregir y dar detalles &#8211; esa es la cuota de calidad que encontraras al revivir este clinic-.<\/p>\n<p>Entre los puntos importantes en la defensa destaca como realizamos la conversi\u00f3n de ataque a defensa, la calidad de los grandes para sprintear hacia atr\u00e1s y\u00a0 para \u00e9l lo m\u00e1s importante el primer paso luego del tiro es vital, ESTAR EN LA PROXIMA JUGADA<\/p>\n<p>En los driles con los jugadores se empieza trabajando el no medio para el bal\u00f3n marcando muy detallado los detalles t\u00e9cnicos del defensor.<\/p>\n<p>Desarrolla situaciones de 3&#215;2 4&#215;3 1&#215;1 para mostrar los detalles\u00a0 t\u00e9cnicos de recuperaci\u00f3n defensiva y contener el bal\u00f3n.<\/p>\n<p>Volc\u00e1n recrea una situaci\u00f3n de juego real al que llama \u201cDenver\u201d y pone el \u00e9nfasis en la mejora defensiva al tiempo que va corrigiendo detalles defensivos y reflexiona sobre el juego que los chicos van haciendo.<\/p>\n<p>El coach va especificando roles y funciones a cada uno de lo jugadores exigiendo la atenci\u00f3n y la excelencia en lo que hacen t\u00e9cnicamente y el desarrollo de las lecturas t\u00e1cticas.<\/p>\n<p>Y para terminar cierra con situaciones de<strong> miss match<\/strong> dando tips\u00a0 de como jugarlo en ofensiva y con varios detalles defensivos<\/p>\n","protected":false},"excerpt":{"rendered":"<p>Si lo que est\u00e1s buscando es la defensa y recuperaci\u00f3n del bal\u00f3n, estos ejercicios utilizados en tus entrenos ayudar\u00e1n a que tus jugadores puedan lograr mejorar su t\u00e9cnica defensiva\u00a0 y entender tambi\u00e9n t\u00e1ctica y estrategias de equipo, todo ello sin olvidar que nuestros entrenos deben ser realizados al m\u00e1ximo, ya que como entrenas, as\u00ed juegas<\/p>\n","protected":false},"featured_media":35851,"comment_status":"open","ping_status":"closed","template":"","meta":{"site-sidebar-layout":"default","site-content-layout":"","ast-site-content-layout":"default","site-content-style":"default","site-sidebar-style":"default","ast-global-header-display":"","ast-banner-title-visibility":"","ast-main-header-display":"","ast-hfb-above-header-display":"","ast-hfb-below-header-display":"","ast-hfb-mobile-header-display":"","site-post-title":"","ast-breadcrumbs-content":"","ast-featured-img":"","footer-sml-layout":"","ast-disable-related-posts":"","theme-transparent-header-meta":"default","adv-header-id-meta":"","stick-header-meta":"","header-above-stick-meta":"","header-main-stick-meta":"","header-below-stick-meta":"","astra-migrate-meta-layouts":"set","ast-page-background-enabled":"default","ast-page-background-meta":{"desktop":{"background-color":"","background-image":"","background-repeat":"repeat","background-position":"center center","background-size":"auto","background-attachment":"scroll","background-type":"","background-media":"","overlay-type":"","overlay-color":"","overlay-opacity":"","overlay-gradient":""},"tablet":{"background-color":"","background-image":"","background-repeat":"repeat","background-position":"center center","background-size":"auto","background-attachment":"scroll","background-type":"","background-media":"","overlay-type":"","overlay-color":"","overlay-opacity":"","overlay-gradient":""},"mobile":{"background-color":"","background-image":"","background-repeat":"repeat","background-position":"center center","background-size":"auto","background-attachment":"scroll","background-type":"","background-media":"","overlay-type":"","overlay-color":"","overlay-opacity":"","overlay-gradient":""}},"ast-content-background-meta":{"desktop":{"background-color":"var(--ast-global-color-5)","background-image":"","background-repeat":"repeat","background-position":"center center","background-size":"auto","background-attachment":"scroll","background-type":"","background-media":"","overlay-type":"","overlay-color":"","overlay-opacity":"","overlay-gradient":""},"tablet":{"background-color":"var(--ast-global-color-5)","background-image":"","background-repeat":"repeat","background-position":"center center","background-size":"auto","background-attachment":"scroll","background-type":"","background-media":"","overlay-type":"","overlay-color":"","overlay-opacity":"","overlay-gradient":""},"mobile":{"background-color":"var(--ast-global-color-5)","background-image":"","background-repeat":"repeat","background-position":"center center","background-size":"auto","background-attachment":"scroll","background-type":"","background-media":"","overlay-type":"","overlay-color":"","overlay-opacity":"","overlay-gradient":""}},"iawp_total_views":3},"product_brand":[],"product_cat":[113],"product_tag":[332],"class_list":{"0":"post-35856","1":"product","2":"type-product","3":"status-publish","4":"has-post-thumbnail","6":"product_cat-alto-rendimiento","7":"product_tag-miguel-volcan-sanchez","8":"desktop-align-left","9":"tablet-align-left","10":"mobile-align-left","12":"first","13":"instock","14":"virtual","15":"sold-individually","16":"purchasable","17":"product-type-course"},"_links":{"self":[{"href":"https:\/\/deposoft.com.ar\/es\/wp-json\/wp\/v2\/product\/35856","targetHints":{"allow":["GET"]}}],"collection":[{"href":"https:\/\/deposoft.com.ar\/es\/wp-json\/wp\/v2\/product"}],"about":[{"href":"https:\/\/deposoft.com.ar\/es\/wp-json\/wp\/v2\/types\/product"}],"replies":[{"embeddable":true,"href":"https:\/\/deposoft.com.ar\/es\/wp-json\/wp\/v2\/comments?post=35856"}],"version-history":[{"count":1,"href":"https:\/\/deposoft.com.ar\/es\/wp-json\/wp\/v2\/product\/35856\/revisions"}],"predecessor-version":[{"id":35857,"href":"https:\/\/deposoft.com.ar\/es\/wp-json\/wp\/v2\/product\/35856\/revisions\/35857"}],"wp:featuredmedia":[{"embeddable":true,"href":"https:\/\/deposoft.com.ar\/es\/wp-json\/wp\/v2\/media\/35851"}],"wp:attachment":[{"href":"https:\/\/deposoft.com.ar\/es\/wp-json\/wp\/v2\/media?parent=35856"}],"wp:term":[{"taxonomy":"product_brand","embeddable":true,"href":"https:\/\/deposoft.com.ar\/es\/wp-json\/wp\/v2\/product_brand?post=35856"},{"taxonomy":"product_cat","embeddable":true,"href":"https:\/\/deposoft.com.ar\/es\/wp-json\/wp\/v2\/product_cat?post=35856"},{"taxonomy":"product_tag","embeddable":true,"href":"https:\/\/deposoft.com.ar\/es\/wp-json\/wp\/v2\/product_tag?post=35856"}],"curies":[{"name":"wp","href":"https:\/\/api.w.org\/{rel}","templated":true}]}}