{"id":35848,"date":"2025-12-09T00:18:04","date_gmt":"2025-12-09T00:18:04","guid":{"rendered":"https:\/\/deposoft.com.ar\/es\/?post_type=product&#038;p=35848"},"modified":"2026-03-27T15:04:05","modified_gmt":"2026-03-27T15:04:05","slug":"conceptos-de-la-defensa-individual-a-partir-del-1vs1","status":"publish","type":"product","link":"https:\/\/deposoft.com.ar\/es\/producto\/conceptos-de-la-defensa-individual-a-partir-del-1vs1\/","title":{"rendered":"Conceptos de la defensa individual a partir del 1vs1"},"content":{"rendered":"<p>La madre de todas las defensas en basquet moderno es el 1vs1, en su idea defensiva Plaza no quiere realizar cambios innecesarios, busca responsabilidad individual, para esto es indispensable que los entrenadores gestionen la comunicaci\u00f3n en sus equipos. Sin esta ser\u00e1 dif\u00edcil conseguir buena defensiva.<br \/>\nSu idea es atacar la bola para que el atacante no tome la iniciativa. En su filosof\u00eda busca defender \u201cmuro\u201d y no orientar a un lado.<br \/>\nSus primeros ejercicios ser\u00e1n anal\u00edticos e intentara corregir el desplazamiento defensivo intentando que los jugadores lancen la pierna y frenen en el inicio del movimiento defensivo. Luego de estos driles de correcci\u00f3n t\u00e9cnica pasara a jugar situaciones de 1&#215;1 agregando el close out y ayudas defensivas.<br \/>\nDespu\u00e9s de desarrollar este aspecto defensivo continuara con el 2vs2 trabajando la l\u00ednea de pase y mostrara un dril defensivo de \u201cocho posiciones\u201d del \u201ccoach K\u201d.<br \/>\nPara finalizar realizara un ejercicio de 2&#215;1 defensivo en el poste bajo, defensa del Pick and Roll con \u201cfake and jump\u201d y defensa de bloqueos indirectos en ofensiva de rombo.<\/p>\n","protected":false},"excerpt":{"rendered":"<p>Su idea es atacar la bola para que el atacante no tome la iniciativa. En su filosof\u00eda busca defender \u201cmuro\u201d y no orientar a un lado.<br \/>\nSus primeros ejercicios ser\u00e1n anal\u00edticos e intentara corregir el desplazamiento defensivo intentando que los jugadores lancen la pierna y frenen en el inicio del movimiento defensivo. Luego de estos driles de correcci\u00f3n t\u00e9cnica pasara a jugar situaciones de 1&#215;1 agregando el close out y ayudas defensivas.<\/p>\n","protected":false},"featured_media":35845,"comment_status":"open","ping_status":"closed","template":"","meta":{"site-sidebar-layout":"default","site-content-layout":"","ast-site-content-layout":"default","site-content-style":"default","site-sidebar-style":"default","ast-global-header-display":"","ast-banner-title-visibility":"","ast-main-header-display":"","ast-hfb-above-header-display":"","ast-hfb-below-header-display":"","ast-hfb-mobile-header-display":"","site-post-title":"","ast-breadcrumbs-content":"","ast-featured-img":"","footer-sml-layout":"","ast-disable-related-posts":"","theme-transparent-header-meta":"default","adv-header-id-meta":"","stick-header-meta":"","header-above-stick-meta":"","header-main-stick-meta":"","header-below-stick-meta":"","astra-migrate-meta-layouts":"set","ast-page-background-enabled":"default","ast-page-background-meta":{"desktop":{"background-color":"","background-image":"","background-repeat":"repeat","background-position":"center center","background-size":"auto","background-attachment":"scroll","background-type":"","background-media":"","overlay-type":"","overlay-color":"","overlay-opacity":"","overlay-gradient":""},"tablet":{"background-color":"","background-image":"","background-repeat":"repeat","background-position":"center center","background-size":"auto","background-attachment":"scroll","background-type":"","background-media":"","overlay-type":"","overlay-color":"","overlay-opacity":"","overlay-gradient":""},"mobile":{"background-color":"","background-image":"","background-repeat":"repeat","background-position":"center center","background-size":"auto","background-attachment":"scroll","background-type":"","background-media":"","overlay-type":"","overlay-color":"","overlay-opacity":"","overlay-gradient":""}},"ast-content-background-meta":{"desktop":{"background-color":"var(--ast-global-color-5)","background-image":"","background-repeat":"repeat","background-position":"center center","background-size":"auto","background-attachment":"scroll","background-type":"","background-media":"","overlay-type":"","overlay-color":"","overlay-opacity":"","overlay-gradient":""},"tablet":{"background-color":"var(--ast-global-color-5)","background-image":"","background-repeat":"repeat","background-position":"center center","background-size":"auto","background-attachment":"scroll","background-type":"","background-media":"","overlay-type":"","overlay-color":"","overlay-opacity":"","overlay-gradient":""},"mobile":{"background-color":"var(--ast-global-color-5)","background-image":"","background-repeat":"repeat","background-position":"center center","background-size":"auto","background-attachment":"scroll","background-type":"","background-media":"","overlay-type":"","overlay-color":"","overlay-opacity":"","overlay-gradient":""}},"iawp_total_views":3},"product_brand":[],"product_cat":[111],"product_tag":[394],"class_list":{"0":"post-35848","1":"product","2":"type-product","3":"status-publish","4":"has-post-thumbnail","6":"product_cat-formativas","7":"product_tag-joan-plaza","8":"desktop-align-left","9":"tablet-align-left","10":"mobile-align-left","12":"first","13":"instock","14":"virtual","15":"sold-individually","16":"purchasable","17":"product-type-course"},"_links":{"self":[{"href":"https:\/\/deposoft.com.ar\/es\/wp-json\/wp\/v2\/product\/35848","targetHints":{"allow":["GET"]}}],"collection":[{"href":"https:\/\/deposoft.com.ar\/es\/wp-json\/wp\/v2\/product"}],"about":[{"href":"https:\/\/deposoft.com.ar\/es\/wp-json\/wp\/v2\/types\/product"}],"replies":[{"embeddable":true,"href":"https:\/\/deposoft.com.ar\/es\/wp-json\/wp\/v2\/comments?post=35848"}],"version-history":[{"count":1,"href":"https:\/\/deposoft.com.ar\/es\/wp-json\/wp\/v2\/product\/35848\/revisions"}],"predecessor-version":[{"id":35849,"href":"https:\/\/deposoft.com.ar\/es\/wp-json\/wp\/v2\/product\/35848\/revisions\/35849"}],"wp:featuredmedia":[{"embeddable":true,"href":"https:\/\/deposoft.com.ar\/es\/wp-json\/wp\/v2\/media\/35845"}],"wp:attachment":[{"href":"https:\/\/deposoft.com.ar\/es\/wp-json\/wp\/v2\/media?parent=35848"}],"wp:term":[{"taxonomy":"product_brand","embeddable":true,"href":"https:\/\/deposoft.com.ar\/es\/wp-json\/wp\/v2\/product_brand?post=35848"},{"taxonomy":"product_cat","embeddable":true,"href":"https:\/\/deposoft.com.ar\/es\/wp-json\/wp\/v2\/product_cat?post=35848"},{"taxonomy":"product_tag","embeddable":true,"href":"https:\/\/deposoft.com.ar\/es\/wp-json\/wp\/v2\/product_tag?post=35848"}],"curies":[{"name":"wp","href":"https:\/\/api.w.org\/{rel}","templated":true}]}}