{"id":35787,"date":"2025-12-04T13:46:11","date_gmt":"2025-12-04T13:46:11","guid":{"rendered":"https:\/\/deposoft.com.ar\/es\/?post_type=product&#038;p=35787"},"modified":"2026-03-30T18:39:31","modified_gmt":"2026-03-30T18:39:31","slug":"preparacion-del-juego-a-partir-de-un-4vs4","status":"publish","type":"product","link":"https:\/\/deposoft.com.ar\/es\/producto\/preparacion-del-juego-a-partir-de-un-4vs4\/","title":{"rendered":"Preparaci\u00f3n del juego a partir de un 4vs4"},"content":{"rendered":"<p>Utilizar la disposici\u00f3n de 4\u00d74 para trabajar la transici\u00f3n ofensiva y defensiva desarrollando la toma de decisiones y la calidad de ejecuci\u00f3n mediante la correcci\u00f3n de la t\u00e9cnica individual y colectiva.<br \/>\nLos jugadores deben ser conscientes de que no realizan ejercicios, sino que \u201cjuegan al b\u00e1squet\u201d.<\/p>\n<p>Debemos explicarles a los jugadores el \u201cdonde\u201d, \u201ccomo\u201d y \u201ccuando\u201d deben realizar lo que pedimos.<\/p>\n","protected":false},"excerpt":{"rendered":"<p>a la hora de entrenar, contamos con cientos de ejercicios que se aplican en distintas circunstancias y de acuerdo a objetivos. Rub\u00e9n Magnano presenta algunos\u00a0 ejercicios de 4vs4\u00a0 que contienen una riqueza t\u00e9cnica y t\u00e1ctica que hay que aprovechar, cuando el resueltado que buscamos es la mejora colectiva, en 100 minutos en los que estar\u00e1s siempre pendiente de la experiencia que transmite el arquitecto de la GD.<\/p>\n","protected":false},"featured_media":35788,"comment_status":"open","ping_status":"closed","template":"","meta":{"site-sidebar-layout":"default","site-content-layout":"","ast-site-content-layout":"default","site-content-style":"default","site-sidebar-style":"default","ast-global-header-display":"","ast-banner-title-visibility":"","ast-main-header-display":"","ast-hfb-above-header-display":"","ast-hfb-below-header-display":"","ast-hfb-mobile-header-display":"","site-post-title":"","ast-breadcrumbs-content":"","ast-featured-img":"","footer-sml-layout":"","ast-disable-related-posts":"","theme-transparent-header-meta":"default","adv-header-id-meta":"","stick-header-meta":"","header-above-stick-meta":"","header-main-stick-meta":"","header-below-stick-meta":"","astra-migrate-meta-layouts":"set","ast-page-background-enabled":"default","ast-page-background-meta":{"desktop":{"background-color":"","background-image":"","background-repeat":"repeat","background-position":"center center","background-size":"auto","background-attachment":"scroll","background-type":"","background-media":"","overlay-type":"","overlay-color":"","overlay-opacity":"","overlay-gradient":""},"tablet":{"background-color":"","background-image":"","background-repeat":"repeat","background-position":"center center","background-size":"auto","background-attachment":"scroll","background-type":"","background-media":"","overlay-type":"","overlay-color":"","overlay-opacity":"","overlay-gradient":""},"mobile":{"background-color":"","background-image":"","background-repeat":"repeat","background-position":"center center","background-size":"auto","background-attachment":"scroll","background-type":"","background-media":"","overlay-type":"","overlay-color":"","overlay-opacity":"","overlay-gradient":""}},"ast-content-background-meta":{"desktop":{"background-color":"var(--ast-global-color-5)","background-image":"","background-repeat":"repeat","background-position":"center center","background-size":"auto","background-attachment":"scroll","background-type":"","background-media":"","overlay-type":"","overlay-color":"","overlay-opacity":"","overlay-gradient":""},"tablet":{"background-color":"var(--ast-global-color-5)","background-image":"","background-repeat":"repeat","background-position":"center center","background-size":"auto","background-attachment":"scroll","background-type":"","background-media":"","overlay-type":"","overlay-color":"","overlay-opacity":"","overlay-gradient":""},"mobile":{"background-color":"var(--ast-global-color-5)","background-image":"","background-repeat":"repeat","background-position":"center center","background-size":"auto","background-attachment":"scroll","background-type":"","background-media":"","overlay-type":"","overlay-color":"","overlay-opacity":"","overlay-gradient":""}},"iawp_total_views":7},"product_brand":[],"product_cat":[113],"product_tag":[179],"class_list":{"0":"post-35787","1":"product","2":"type-product","3":"status-publish","4":"has-post-thumbnail","6":"product_cat-alto-rendimiento","7":"product_tag-ruben-magnano","8":"desktop-align-left","9":"tablet-align-left","10":"mobile-align-left","12":"first","13":"instock","14":"sale","15":"virtual","16":"sold-individually","17":"purchasable","18":"product-type-course"},"_links":{"self":[{"href":"https:\/\/deposoft.com.ar\/es\/wp-json\/wp\/v2\/product\/35787","targetHints":{"allow":["GET"]}}],"collection":[{"href":"https:\/\/deposoft.com.ar\/es\/wp-json\/wp\/v2\/product"}],"about":[{"href":"https:\/\/deposoft.com.ar\/es\/wp-json\/wp\/v2\/types\/product"}],"replies":[{"embeddable":true,"href":"https:\/\/deposoft.com.ar\/es\/wp-json\/wp\/v2\/comments?post=35787"}],"version-history":[{"count":1,"href":"https:\/\/deposoft.com.ar\/es\/wp-json\/wp\/v2\/product\/35787\/revisions"}],"predecessor-version":[{"id":35789,"href":"https:\/\/deposoft.com.ar\/es\/wp-json\/wp\/v2\/product\/35787\/revisions\/35789"}],"wp:featuredmedia":[{"embeddable":true,"href":"https:\/\/deposoft.com.ar\/es\/wp-json\/wp\/v2\/media\/35788"}],"wp:attachment":[{"href":"https:\/\/deposoft.com.ar\/es\/wp-json\/wp\/v2\/media?parent=35787"}],"wp:term":[{"taxonomy":"product_brand","embeddable":true,"href":"https:\/\/deposoft.com.ar\/es\/wp-json\/wp\/v2\/product_brand?post=35787"},{"taxonomy":"product_cat","embeddable":true,"href":"https:\/\/deposoft.com.ar\/es\/wp-json\/wp\/v2\/product_cat?post=35787"},{"taxonomy":"product_tag","embeddable":true,"href":"https:\/\/deposoft.com.ar\/es\/wp-json\/wp\/v2\/product_tag?post=35787"}],"curies":[{"name":"wp","href":"https:\/\/api.w.org\/{rel}","templated":true}]}}