{"id":35358,"date":"2025-11-18T18:12:27","date_gmt":"2025-11-18T18:12:27","guid":{"rendered":"https:\/\/deposoft.com.ar\/es\/?post_type=product&#038;p=35358"},"modified":"2026-03-30T20:09:41","modified_gmt":"2026-03-30T20:09:41","slug":"progresion-de-contenidos-fisico-tecnico-tacticos","status":"publish","type":"product","link":"https:\/\/deposoft.com.ar\/es\/producto\/progresion-de-contenidos-fisico-tecnico-tacticos\/","title":{"rendered":"Progresi\u00f3n de contenidos f\u00edsico t\u00e9cnico t\u00e1cticos"},"content":{"rendered":"<p>\u201cLa ense\u00f1anza anal\u00edtica de la t\u00e9cnica individual\u201d<\/p>\n<p>Trabaja\u00a0 el desarrollo t\u00e9cnico de la triple amenaza y la recepci\u00f3n en uno y dos tiempos. En esta ponencia pasa de <em>ejercicios sint\u00e9ticos a ejercicios anal\u00edticos con bal\u00f3n y sin el.<\/em><\/p>\n<p>Comienza con driles de 2&#215;0 con diferentes tipos de <strong>recepci\u00f3n<\/strong> y <strong>salidas cruzadas<\/strong> y <strong>abiertas<\/strong>.<\/p>\n<p>Luego de esto trabaja de manera m\u00e1s anal\u00edtica situaciones de <strong>autopase<\/strong> y <strong>recepci\u00f3n<\/strong>.<\/p>\n<p>Lifschitz <em>propone trabajar a baja intensidad el gesto t\u00e9cnico cuando este no est\u00e1 aprendido<\/em>.<br \/>\n<em><strong>Como entrenadores no nos puede dar lo mismo que el gesto t\u00e9cnico sea el correcto a que no. Debemos corregir todo el tiempo y no repetir el movimiento cuando se hace mal.<\/strong><\/em><\/p>\n<p>Adem\u00e1s del trabajo de t\u00e9cnica individual se debe desarrollar la lateralidad y equilibrio en los jugadores.<\/p>\n<p>Tambi\u00e9n trabaja en parejas en los laterales de la cancha los fundamentos individuales, siendo la intervenci\u00f3n del entrenador clave a la hora de mejorar la ejecuci\u00f3n.<\/p>\n","protected":false},"excerpt":{"rendered":"<p><em><strong><br \/>\nComo entrenadores no nos puede dar lo mismo que el gesto t\u00e9cnico sea el correcto a que no. Debemos corregir todo el tiempo y no repetir el movimiento cuando se hace mal.<\/strong><\/em><\/p>\n<p>Adem\u00e1s del trabajo de t\u00e9cnica individual se debe desarrollar la lateralidad y equilibrio en los jugadores.<\/p>\n","protected":false},"featured_media":35352,"comment_status":"open","ping_status":"closed","template":"","meta":{"site-sidebar-layout":"default","site-content-layout":"","ast-site-content-layout":"default","site-content-style":"default","site-sidebar-style":"default","ast-global-header-display":"","ast-banner-title-visibility":"","ast-main-header-display":"","ast-hfb-above-header-display":"","ast-hfb-below-header-display":"","ast-hfb-mobile-header-display":"","site-post-title":"","ast-breadcrumbs-content":"","ast-featured-img":"","footer-sml-layout":"","ast-disable-related-posts":"","theme-transparent-header-meta":"default","adv-header-id-meta":"","stick-header-meta":"","header-above-stick-meta":"","header-main-stick-meta":"","header-below-stick-meta":"","astra-migrate-meta-layouts":"set","ast-page-background-enabled":"default","ast-page-background-meta":{"desktop":{"background-color":"","background-image":"","background-repeat":"repeat","background-position":"center center","background-size":"auto","background-attachment":"scroll","background-type":"","background-media":"","overlay-type":"","overlay-color":"","overlay-opacity":"","overlay-gradient":""},"tablet":{"background-color":"","background-image":"","background-repeat":"repeat","background-position":"center center","background-size":"auto","background-attachment":"scroll","background-type":"","background-media":"","overlay-type":"","overlay-color":"","overlay-opacity":"","overlay-gradient":""},"mobile":{"background-color":"","background-image":"","background-repeat":"repeat","background-position":"center center","background-size":"auto","background-attachment":"scroll","background-type":"","background-media":"","overlay-type":"","overlay-color":"","overlay-opacity":"","overlay-gradient":""}},"ast-content-background-meta":{"desktop":{"background-color":"var(--ast-global-color-5)","background-image":"","background-repeat":"repeat","background-position":"center center","background-size":"auto","background-attachment":"scroll","background-type":"","background-media":"","overlay-type":"","overlay-color":"","overlay-opacity":"","overlay-gradient":""},"tablet":{"background-color":"var(--ast-global-color-5)","background-image":"","background-repeat":"repeat","background-position":"center center","background-size":"auto","background-attachment":"scroll","background-type":"","background-media":"","overlay-type":"","overlay-color":"","overlay-opacity":"","overlay-gradient":""},"mobile":{"background-color":"var(--ast-global-color-5)","background-image":"","background-repeat":"repeat","background-position":"center center","background-size":"auto","background-attachment":"scroll","background-type":"","background-media":"","overlay-type":"","overlay-color":"","overlay-opacity":"","overlay-gradient":""}},"iawp_total_views":2},"product_brand":[],"product_cat":[111,114],"product_tag":[410],"class_list":{"0":"post-35358","1":"product","2":"type-product","3":"status-publish","4":"has-post-thumbnail","6":"product_cat-formativas","7":"product_cat-coordina","8":"product_tag-diego-lifschitz","9":"desktop-align-left","10":"tablet-align-left","11":"mobile-align-left","13":"first","14":"instock","15":"sale","16":"virtual","17":"sold-individually","18":"purchasable","19":"product-type-course"},"_links":{"self":[{"href":"https:\/\/deposoft.com.ar\/es\/wp-json\/wp\/v2\/product\/35358","targetHints":{"allow":["GET"]}}],"collection":[{"href":"https:\/\/deposoft.com.ar\/es\/wp-json\/wp\/v2\/product"}],"about":[{"href":"https:\/\/deposoft.com.ar\/es\/wp-json\/wp\/v2\/types\/product"}],"replies":[{"embeddable":true,"href":"https:\/\/deposoft.com.ar\/es\/wp-json\/wp\/v2\/comments?post=35358"}],"version-history":[{"count":3,"href":"https:\/\/deposoft.com.ar\/es\/wp-json\/wp\/v2\/product\/35358\/revisions"}],"predecessor-version":[{"id":36756,"href":"https:\/\/deposoft.com.ar\/es\/wp-json\/wp\/v2\/product\/35358\/revisions\/36756"}],"wp:featuredmedia":[{"embeddable":true,"href":"https:\/\/deposoft.com.ar\/es\/wp-json\/wp\/v2\/media\/35352"}],"wp:attachment":[{"href":"https:\/\/deposoft.com.ar\/es\/wp-json\/wp\/v2\/media?parent=35358"}],"wp:term":[{"taxonomy":"product_brand","embeddable":true,"href":"https:\/\/deposoft.com.ar\/es\/wp-json\/wp\/v2\/product_brand?post=35358"},{"taxonomy":"product_cat","embeddable":true,"href":"https:\/\/deposoft.com.ar\/es\/wp-json\/wp\/v2\/product_cat?post=35358"},{"taxonomy":"product_tag","embeddable":true,"href":"https:\/\/deposoft.com.ar\/es\/wp-json\/wp\/v2\/product_tag?post=35358"}],"curies":[{"name":"wp","href":"https:\/\/api.w.org\/{rel}","templated":true}]}}