{"id":35220,"date":"2025-11-17T11:07:18","date_gmt":"2025-11-17T11:07:18","guid":{"rendered":"https:\/\/deposoft.com.ar\/es\/?post_type=product&#038;p=35220"},"modified":"2025-11-17T15:21:37","modified_gmt":"2025-11-17T15:21:37","slug":"detalles-en-la-defensa-del-pick-and-roll-2","status":"publish","type":"product","link":"https:\/\/deposoft.com.ar\/es\/producto\/detalles-en-la-defensa-del-pick-and-roll-2\/","title":{"rendered":"Detalles en la defensa del pick and roll"},"content":{"rendered":"<p>Hay un punto de azar en las decisiones que se toman, resalta la importancia de tener un hilo conductor de esas decisiones, para facilitarle al\/la jugador\/a asimilar los nuevos conceptos t\u00e9cnicos o t\u00e1cticos. &#8211; \u201cDe hecho, hay un doble camino, el ense\u00f1a algo t\u00e9cnico y entonces le da una explicaci\u00f3n t\u00e1ctica, o ense\u00f1a algo t\u00e1ctico y ense\u00f1a t\u00e9cnicamente lo que necesita para aplicar esa situaci\u00f3n\u201d. &#8211;<br \/>\nAl o\u00edrlo y verlo en los siguientes videos ya no volver\u00e1s a ver el baloncesto de la misma manera. &#8211; El aprendizaje es experiencia todo lo dem\u00e1s es informaci\u00f3n. &#8211;<\/p>\n<p>Una de las cosas que dice Jota, es que \u00e9l trata de aprender de la pr\u00e1ctica y no de la teor\u00eda; un concepto muy interesante, que el aprende observando a los mejores jugadores. &#8211;<br \/>\nEl observo que los mejores que estos no se desplazan lateralmente, da el ejemplo Kobe Bryant y de Michael Jordan, diciendo que estos, los buenos como le llama, \u201csaltan\u201d. \u2013<br \/>\nInicia el desarrollo metodol\u00f3gico del pick and roll con su bater\u00eda de ejercicios, haciendo de inicio mucho \u00e9nfasis en como mueven los pies los jugadores defensores<\/p>\n<p>Dos videos con un contenido t\u00e9cnico impresionante y con el estilo de Jota, y sus ejemplos, explicaciones y metodolog\u00eda de ense\u00f1anza, que es imposible describir en palabras, pero\u2026dentro de estas exposiciones en cancha encontrar\u00e1n toda la explicaci\u00f3n posible, a las diferentes acciones t\u00e1cticas defensivas en este juego del pick and roll.<\/p>\n","protected":false},"excerpt":{"rendered":"<p>Dos videos con un contenido t\u00e9cnico impresionante y con el estilo de Jota, y sus ejemplos, explicaciones y metodolog\u00eda de ense\u00f1anza, que es imposible describir en palabras, pero\u2026dentro de estas exposiciones en cancha encontrar\u00e1n toda la explicaci\u00f3n posible, a las diferentes acciones t\u00e1cticas defensivas en este juego del pick and roll.<\/p>\n","protected":false},"featured_media":34624,"comment_status":"open","ping_status":"closed","template":"","meta":{"site-sidebar-layout":"default","site-content-layout":"","ast-site-content-layout":"default","site-content-style":"default","site-sidebar-style":"default","ast-global-header-display":"","ast-banner-title-visibility":"","ast-main-header-display":"","ast-hfb-above-header-display":"","ast-hfb-below-header-display":"","ast-hfb-mobile-header-display":"","site-post-title":"","ast-breadcrumbs-content":"","ast-featured-img":"","footer-sml-layout":"","ast-disable-related-posts":"","theme-transparent-header-meta":"default","adv-header-id-meta":"","stick-header-meta":"","header-above-stick-meta":"","header-main-stick-meta":"","header-below-stick-meta":"","astra-migrate-meta-layouts":"set","ast-page-background-enabled":"default","ast-page-background-meta":{"desktop":{"background-color":"","background-image":"","background-repeat":"repeat","background-position":"center center","background-size":"auto","background-attachment":"scroll","background-type":"","background-media":"","overlay-type":"","overlay-color":"","overlay-opacity":"","overlay-gradient":""},"tablet":{"background-color":"","background-image":"","background-repeat":"repeat","background-position":"center center","background-size":"auto","background-attachment":"scroll","background-type":"","background-media":"","overlay-type":"","overlay-color":"","overlay-opacity":"","overlay-gradient":""},"mobile":{"background-color":"","background-image":"","background-repeat":"repeat","background-position":"center center","background-size":"auto","background-attachment":"scroll","background-type":"","background-media":"","overlay-type":"","overlay-color":"","overlay-opacity":"","overlay-gradient":""}},"ast-content-background-meta":{"desktop":{"background-color":"var(--ast-global-color-5)","background-image":"","background-repeat":"repeat","background-position":"center center","background-size":"auto","background-attachment":"scroll","background-type":"","background-media":"","overlay-type":"","overlay-color":"","overlay-opacity":"","overlay-gradient":""},"tablet":{"background-color":"var(--ast-global-color-5)","background-image":"","background-repeat":"repeat","background-position":"center center","background-size":"auto","background-attachment":"scroll","background-type":"","background-media":"","overlay-type":"","overlay-color":"","overlay-opacity":"","overlay-gradient":""},"mobile":{"background-color":"var(--ast-global-color-5)","background-image":"","background-repeat":"repeat","background-position":"center center","background-size":"auto","background-attachment":"scroll","background-type":"","background-media":"","overlay-type":"","overlay-color":"","overlay-opacity":"","overlay-gradient":""}},"iawp_total_views":3},"product_brand":[],"product_cat":[113],"product_tag":[400],"class_list":{"0":"post-35220","1":"product","2":"type-product","3":"status-publish","4":"has-post-thumbnail","6":"product_cat-alto-rendimiento","7":"product_tag-jota-cuspinera","8":"desktop-align-left","9":"tablet-align-left","10":"mobile-align-left","12":"first","13":"instock","14":"virtual","15":"sold-individually","16":"purchasable","17":"product-type-course"},"_links":{"self":[{"href":"https:\/\/deposoft.com.ar\/es\/wp-json\/wp\/v2\/product\/35220","targetHints":{"allow":["GET"]}}],"collection":[{"href":"https:\/\/deposoft.com.ar\/es\/wp-json\/wp\/v2\/product"}],"about":[{"href":"https:\/\/deposoft.com.ar\/es\/wp-json\/wp\/v2\/types\/product"}],"replies":[{"embeddable":true,"href":"https:\/\/deposoft.com.ar\/es\/wp-json\/wp\/v2\/comments?post=35220"}],"version-history":[{"count":1,"href":"https:\/\/deposoft.com.ar\/es\/wp-json\/wp\/v2\/product\/35220\/revisions"}],"predecessor-version":[{"id":35221,"href":"https:\/\/deposoft.com.ar\/es\/wp-json\/wp\/v2\/product\/35220\/revisions\/35221"}],"wp:featuredmedia":[{"embeddable":true,"href":"https:\/\/deposoft.com.ar\/es\/wp-json\/wp\/v2\/media\/34624"}],"wp:attachment":[{"href":"https:\/\/deposoft.com.ar\/es\/wp-json\/wp\/v2\/media?parent=35220"}],"wp:term":[{"taxonomy":"product_brand","embeddable":true,"href":"https:\/\/deposoft.com.ar\/es\/wp-json\/wp\/v2\/product_brand?post=35220"},{"taxonomy":"product_cat","embeddable":true,"href":"https:\/\/deposoft.com.ar\/es\/wp-json\/wp\/v2\/product_cat?post=35220"},{"taxonomy":"product_tag","embeddable":true,"href":"https:\/\/deposoft.com.ar\/es\/wp-json\/wp\/v2\/product_tag?post=35220"}],"curies":[{"name":"wp","href":"https:\/\/api.w.org\/{rel}","templated":true}]}}