{"id":34765,"date":"2025-10-29T19:29:15","date_gmt":"2025-10-29T19:29:15","guid":{"rendered":"https:\/\/deposoft.com.ar\/es\/?post_type=product&#038;p=34765"},"modified":"2026-03-27T19:43:23","modified_gmt":"2026-03-27T19:43:23","slug":"ejercicios-tecnica-individual-metodo-analitico","status":"publish","type":"product","link":"https:\/\/deposoft.com.ar\/es\/producto\/ejercicios-tecnica-individual-metodo-analitico\/","title":{"rendered":"Ejercicios t\u00e9cnica individual &#8211; m\u00e9todo anal\u00edtico"},"content":{"rendered":"<p>Los primeros ejercicios y a modo de entrada en calor arrancan con ejercicios de manejo de bal\u00f3n<br \/>\ncon y sin pique con materiales para mejorar la visi\u00f3n al frente.<br \/>\nLos ejercicios evolucionan a mejorar la calidad t\u00e9cnica del bote en 3 fases bote de protecci\u00f3n, bote<br \/>\nde traslaci\u00f3n y bote de ataque.<br \/>\nCarlos Ballester propone que las entradas en calor sean siempre diferentes m\u00e1s all\u00e1 que se trabaje el<br \/>\nmismo contenido y trabajar los contactos de juego con un oponente.<br \/>\nYa en el medio del clinic, Carlos muestra una bater\u00eda de ejercicios de pases para mejorar las capacidades coordinativas de objeto y espacio posteriormente con situaciones de defensa.<br \/>\nCarlos continua con el desarrollo de la ense\u00f1anza y la t\u00e9cnica del lanzamiento con una reflexi\u00f3n acerca<br \/>\ndel mismo que invitan al debate.<\/p>\n","protected":false},"excerpt":{"rendered":"<p>Los primeros ejercicios y a modo de entrada en calor arrancan con ejercicios de manejo de bal\u00f3n con y sin pique con materiales para mejorar la visi\u00f3n al frente. Los ejercicios evolucionan a mejorar la calidad t\u00e9cnica del bote en 3 fases bote de protecci\u00f3n, bote de traslaci\u00f3n y bote de ataque. Carlos Ballester propone [&hellip;]<\/p>\n","protected":false},"featured_media":34762,"comment_status":"open","ping_status":"closed","template":"","meta":{"site-sidebar-layout":"default","site-content-layout":"","ast-site-content-layout":"default","site-content-style":"default","site-sidebar-style":"default","ast-global-header-display":"","ast-banner-title-visibility":"","ast-main-header-display":"","ast-hfb-above-header-display":"","ast-hfb-below-header-display":"","ast-hfb-mobile-header-display":"","site-post-title":"","ast-breadcrumbs-content":"","ast-featured-img":"","footer-sml-layout":"","ast-disable-related-posts":"","theme-transparent-header-meta":"default","adv-header-id-meta":"","stick-header-meta":"","header-above-stick-meta":"","header-main-stick-meta":"","header-below-stick-meta":"","astra-migrate-meta-layouts":"set","ast-page-background-enabled":"default","ast-page-background-meta":{"desktop":{"background-color":"","background-image":"","background-repeat":"repeat","background-position":"center center","background-size":"auto","background-attachment":"scroll","background-type":"","background-media":"","overlay-type":"","overlay-color":"","overlay-opacity":"","overlay-gradient":""},"tablet":{"background-color":"","background-image":"","background-repeat":"repeat","background-position":"center center","background-size":"auto","background-attachment":"scroll","background-type":"","background-media":"","overlay-type":"","overlay-color":"","overlay-opacity":"","overlay-gradient":""},"mobile":{"background-color":"","background-image":"","background-repeat":"repeat","background-position":"center center","background-size":"auto","background-attachment":"scroll","background-type":"","background-media":"","overlay-type":"","overlay-color":"","overlay-opacity":"","overlay-gradient":""}},"ast-content-background-meta":{"desktop":{"background-color":"var(--ast-global-color-5)","background-image":"","background-repeat":"repeat","background-position":"center center","background-size":"auto","background-attachment":"scroll","background-type":"","background-media":"","overlay-type":"","overlay-color":"","overlay-opacity":"","overlay-gradient":""},"tablet":{"background-color":"var(--ast-global-color-5)","background-image":"","background-repeat":"repeat","background-position":"center center","background-size":"auto","background-attachment":"scroll","background-type":"","background-media":"","overlay-type":"","overlay-color":"","overlay-opacity":"","overlay-gradient":""},"mobile":{"background-color":"var(--ast-global-color-5)","background-image":"","background-repeat":"repeat","background-position":"center center","background-size":"auto","background-attachment":"scroll","background-type":"","background-media":"","overlay-type":"","overlay-color":"","overlay-opacity":"","overlay-gradient":""}},"iawp_total_views":2},"product_brand":[],"product_cat":[112],"product_tag":[116],"class_list":{"0":"post-34765","1":"product","2":"type-product","3":"status-publish","4":"has-post-thumbnail","6":"product_cat-minibasquet","7":"product_tag-carlos-ballester","8":"desktop-align-left","9":"tablet-align-left","10":"mobile-align-left","12":"first","13":"instock","14":"virtual","15":"sold-individually","16":"purchasable","17":"product-type-course"},"_links":{"self":[{"href":"https:\/\/deposoft.com.ar\/es\/wp-json\/wp\/v2\/product\/34765","targetHints":{"allow":["GET"]}}],"collection":[{"href":"https:\/\/deposoft.com.ar\/es\/wp-json\/wp\/v2\/product"}],"about":[{"href":"https:\/\/deposoft.com.ar\/es\/wp-json\/wp\/v2\/types\/product"}],"replies":[{"embeddable":true,"href":"https:\/\/deposoft.com.ar\/es\/wp-json\/wp\/v2\/comments?post=34765"}],"version-history":[{"count":1,"href":"https:\/\/deposoft.com.ar\/es\/wp-json\/wp\/v2\/product\/34765\/revisions"}],"predecessor-version":[{"id":34766,"href":"https:\/\/deposoft.com.ar\/es\/wp-json\/wp\/v2\/product\/34765\/revisions\/34766"}],"wp:featuredmedia":[{"embeddable":true,"href":"https:\/\/deposoft.com.ar\/es\/wp-json\/wp\/v2\/media\/34762"}],"wp:attachment":[{"href":"https:\/\/deposoft.com.ar\/es\/wp-json\/wp\/v2\/media?parent=34765"}],"wp:term":[{"taxonomy":"product_brand","embeddable":true,"href":"https:\/\/deposoft.com.ar\/es\/wp-json\/wp\/v2\/product_brand?post=34765"},{"taxonomy":"product_cat","embeddable":true,"href":"https:\/\/deposoft.com.ar\/es\/wp-json\/wp\/v2\/product_cat?post=34765"},{"taxonomy":"product_tag","embeddable":true,"href":"https:\/\/deposoft.com.ar\/es\/wp-json\/wp\/v2\/product_tag?post=34765"}],"curies":[{"name":"wp","href":"https:\/\/api.w.org\/{rel}","templated":true}]}}