{"id":34710,"date":"2025-10-27T21:18:41","date_gmt":"2025-10-27T21:18:41","guid":{"rendered":"https:\/\/deposoft.com.ar\/es\/?post_type=product&#038;p=34710"},"modified":"2025-11-17T15:13:31","modified_gmt":"2025-11-17T15:13:31","slug":"contrataque-y-transicion","status":"publish","type":"product","link":"https:\/\/deposoft.com.ar\/es\/producto\/contrataque-y-transicion\/","title":{"rendered":"Contrataque y transici\u00f3n"},"content":{"rendered":"<p>Cuando Jota Cuspinera habla de contraataque mantiene sus tres normas b\u00e1sicas de spacing aunque con algunas peculiaridades ya que las dimensiones de la cancha son mas grandes que un ataque posicional.<br \/>\nJota pone en duda algunos mitos en cuanto a la ense\u00f1anza del ataque r\u00e1pido y hace hincapi\u00e9<br \/>\nen lo importante que es que los jugadores sean consientes de donde se encuentran las ventajas<br \/>\nen transici\u00f3n. Por ultimo nos habla de los \u201cimanes\u201d que existen en la cancha y que la mayor\u00eda<br \/>\nde los jugadores tienden a caer en ellos.<\/p>\n<p>Nos recuerda que si queremos equipos que corran m\u00e1s, no basta con decirlo: hay que construir h\u00e1bitos, repetir, corregir, insistir.<br \/>\nDesde la posici\u00f3n corporal tras pase, hasta la toma de decisiones al recuperar el bal\u00f3n: todo suma.<\/p>\n<p>\ud83d\udd01 No es correr por correr. Es correr bien.<br \/>\n\u00bfQu\u00e9 h\u00e1bito te parece clave para que un equipo corra?<\/p>\n<p>En 2 conferencias una en Argentina y otra en Uruguay, ver\u00e1s los conceptos de este maestro de maestros.<\/p>\n<p>&nbsp;<\/p>\n","protected":false},"excerpt":{"rendered":"<p>Cuando Jota Cuspinera habla de contraataque mantiene sus tres normas b\u00e1sicas de spacing aunque con algunas peculiaridades ya que las dimensiones de la cancha son mas grandes que un ataque posicional. Jota pone en duda algunos mitos en cuanto a la ense\u00f1anza del ataque r\u00e1pido y hace hincapi\u00e9 en lo importante que es que los [&hellip;]<\/p>\n","protected":false},"featured_media":34709,"comment_status":"open","ping_status":"closed","template":"","meta":{"site-sidebar-layout":"default","site-content-layout":"","ast-site-content-layout":"default","site-content-style":"default","site-sidebar-style":"default","ast-global-header-display":"","ast-banner-title-visibility":"","ast-main-header-display":"","ast-hfb-above-header-display":"","ast-hfb-below-header-display":"","ast-hfb-mobile-header-display":"","site-post-title":"","ast-breadcrumbs-content":"","ast-featured-img":"","footer-sml-layout":"","ast-disable-related-posts":"","theme-transparent-header-meta":"default","adv-header-id-meta":"","stick-header-meta":"","header-above-stick-meta":"","header-main-stick-meta":"","header-below-stick-meta":"","astra-migrate-meta-layouts":"set","ast-page-background-enabled":"default","ast-page-background-meta":{"desktop":{"background-color":"","background-image":"","background-repeat":"repeat","background-position":"center center","background-size":"auto","background-attachment":"scroll","background-type":"","background-media":"","overlay-type":"","overlay-color":"","overlay-opacity":"","overlay-gradient":""},"tablet":{"background-color":"","background-image":"","background-repeat":"repeat","background-position":"center center","background-size":"auto","background-attachment":"scroll","background-type":"","background-media":"","overlay-type":"","overlay-color":"","overlay-opacity":"","overlay-gradient":""},"mobile":{"background-color":"","background-image":"","background-repeat":"repeat","background-position":"center center","background-size":"auto","background-attachment":"scroll","background-type":"","background-media":"","overlay-type":"","overlay-color":"","overlay-opacity":"","overlay-gradient":""}},"ast-content-background-meta":{"desktop":{"background-color":"var(--ast-global-color-5)","background-image":"","background-repeat":"repeat","background-position":"center center","background-size":"auto","background-attachment":"scroll","background-type":"","background-media":"","overlay-type":"","overlay-color":"","overlay-opacity":"","overlay-gradient":""},"tablet":{"background-color":"var(--ast-global-color-5)","background-image":"","background-repeat":"repeat","background-position":"center center","background-size":"auto","background-attachment":"scroll","background-type":"","background-media":"","overlay-type":"","overlay-color":"","overlay-opacity":"","overlay-gradient":""},"mobile":{"background-color":"var(--ast-global-color-5)","background-image":"","background-repeat":"repeat","background-position":"center center","background-size":"auto","background-attachment":"scroll","background-type":"","background-media":"","overlay-type":"","overlay-color":"","overlay-opacity":"","overlay-gradient":""}},"iawp_total_views":2},"product_brand":[],"product_cat":[111],"product_tag":[400],"class_list":{"0":"post-34710","1":"product","2":"type-product","3":"status-publish","4":"has-post-thumbnail","6":"product_cat-formativas","7":"product_tag-jota-cuspinera","8":"desktop-align-left","9":"tablet-align-left","10":"mobile-align-left","12":"first","13":"instock","14":"virtual","15":"sold-individually","16":"purchasable","17":"product-type-course"},"_links":{"self":[{"href":"https:\/\/deposoft.com.ar\/es\/wp-json\/wp\/v2\/product\/34710","targetHints":{"allow":["GET"]}}],"collection":[{"href":"https:\/\/deposoft.com.ar\/es\/wp-json\/wp\/v2\/product"}],"about":[{"href":"https:\/\/deposoft.com.ar\/es\/wp-json\/wp\/v2\/types\/product"}],"replies":[{"embeddable":true,"href":"https:\/\/deposoft.com.ar\/es\/wp-json\/wp\/v2\/comments?post=34710"}],"version-history":[{"count":2,"href":"https:\/\/deposoft.com.ar\/es\/wp-json\/wp\/v2\/product\/34710\/revisions"}],"predecessor-version":[{"id":34713,"href":"https:\/\/deposoft.com.ar\/es\/wp-json\/wp\/v2\/product\/34710\/revisions\/34713"}],"wp:featuredmedia":[{"embeddable":true,"href":"https:\/\/deposoft.com.ar\/es\/wp-json\/wp\/v2\/media\/34709"}],"wp:attachment":[{"href":"https:\/\/deposoft.com.ar\/es\/wp-json\/wp\/v2\/media?parent=34710"}],"wp:term":[{"taxonomy":"product_brand","embeddable":true,"href":"https:\/\/deposoft.com.ar\/es\/wp-json\/wp\/v2\/product_brand?post=34710"},{"taxonomy":"product_cat","embeddable":true,"href":"https:\/\/deposoft.com.ar\/es\/wp-json\/wp\/v2\/product_cat?post=34710"},{"taxonomy":"product_tag","embeddable":true,"href":"https:\/\/deposoft.com.ar\/es\/wp-json\/wp\/v2\/product_tag?post=34710"}],"curies":[{"name":"wp","href":"https:\/\/api.w.org\/{rel}","templated":true}]}}