{"id":34152,"date":"2025-08-17T15:12:43","date_gmt":"2025-08-17T15:12:43","guid":{"rendered":"https:\/\/deposoft.com.ar\/es\/?post_type=product&#038;p=34152"},"modified":"2026-03-31T16:11:56","modified_gmt":"2026-03-31T16:11:56","slug":"martin-villagran-mentoria","status":"publish","type":"product","link":"https:\/\/deposoft.com.ar\/es\/producto\/martin-villagran-mentoria\/","title":{"rendered":"Mentor Mart\u00edn Villagr\u00e1n"},"content":{"rendered":"\r\n<p>a trav\u00e9s de adquirir sus disertaciones primero ver\u00e1s su propuesta que ha aplicado en los lugares donde ha desarrollado sus actividades y luego tendr\u00e1s un mano a mano enriquecedor con el mismo.<\/p>\r\n\r\n\r\n\r\n<ul>\r\n<li>Filosof\u00eda de trabajo\u00a0\u00a0<\/li>\r\n<li>Sistema de juego\u00a0<\/li>\r\n<li>Entrenadores. Evaluaciones. Sistema de entrenamiento<\/li>\r\n<li>Ense\u00f1anza deportiva\u00a0\u00a0<\/li>\r\n<li>Sistema de juego ofensivo y defensivo<\/li>\r\n<li>Rotaciones defensivas\u00a0<\/li>\r\n<li>Construcci\u00f3n de transici\u00f3n por conceptos en pre temporada para profesionales y formativas\u00a0\u00a0<\/li>\r\n<li>Sistema de juego ofensivo desarrollo desde categor\u00edas juveniles al alto rendimiento: metodolog\u00eda &#8211;\u00a0\u00a0<\/li>\r\n<li>Direcci\u00f3n de equipos<\/li>\r\n<\/ul>\r\n<p><span style=\"color: #ffffff;\">Mentoring<\/span><\/p>\r\n","protected":false},"excerpt":{"rendered":"<p>nada mejor que evacuar tus dudas o reafirmar tus conocimientos en privado con uno de los entrenadores con vigencia y proyecci\u00f3n de\u00a0 la Liga Nacional de Basquetbol con el extra de ver primero su forma de trabajo<\/p>\n","protected":false},"featured_media":36281,"comment_status":"open","ping_status":"closed","template":"","meta":{"site-sidebar-layout":"default","site-content-layout":"","ast-site-content-layout":"default","site-content-style":"default","site-sidebar-style":"default","ast-global-header-display":"","ast-banner-title-visibility":"","ast-main-header-display":"","ast-hfb-above-header-display":"","ast-hfb-below-header-display":"","ast-hfb-mobile-header-display":"","site-post-title":"","ast-breadcrumbs-content":"","ast-featured-img":"","footer-sml-layout":"","ast-disable-related-posts":"","theme-transparent-header-meta":"default","adv-header-id-meta":"","stick-header-meta":"","header-above-stick-meta":"","header-main-stick-meta":"","header-below-stick-meta":"","astra-migrate-meta-layouts":"set","ast-page-background-enabled":"default","ast-page-background-meta":{"desktop":{"background-color":"","background-image":"","background-repeat":"repeat","background-position":"center center","background-size":"auto","background-attachment":"scroll","background-type":"","background-media":"","overlay-type":"","overlay-color":"","overlay-opacity":"","overlay-gradient":""},"tablet":{"background-color":"","background-image":"","background-repeat":"repeat","background-position":"center center","background-size":"auto","background-attachment":"scroll","background-type":"","background-media":"","overlay-type":"","overlay-color":"","overlay-opacity":"","overlay-gradient":""},"mobile":{"background-color":"","background-image":"","background-repeat":"repeat","background-position":"center center","background-size":"auto","background-attachment":"scroll","background-type":"","background-media":"","overlay-type":"","overlay-color":"","overlay-opacity":"","overlay-gradient":""}},"ast-content-background-meta":{"desktop":{"background-color":"var(--ast-global-color-5)","background-image":"","background-repeat":"repeat","background-position":"center center","background-size":"auto","background-attachment":"scroll","background-type":"","background-media":"","overlay-type":"","overlay-color":"","overlay-opacity":"","overlay-gradient":""},"tablet":{"background-color":"var(--ast-global-color-5)","background-image":"","background-repeat":"repeat","background-position":"center center","background-size":"auto","background-attachment":"scroll","background-type":"","background-media":"","overlay-type":"","overlay-color":"","overlay-opacity":"","overlay-gradient":""},"mobile":{"background-color":"var(--ast-global-color-5)","background-image":"","background-repeat":"repeat","background-position":"center center","background-size":"auto","background-attachment":"scroll","background-type":"","background-media":"","overlay-type":"","overlay-color":"","overlay-opacity":"","overlay-gradient":""}},"iawp_total_views":5},"product_brand":[],"product_cat":[429],"product_tag":[],"class_list":{"0":"post-34152","1":"product","2":"type-product","3":"status-publish","4":"has-post-thumbnail","6":"product_cat-mentorias","7":"desktop-align-left","8":"tablet-align-left","9":"mobile-align-left","11":"first","12":"instock","13":"virtual","14":"sold-individually","15":"purchasable","16":"product-type-course"},"_links":{"self":[{"href":"https:\/\/deposoft.com.ar\/es\/wp-json\/wp\/v2\/product\/34152","targetHints":{"allow":["GET"]}}],"collection":[{"href":"https:\/\/deposoft.com.ar\/es\/wp-json\/wp\/v2\/product"}],"about":[{"href":"https:\/\/deposoft.com.ar\/es\/wp-json\/wp\/v2\/types\/product"}],"replies":[{"embeddable":true,"href":"https:\/\/deposoft.com.ar\/es\/wp-json\/wp\/v2\/comments?post=34152"}],"version-history":[{"count":4,"href":"https:\/\/deposoft.com.ar\/es\/wp-json\/wp\/v2\/product\/34152\/revisions"}],"predecessor-version":[{"id":36282,"href":"https:\/\/deposoft.com.ar\/es\/wp-json\/wp\/v2\/product\/34152\/revisions\/36282"}],"wp:featuredmedia":[{"embeddable":true,"href":"https:\/\/deposoft.com.ar\/es\/wp-json\/wp\/v2\/media\/36281"}],"wp:attachment":[{"href":"https:\/\/deposoft.com.ar\/es\/wp-json\/wp\/v2\/media?parent=34152"}],"wp:term":[{"taxonomy":"product_brand","embeddable":true,"href":"https:\/\/deposoft.com.ar\/es\/wp-json\/wp\/v2\/product_brand?post=34152"},{"taxonomy":"product_cat","embeddable":true,"href":"https:\/\/deposoft.com.ar\/es\/wp-json\/wp\/v2\/product_cat?post=34152"},{"taxonomy":"product_tag","embeddable":true,"href":"https:\/\/deposoft.com.ar\/es\/wp-json\/wp\/v2\/product_tag?post=34152"}],"curies":[{"name":"wp","href":"https:\/\/api.w.org\/{rel}","templated":true}]}}