{"id":34147,"date":"2025-08-17T14:56:40","date_gmt":"2025-08-17T14:56:40","guid":{"rendered":"https:\/\/deposoft.com.ar\/es\/?post_type=product&#038;p=34147"},"modified":"2026-03-31T16:12:20","modified_gmt":"2026-03-31T16:12:20","slug":"mario-mouche-mentorias","status":"publish","type":"product","link":"https:\/\/deposoft.com.ar\/es\/producto\/mario-mouche-mentorias\/","title":{"rendered":"Mario Mouche &#8211; Mentor\u00eda"},"content":{"rendered":"\r\n<p>a trav\u00e9s de 3 disertaciones, que eligir\u00e1s de este conjunto\u00a0 conocer\u00e1s la filosof\u00eda y propuestas del preparador f\u00edsico que integr\u00f3 el plantel que dirigi\u00f3 los pasos de la GD y luego tendr\u00e1s un mano a mano enriquecedor con el mismo.<\/p>\r\n\r\n\r\n\r\n<p>* Nuevas tendencias en PF ven Deportes ac\u00edclicos. Deportes de equipo e individuales. An\u00e1lisis general de los deportes. Cuantificaci\u00f3n y control de cargas en el\u00a0 entrenamiento y en el juego. T\u00e9cnica. Intensidad. Pausa. Fisiolog\u00eda y entrenamiento de los deportes ac\u00edclicos. Sistemas energ\u00e9ticos. Necesidades funcionales y condicionales. Su utilizaci\u00f3n durante el juego duraci\u00f3n\u00a0 127 minutos<\/p>\r\n<p>*\u00a0 Modelo neuromuscular. Control de cargas en el entrenamiento y juego. T\u00e9cnica, Intensidad. Pausa. Planificaci\u00f3n y metodolog\u00eda del entrenamiento deportivo (planificaci\u00f3n en etapas de formaci\u00f3n). El megaciclo de entrenamiento. Crecimiento y desarrollo. Etapas sensibles, De la acci\u00f3n motriz a la destreza deportiva. duraci\u00f3n 170 minutos<\/p>\r\n<p>* Taller sobre capacidades coordinativas y condicionales en etapas de crecimiento y desarrollo. Fuerza. Pliometr\u00eda. Practica y Teor\u00eda. Test. capacidad aer\u00f3bica. Protocolos. Luc Leger. Yo Yo Test. Test de Mouche. duraci\u00f3n 155 minutos<\/p>\r\n<p>*\u00a0 Percepci\u00f3n. Variabilidad. Complejidad y toma de decisiones. Una aproximaci\u00f3n para el desarrollo de los ni\u00f1os y de los j\u00f3venes\u00a0 duraci\u00f3n 77 minutos<br \/><br \/>* Percepci\u00f3n. La llave en la toma de decisiones. Equilibrio unipodal. Eje en la construcci\u00f3n del fundamento individual. Motricidad y B\u00e1squetbol. Qui\u00e9n contiene a qui\u00e9n duraci\u00f3n 70 minutos<br \/><br \/>*\u00a0 Capacidades coordinativas, lateralidad y dominancia\u00a0 \u00a0duraci\u00f3n 180 minutos<\/p>\r\n<p>* Educar \u00a0motrizmente a un pie y el otro como clave \u00a0desarrollar gestos t\u00e9cnicos espec\u00edficos\u00a0 duraci\u00f3n 69 minutos<\/p>\r\n<p>&nbsp;<\/p>\r\n","protected":false},"excerpt":{"rendered":"<p>nada mejor que evacuar tus dudas o reafirmar tus conocimientos en privado con uno de los preparadores f\u00edsicos de la Liga Nacional de Basquetbol con el extra de ver primero su forma de trabajo<\/p>\n","protected":false},"featured_media":34148,"comment_status":"open","ping_status":"closed","template":"","meta":{"site-sidebar-layout":"default","site-content-layout":"","ast-site-content-layout":"default","site-content-style":"default","site-sidebar-style":"default","ast-global-header-display":"","ast-banner-title-visibility":"","ast-main-header-display":"","ast-hfb-above-header-display":"","ast-hfb-below-header-display":"","ast-hfb-mobile-header-display":"","site-post-title":"","ast-breadcrumbs-content":"","ast-featured-img":"","footer-sml-layout":"","ast-disable-related-posts":"","theme-transparent-header-meta":"default","adv-header-id-meta":"","stick-header-meta":"","header-above-stick-meta":"","header-main-stick-meta":"","header-below-stick-meta":"","astra-migrate-meta-layouts":"set","ast-page-background-enabled":"default","ast-page-background-meta":{"desktop":{"background-color":"","background-image":"","background-repeat":"repeat","background-position":"center center","background-size":"auto","background-attachment":"scroll","background-type":"","background-media":"","overlay-type":"","overlay-color":"","overlay-opacity":"","overlay-gradient":""},"tablet":{"background-color":"","background-image":"","background-repeat":"repeat","background-position":"center center","background-size":"auto","background-attachment":"scroll","background-type":"","background-media":"","overlay-type":"","overlay-color":"","overlay-opacity":"","overlay-gradient":""},"mobile":{"background-color":"","background-image":"","background-repeat":"repeat","background-position":"center center","background-size":"auto","background-attachment":"scroll","background-type":"","background-media":"","overlay-type":"","overlay-color":"","overlay-opacity":"","overlay-gradient":""}},"ast-content-background-meta":{"desktop":{"background-color":"var(--ast-global-color-5)","background-image":"","background-repeat":"repeat","background-position":"center center","background-size":"auto","background-attachment":"scroll","background-type":"","background-media":"","overlay-type":"","overlay-color":"","overlay-opacity":"","overlay-gradient":""},"tablet":{"background-color":"var(--ast-global-color-5)","background-image":"","background-repeat":"repeat","background-position":"center center","background-size":"auto","background-attachment":"scroll","background-type":"","background-media":"","overlay-type":"","overlay-color":"","overlay-opacity":"","overlay-gradient":""},"mobile":{"background-color":"var(--ast-global-color-5)","background-image":"","background-repeat":"repeat","background-position":"center center","background-size":"auto","background-attachment":"scroll","background-type":"","background-media":"","overlay-type":"","overlay-color":"","overlay-opacity":"","overlay-gradient":""}},"iawp_total_views":5},"product_brand":[],"product_cat":[429],"product_tag":[],"class_list":{"0":"post-34147","1":"product","2":"type-product","3":"status-publish","4":"has-post-thumbnail","6":"product_cat-mentorias","7":"desktop-align-left","8":"tablet-align-left","9":"mobile-align-left","11":"first","12":"instock","13":"virtual","14":"sold-individually","15":"purchasable","16":"product-type-simple"},"_links":{"self":[{"href":"https:\/\/deposoft.com.ar\/es\/wp-json\/wp\/v2\/product\/34147","targetHints":{"allow":["GET"]}}],"collection":[{"href":"https:\/\/deposoft.com.ar\/es\/wp-json\/wp\/v2\/product"}],"about":[{"href":"https:\/\/deposoft.com.ar\/es\/wp-json\/wp\/v2\/types\/product"}],"replies":[{"embeddable":true,"href":"https:\/\/deposoft.com.ar\/es\/wp-json\/wp\/v2\/comments?post=34147"}],"version-history":[{"count":3,"href":"https:\/\/deposoft.com.ar\/es\/wp-json\/wp\/v2\/product\/34147\/revisions"}],"predecessor-version":[{"id":34202,"href":"https:\/\/deposoft.com.ar\/es\/wp-json\/wp\/v2\/product\/34147\/revisions\/34202"}],"wp:featuredmedia":[{"embeddable":true,"href":"https:\/\/deposoft.com.ar\/es\/wp-json\/wp\/v2\/media\/34148"}],"wp:attachment":[{"href":"https:\/\/deposoft.com.ar\/es\/wp-json\/wp\/v2\/media?parent=34147"}],"wp:term":[{"taxonomy":"product_brand","embeddable":true,"href":"https:\/\/deposoft.com.ar\/es\/wp-json\/wp\/v2\/product_brand?post=34147"},{"taxonomy":"product_cat","embeddable":true,"href":"https:\/\/deposoft.com.ar\/es\/wp-json\/wp\/v2\/product_cat?post=34147"},{"taxonomy":"product_tag","embeddable":true,"href":"https:\/\/deposoft.com.ar\/es\/wp-json\/wp\/v2\/product_tag?post=34147"}],"curies":[{"name":"wp","href":"https:\/\/api.w.org\/{rel}","templated":true}]}}