{"id":33084,"date":"2025-05-22T22:35:43","date_gmt":"2025-05-22T22:35:43","guid":{"rendered":"https:\/\/deposoft.com.ar\/es\/?post_type=product&#038;p=33084"},"modified":"2025-05-22T22:45:07","modified_gmt":"2025-05-22T22:45:07","slug":"3-sets-ofensivos-y-propuestas-para-defenderlos","status":"publish","type":"product","link":"https:\/\/deposoft.com.ar\/es\/producto\/3-sets-ofensivos-y-propuestas-para-defenderlos\/","title":{"rendered":"3 Sets ofensivos y propuestas para defenderlos"},"content":{"rendered":"\r\n<p>Ramella presenta tres sets ofensivos que ha utilizado en Quilmes de Mar del Plata. A partir de esa presentaci\u00f3n, los oyentes debatir\u00e1n y presentar\u00e1n una manera de defender cada set ofensivo dando los argumentos necesarios para llevarlo a cabo. El entrenador disertante, ayudante de Ramella en la cl\u00ednica presenta cuatro premisas defensivas:<\/p>\r\n\r\n\r\n\r\n<ol class=\"wp-block-list\">\r\n<li>Cuando se puede: se presiona el bal\u00f3n.<\/li>\r\n\r\n\r\n\r\n<li>Lado de pelota l\u00ednea de pase y lado de ayuda eje de cancha.<\/li>\r\n\r\n\r\n\r\n<li>El pase al poste bajo se intenta negar \u00be siempre.<\/li>\r\n\r\n\r\n\r\n<li>Cualquier acci\u00f3n defensiva que se haga en conjunto, con un compa\u00f1ero: se comunica. \u201cCreo que la verdad no est\u00e1 en la t\u00e1ctica, sino en la ejecuci\u00f3n, en la t\u00e9cnica. Pueden existir diez formas de defenderlo y las diez formas pueden estar bien. Los entrenadores debemos entender que la verdad est\u00e1 en la ejecuci\u00f3n y no en la t\u00e1ctica, tenemos que entrenar para que las ejecuciones sean buenas.\u201d<\/li>\r\n<\/ol>\r\n\r\n\r\n\r\n<p>1er sistema Ofensiva inicial de 1-4 para finalizar con un pick and roll final entre 1 y 5.<\/p>\r\n\r\n\r\n\r\n<p>2do sets Set ofensivo para finalizar con aclarado del 2. O finalizar con un pick and roll central.Formaci\u00f3n inicial tradicional de rombo, salida del 2 y rulo para pasar sobre 4. 3er set Espec\u00edfico para juego interior de 4. Dos situaciones para recepci\u00f3n en poste bajo.<\/p>\r\n","protected":false},"excerpt":{"rendered":"<p>Ramella presenta tres sets ofensivos que ha utilizado en Quilmes de Mar del Plata. A partir de esa presentaci\u00f3n, los oyentes debatir\u00e1n y presentar\u00e1n una manera de defender cada set ofensivo dando los argumentos necesarios para llevarlo a cabo. El entrenador disertante, ayudante de Ramella en la cl\u00ednica presenta cuatro premisas defensivas: 1er sistema Ofensiva [&hellip;]<\/p>\n","protected":false},"featured_media":33082,"comment_status":"open","ping_status":"closed","template":"","meta":{"site-sidebar-layout":"default","site-content-layout":"","ast-site-content-layout":"default","site-content-style":"default","site-sidebar-style":"default","ast-global-header-display":"","ast-banner-title-visibility":"","ast-main-header-display":"","ast-hfb-above-header-display":"","ast-hfb-below-header-display":"","ast-hfb-mobile-header-display":"","site-post-title":"","ast-breadcrumbs-content":"","ast-featured-img":"","footer-sml-layout":"","ast-disable-related-posts":"","theme-transparent-header-meta":"default","adv-header-id-meta":"","stick-header-meta":"","header-above-stick-meta":"","header-main-stick-meta":"","header-below-stick-meta":"","astra-migrate-meta-layouts":"set","ast-page-background-enabled":"default","ast-page-background-meta":{"desktop":{"background-color":"","background-image":"","background-repeat":"repeat","background-position":"center center","background-size":"auto","background-attachment":"scroll","background-type":"","background-media":"","overlay-type":"","overlay-color":"","overlay-opacity":"","overlay-gradient":""},"tablet":{"background-color":"","background-image":"","background-repeat":"repeat","background-position":"center center","background-size":"auto","background-attachment":"scroll","background-type":"","background-media":"","overlay-type":"","overlay-color":"","overlay-opacity":"","overlay-gradient":""},"mobile":{"background-color":"","background-image":"","background-repeat":"repeat","background-position":"center center","background-size":"auto","background-attachment":"scroll","background-type":"","background-media":"","overlay-type":"","overlay-color":"","overlay-opacity":"","overlay-gradient":""}},"ast-content-background-meta":{"desktop":{"background-color":"var(--ast-global-color-5)","background-image":"","background-repeat":"repeat","background-position":"center center","background-size":"auto","background-attachment":"scroll","background-type":"","background-media":"","overlay-type":"","overlay-color":"","overlay-opacity":"","overlay-gradient":""},"tablet":{"background-color":"var(--ast-global-color-5)","background-image":"","background-repeat":"repeat","background-position":"center center","background-size":"auto","background-attachment":"scroll","background-type":"","background-media":"","overlay-type":"","overlay-color":"","overlay-opacity":"","overlay-gradient":""},"mobile":{"background-color":"var(--ast-global-color-5)","background-image":"","background-repeat":"repeat","background-position":"center center","background-size":"auto","background-attachment":"scroll","background-type":"","background-media":"","overlay-type":"","overlay-color":"","overlay-opacity":"","overlay-gradient":""}},"iawp_total_views":14},"product_brand":[],"product_cat":[113],"product_tag":[341],"class_list":{"0":"post-33084","1":"product","2":"type-product","3":"status-publish","4":"has-post-thumbnail","6":"product_cat-alto-rendimiento","7":"product_tag-leandro-ramella","8":"desktop-align-left","9":"tablet-align-left","10":"mobile-align-left","12":"first","13":"instock","14":"shipping-taxable","15":"purchasable","16":"product-type-simple"},"_links":{"self":[{"href":"https:\/\/deposoft.com.ar\/es\/wp-json\/wp\/v2\/product\/33084","targetHints":{"allow":["GET"]}}],"collection":[{"href":"https:\/\/deposoft.com.ar\/es\/wp-json\/wp\/v2\/product"}],"about":[{"href":"https:\/\/deposoft.com.ar\/es\/wp-json\/wp\/v2\/types\/product"}],"replies":[{"embeddable":true,"href":"https:\/\/deposoft.com.ar\/es\/wp-json\/wp\/v2\/comments?post=33084"}],"version-history":[{"count":2,"href":"https:\/\/deposoft.com.ar\/es\/wp-json\/wp\/v2\/product\/33084\/revisions"}],"predecessor-version":[{"id":33095,"href":"https:\/\/deposoft.com.ar\/es\/wp-json\/wp\/v2\/product\/33084\/revisions\/33095"}],"wp:featuredmedia":[{"embeddable":true,"href":"https:\/\/deposoft.com.ar\/es\/wp-json\/wp\/v2\/media\/33082"}],"wp:attachment":[{"href":"https:\/\/deposoft.com.ar\/es\/wp-json\/wp\/v2\/media?parent=33084"}],"wp:term":[{"taxonomy":"product_brand","embeddable":true,"href":"https:\/\/deposoft.com.ar\/es\/wp-json\/wp\/v2\/product_brand?post=33084"},{"taxonomy":"product_cat","embeddable":true,"href":"https:\/\/deposoft.com.ar\/es\/wp-json\/wp\/v2\/product_cat?post=33084"},{"taxonomy":"product_tag","embeddable":true,"href":"https:\/\/deposoft.com.ar\/es\/wp-json\/wp\/v2\/product_tag?post=33084"}],"curies":[{"name":"wp","href":"https:\/\/api.w.org\/{rel}","templated":true}]}}