{"id":32364,"date":"2025-01-27T00:46:18","date_gmt":"2025-01-27T00:46:18","guid":{"rendered":"https:\/\/deposoft.com.ar\/es\/?post_type=product&#038;p=32364"},"modified":"2026-03-27T14:53:37","modified_gmt":"2026-03-27T14:53:37","slug":"como-llevar-a-cabo-un-entrenamiento-de-mini-basquetbol","status":"publish","type":"product","link":"https:\/\/deposoft.com.ar\/es\/producto\/como-llevar-a-cabo-un-entrenamiento-de-mini-basquetbol\/","title":{"rendered":"Como llevar a cabo un entrenamiento de mini basquetbol"},"content":{"rendered":"<p><strong>Objetivo de un entrenador: <\/strong><\/p>\n<ul>\n<li>Incidir en el proceso educativo de un jugador.<\/li>\n<li>Darle herramientas para hacer jugadores que puedan resolver por si mismos y a la vez combinar con la repetici\u00f3n de gestos t\u00e9cnicos.<\/li>\n<li>Ense\u00f1anza progresiva, de lo simple a lo complejo. Generar adaptaciones si es muy facil se aburren, muy dif\u00edcil se frustran.<\/li>\n<li>Individualizaci\u00f3n \u00a0del entrenamiento, ver a quien le exijo mas y a quien menos.<\/li>\n<li>Trabajar con ambos perfiles desde el principio a excepci\u00f3n de la bandeja.. (Experiencia propia del autor)<\/li>\n<li>Estimular mucho los logros ya que el estimulo es una herramienta para asimilar mejor las cosas e influye mucho sobre los ni\u00f1os.<\/li>\n<\/ul>\n<p>&nbsp;<\/p>\n<p><strong>Como presentar una actividad: <\/strong><\/p>\n<ul>\n<li>Captar la atenci\u00f3n de todos<\/li>\n<li>Explicaci\u00f3n breve y que llegue a ellos<\/li>\n<li>Demostrar (visualmente logran captar mas)<\/li>\n<li>Evacuar dudas.<\/li>\n<li>Reconocer las buenas acciones.<\/li>\n<\/ul>\n<p>&nbsp;<\/p>\n<p>Juegos<\/p>\n<ul>\n<li>Adaptados al nivel de comprensi\u00f3n y capacidad motriz.<\/li>\n<li>Con los chiquitos se aprende jugando.<\/li>\n<li>Matar el juego antes de que muera (variabilidad, evitar entrenamientos mon\u00f3tonos \u00a0y aburridos)<\/li>\n<li>A medida que van creciendo m\u00e1s ejercicios y menos juegos.<\/li>\n<li>Durante el desarrollo del juego no corregir t\u00e9cnica, que los ni\u00f1os participen.<\/li>\n<li>Motivaci\u00f3n del \u00e9xito, brindar oportunidades reales de participaci\u00f3n a todos mediante pautas y reglas, captar m\u00e1s ni\u00f1os con est\u00edmulos.<\/li>\n<\/ul>\n<p><strong>\u00a0<\/strong><\/p>\n<p><strong>Generar el gusto por la mejora t\u00e9cnica.<\/strong><\/p>\n<p><strong>Como trabajar:<\/strong><\/p>\n<p>Ideal 1 pelota por ni\u00f1o, sino tenemos esa posibilidad buscar diferentes \u00fatiles, pelotas de tenis, futbol. etc. Lograr que puedan trabajar con al menos una pelota por pareja.<\/p>\n<p>Trabajar en grupos reducidos, que sean homog\u00e9neos para darles mas participaci\u00f3n, mezclar a veces pero el emparejamiento que sea por edad, altura, nivel.<\/p>\n<p>Mucho 3&#215;3 y 4&#215;4. Les permite trabajar mas tiempo con la pelota.<\/p>\n<p>&nbsp;<\/p>\n<p><strong>APROVECHAR EL TIEMPO DE TRABAJO.<\/strong><\/p>\n<ul>\n<li>Todo el tiempo estar realizando actividad, explicaciones breves, corregir sobre la marcha.<\/li>\n<li>Tiempos de espera, pausas necesarias, los ni\u00f1os son intermitentes no tienen mucha capacidad aer\u00f3bica.<\/li>\n<li>Buscar estrategias para que todos est\u00e9n trabajando. Subdividir.<\/li>\n<li>Trabajar en circuitos o estaciones.<\/li>\n<li>Aprender jugando: Juegos pre deportivos y adaptados.<\/li>\n<li>Evacuaci\u00f3n de dudas y consejos.<\/li>\n<\/ul>\n<p>&nbsp;<\/p>\n<p><a href=\"https:\/\/deposoft.com.ar\/es\/wp-content\/uploads\/2024\/12\/Como-llevar-a-cabo-un-entrenamiento-de-mini-Metodologia-de-la-ensenanza-Gonzalo-Berreta.pdf\">Como llevar a cabo un entrenamiento de mini Metodolog\u00eda de la ense\u00f1anza Gonzalo Berreta<\/a><\/p>\n<p>&nbsp;<\/p>\n","protected":false},"excerpt":{"rendered":"<p>Objetivo de un entrenador: Incidir en el proceso educativo de un jugador. Darle herramientas para hacer jugadores que puedan resolver por si mismos y a la vez combinar con la repetici\u00f3n de gestos t\u00e9cnicos. Ense\u00f1anza progresiva, de lo simple a lo complejo. Generar adaptaciones si es muy facil se aburren, muy dif\u00edcil se frustran. Individualizaci\u00f3n [&hellip;]<\/p>\n","protected":false},"featured_media":32365,"comment_status":"open","ping_status":"closed","template":"","meta":{"site-sidebar-layout":"default","site-content-layout":"","ast-site-content-layout":"default","site-content-style":"default","site-sidebar-style":"default","ast-global-header-display":"","ast-banner-title-visibility":"","ast-main-header-display":"","ast-hfb-above-header-display":"","ast-hfb-below-header-display":"","ast-hfb-mobile-header-display":"","site-post-title":"","ast-breadcrumbs-content":"","ast-featured-img":"","footer-sml-layout":"","ast-disable-related-posts":"","theme-transparent-header-meta":"default","adv-header-id-meta":"","stick-header-meta":"","header-above-stick-meta":"","header-main-stick-meta":"","header-below-stick-meta":"","astra-migrate-meta-layouts":"set","ast-page-background-enabled":"default","ast-page-background-meta":{"desktop":{"background-color":"","background-image":"","background-repeat":"repeat","background-position":"center center","background-size":"auto","background-attachment":"scroll","background-type":"","background-media":"","overlay-type":"","overlay-color":"","overlay-opacity":"","overlay-gradient":""},"tablet":{"background-color":"","background-image":"","background-repeat":"repeat","background-position":"center center","background-size":"auto","background-attachment":"scroll","background-type":"","background-media":"","overlay-type":"","overlay-color":"","overlay-opacity":"","overlay-gradient":""},"mobile":{"background-color":"","background-image":"","background-repeat":"repeat","background-position":"center center","background-size":"auto","background-attachment":"scroll","background-type":"","background-media":"","overlay-type":"","overlay-color":"","overlay-opacity":"","overlay-gradient":""}},"ast-content-background-meta":{"desktop":{"background-color":"var(--ast-global-color-5)","background-image":"","background-repeat":"repeat","background-position":"center center","background-size":"auto","background-attachment":"scroll","background-type":"","background-media":"","overlay-type":"","overlay-color":"","overlay-opacity":"","overlay-gradient":""},"tablet":{"background-color":"var(--ast-global-color-5)","background-image":"","background-repeat":"repeat","background-position":"center center","background-size":"auto","background-attachment":"scroll","background-type":"","background-media":"","overlay-type":"","overlay-color":"","overlay-opacity":"","overlay-gradient":""},"mobile":{"background-color":"var(--ast-global-color-5)","background-image":"","background-repeat":"repeat","background-position":"center center","background-size":"auto","background-attachment":"scroll","background-type":"","background-media":"","overlay-type":"","overlay-color":"","overlay-opacity":"","overlay-gradient":""}},"iawp_total_views":19},"product_brand":[],"product_cat":[112,114],"product_tag":[365],"class_list":{"0":"post-32364","1":"product","2":"type-product","3":"status-publish","4":"has-post-thumbnail","6":"product_cat-minibasquet","7":"product_cat-coordina","8":"product_tag-gonzalo-berreta","9":"desktop-align-left","10":"tablet-align-left","11":"mobile-align-left","13":"first","14":"instock","15":"sale","16":"virtual","17":"sold-individually","18":"purchasable","19":"product-type-course"},"_links":{"self":[{"href":"https:\/\/deposoft.com.ar\/es\/wp-json\/wp\/v2\/product\/32364","targetHints":{"allow":["GET"]}}],"collection":[{"href":"https:\/\/deposoft.com.ar\/es\/wp-json\/wp\/v2\/product"}],"about":[{"href":"https:\/\/deposoft.com.ar\/es\/wp-json\/wp\/v2\/types\/product"}],"replies":[{"embeddable":true,"href":"https:\/\/deposoft.com.ar\/es\/wp-json\/wp\/v2\/comments?post=32364"}],"version-history":[{"count":1,"href":"https:\/\/deposoft.com.ar\/es\/wp-json\/wp\/v2\/product\/32364\/revisions"}],"predecessor-version":[{"id":32368,"href":"https:\/\/deposoft.com.ar\/es\/wp-json\/wp\/v2\/product\/32364\/revisions\/32368"}],"wp:featuredmedia":[{"embeddable":true,"href":"https:\/\/deposoft.com.ar\/es\/wp-json\/wp\/v2\/media\/32365"}],"wp:attachment":[{"href":"https:\/\/deposoft.com.ar\/es\/wp-json\/wp\/v2\/media?parent=32364"}],"wp:term":[{"taxonomy":"product_brand","embeddable":true,"href":"https:\/\/deposoft.com.ar\/es\/wp-json\/wp\/v2\/product_brand?post=32364"},{"taxonomy":"product_cat","embeddable":true,"href":"https:\/\/deposoft.com.ar\/es\/wp-json\/wp\/v2\/product_cat?post=32364"},{"taxonomy":"product_tag","embeddable":true,"href":"https:\/\/deposoft.com.ar\/es\/wp-json\/wp\/v2\/product_tag?post=32364"}],"curies":[{"name":"wp","href":"https:\/\/api.w.org\/{rel}","templated":true}]}}