{"id":32347,"date":"2025-01-26T12:54:28","date_gmt":"2025-01-26T12:54:28","guid":{"rendered":"https:\/\/deposoft.com.ar\/es\/?post_type=product&#038;p=32347"},"modified":"2026-03-30T20:54:13","modified_gmt":"2026-03-30T20:54:13","slug":"conceptos-ofensivos-en-nino-as-de-u12-u13","status":"publish","type":"product","link":"https:\/\/deposoft.com.ar\/es\/producto\/conceptos-ofensivos-en-nino-as-de-u12-u13\/","title":{"rendered":"Conceptos ofensivos en ni\u00f1o\/as de U12, U13"},"content":{"rendered":"<p class=\"first\">En esta capsula formativa veremos a el entrenador mostrando una serie de ejercicios simples para introducir los conceptos que no debemos descuidar a esta edad de formaci\u00f3n y son los primeros que debemos ense\u00f1ar, pasar, cortar y reemplazar.<\/p>\n<p>Detalles antes de comenzar el entrenamiento, saludar, ver que los ni\u00f1os est\u00e9n contentos, que se sientan a gusto, crear un clima de armon\u00eda en el entrenamiento es fundamental.<\/p>\n<p>A trav\u00e9s de 8 ejercicios, desde el2x0 al 5c5, en el \u00faltimo ejercicio con los 5 jugadores abiertos cuyo objetivo de este ejercicio es mostrar los principales espacios a ocupar en un equipo de U13 y de cualquier categor\u00eda.<\/p>\n<p>La cl\u00ednica termina con un partido en toda la cancha, el objetivo de este es aplicar todo lo aprendido mediante un m\u00e9todo de progresi\u00f3n de lo m\u00e1s simple a lo m\u00e1s complejo, sin dudas se muestran ejercicios muy simples en su aplicaci\u00f3n, pero no debemos olvidar que para poder llegar a esta etapa de t\u00e1ctica colectiva no debemos abandonar la ense\u00f1anza de la t\u00e9cnica individual ya que sino tendremos jugadores que sabr\u00e1n moverse dentro de una cancha pero no podr\u00e1n solucionar problemas con la pelota en la mano<\/p>\n","protected":false},"excerpt":{"rendered":"<p>A trav\u00e9s de 8 ejercicios, desde el2x0 al 5c5, en el \u00faltimo ejercicio con los 5 jugadores abiertos cuyo objetivo de este ejercicio es mostrar los principales espacios a ocupar en un equipo de U13 y de cualquier categor\u00eda.<\/p>\n","protected":false},"featured_media":32348,"comment_status":"open","ping_status":"closed","template":"","meta":{"site-sidebar-layout":"default","site-content-layout":"","ast-site-content-layout":"default","site-content-style":"default","site-sidebar-style":"default","ast-global-header-display":"","ast-banner-title-visibility":"","ast-main-header-display":"","ast-hfb-above-header-display":"","ast-hfb-below-header-display":"","ast-hfb-mobile-header-display":"","site-post-title":"","ast-breadcrumbs-content":"","ast-featured-img":"","footer-sml-layout":"","ast-disable-related-posts":"","theme-transparent-header-meta":"default","adv-header-id-meta":"","stick-header-meta":"","header-above-stick-meta":"","header-main-stick-meta":"","header-below-stick-meta":"","astra-migrate-meta-layouts":"set","ast-page-background-enabled":"default","ast-page-background-meta":{"desktop":{"background-color":"","background-image":"","background-repeat":"repeat","background-position":"center center","background-size":"auto","background-attachment":"scroll","background-type":"","background-media":"","overlay-type":"","overlay-color":"","overlay-opacity":"","overlay-gradient":""},"tablet":{"background-color":"","background-image":"","background-repeat":"repeat","background-position":"center center","background-size":"auto","background-attachment":"scroll","background-type":"","background-media":"","overlay-type":"","overlay-color":"","overlay-opacity":"","overlay-gradient":""},"mobile":{"background-color":"","background-image":"","background-repeat":"repeat","background-position":"center center","background-size":"auto","background-attachment":"scroll","background-type":"","background-media":"","overlay-type":"","overlay-color":"","overlay-opacity":"","overlay-gradient":""}},"ast-content-background-meta":{"desktop":{"background-color":"var(--ast-global-color-5)","background-image":"","background-repeat":"repeat","background-position":"center center","background-size":"auto","background-attachment":"scroll","background-type":"","background-media":"","overlay-type":"","overlay-color":"","overlay-opacity":"","overlay-gradient":""},"tablet":{"background-color":"var(--ast-global-color-5)","background-image":"","background-repeat":"repeat","background-position":"center center","background-size":"auto","background-attachment":"scroll","background-type":"","background-media":"","overlay-type":"","overlay-color":"","overlay-opacity":"","overlay-gradient":""},"mobile":{"background-color":"var(--ast-global-color-5)","background-image":"","background-repeat":"repeat","background-position":"center center","background-size":"auto","background-attachment":"scroll","background-type":"","background-media":"","overlay-type":"","overlay-color":"","overlay-opacity":"","overlay-gradient":""}},"iawp_total_views":14},"product_brand":[],"product_cat":[111,112],"product_tag":[364],"class_list":{"0":"post-32347","1":"product","2":"type-product","3":"status-publish","4":"has-post-thumbnail","6":"product_cat-formativas","7":"product_cat-minibasquet","8":"product_tag-oscar-acosta","9":"desktop-align-left","10":"tablet-align-left","11":"mobile-align-left","13":"first","14":"instock","15":"sale","16":"virtual","17":"sold-individually","18":"purchasable","19":"product-type-course"},"_links":{"self":[{"href":"https:\/\/deposoft.com.ar\/es\/wp-json\/wp\/v2\/product\/32347","targetHints":{"allow":["GET"]}}],"collection":[{"href":"https:\/\/deposoft.com.ar\/es\/wp-json\/wp\/v2\/product"}],"about":[{"href":"https:\/\/deposoft.com.ar\/es\/wp-json\/wp\/v2\/types\/product"}],"replies":[{"embeddable":true,"href":"https:\/\/deposoft.com.ar\/es\/wp-json\/wp\/v2\/comments?post=32347"}],"version-history":[{"count":4,"href":"https:\/\/deposoft.com.ar\/es\/wp-json\/wp\/v2\/product\/32347\/revisions"}],"predecessor-version":[{"id":32353,"href":"https:\/\/deposoft.com.ar\/es\/wp-json\/wp\/v2\/product\/32347\/revisions\/32353"}],"wp:featuredmedia":[{"embeddable":true,"href":"https:\/\/deposoft.com.ar\/es\/wp-json\/wp\/v2\/media\/32348"}],"wp:attachment":[{"href":"https:\/\/deposoft.com.ar\/es\/wp-json\/wp\/v2\/media?parent=32347"}],"wp:term":[{"taxonomy":"product_brand","embeddable":true,"href":"https:\/\/deposoft.com.ar\/es\/wp-json\/wp\/v2\/product_brand?post=32347"},{"taxonomy":"product_cat","embeddable":true,"href":"https:\/\/deposoft.com.ar\/es\/wp-json\/wp\/v2\/product_cat?post=32347"},{"taxonomy":"product_tag","embeddable":true,"href":"https:\/\/deposoft.com.ar\/es\/wp-json\/wp\/v2\/product_tag?post=32347"}],"curies":[{"name":"wp","href":"https:\/\/api.w.org\/{rel}","templated":true}]}}