{"id":32221,"date":"2024-12-10T20:54:01","date_gmt":"2024-12-10T20:54:01","guid":{"rendered":"https:\/\/deposoft.com.ar\/es\/?post_type=product&#038;p=32221"},"modified":"2026-03-30T10:59:32","modified_gmt":"2026-03-30T10:59:32","slug":"la-defensa-como-entrenarla-desde-iniciacion-a-sub-15","status":"publish","type":"product","link":"https:\/\/deposoft.com.ar\/es\/producto\/la-defensa-como-entrenarla-desde-iniciacion-a-sub-15\/","title":{"rendered":"La defensa como entrenarla desde iniciaci\u00f3n a Sub 15"},"content":{"rendered":"<p>distintos contenidos para mejorar el aspecto defensivo en tus jugadores en categor\u00edas de iniciaci\u00f3n.<br \/>\nA trav\u00e9s de disertaciones de Bojanich, Lifschitz, Pagura, Palacios, Milan Mandaric, y Raul Scaglione entrar\u00e1s ver\u00e1s la forma de encarar en los entrenamientos la defensa y los elementos que la componen:<\/p>\n<p>&#8211; Desplazamientos, utilizaci\u00f3n del cuerpo: manos y pies. Lateralidad<br \/>\n&#8211; El rebote.<br \/>\n&#8211; La defensa del pasar y cortar. Recuperaciones defensivas.<br \/>\n&#8211; Principios colectivos del 1c1 al 3vs3.<br \/>\n&#8211; Ejercicios de t\u00e9cnica individual con y sin bal\u00f3n para potenciar capacidades.<br \/>\n&#8211; Las defensas zonales.<\/p>\n","protected":false},"excerpt":{"rendered":"<p>una selecci\u00f3n de material para aplicar en tus entrenos y mejorar distintos aspectos que hacen a la defensa<\/p>\n","protected":false},"featured_media":32179,"comment_status":"open","ping_status":"closed","template":"","meta":{"site-sidebar-layout":"default","site-content-layout":"","ast-site-content-layout":"default","site-content-style":"default","site-sidebar-style":"default","ast-global-header-display":"","ast-banner-title-visibility":"","ast-main-header-display":"","ast-hfb-above-header-display":"","ast-hfb-below-header-display":"","ast-hfb-mobile-header-display":"","site-post-title":"","ast-breadcrumbs-content":"","ast-featured-img":"","footer-sml-layout":"","ast-disable-related-posts":"","theme-transparent-header-meta":"default","adv-header-id-meta":"","stick-header-meta":"","header-above-stick-meta":"","header-main-stick-meta":"","header-below-stick-meta":"","astra-migrate-meta-layouts":"set","ast-page-background-enabled":"default","ast-page-background-meta":{"desktop":{"background-color":"","background-image":"","background-repeat":"repeat","background-position":"center center","background-size":"auto","background-attachment":"scroll","background-type":"","background-media":"","overlay-type":"","overlay-color":"","overlay-opacity":"","overlay-gradient":""},"tablet":{"background-color":"","background-image":"","background-repeat":"repeat","background-position":"center center","background-size":"auto","background-attachment":"scroll","background-type":"","background-media":"","overlay-type":"","overlay-color":"","overlay-opacity":"","overlay-gradient":""},"mobile":{"background-color":"","background-image":"","background-repeat":"repeat","background-position":"center center","background-size":"auto","background-attachment":"scroll","background-type":"","background-media":"","overlay-type":"","overlay-color":"","overlay-opacity":"","overlay-gradient":""}},"ast-content-background-meta":{"desktop":{"background-color":"var(--ast-global-color-5)","background-image":"","background-repeat":"repeat","background-position":"center center","background-size":"auto","background-attachment":"scroll","background-type":"","background-media":"","overlay-type":"","overlay-color":"","overlay-opacity":"","overlay-gradient":""},"tablet":{"background-color":"var(--ast-global-color-5)","background-image":"","background-repeat":"repeat","background-position":"center center","background-size":"auto","background-attachment":"scroll","background-type":"","background-media":"","overlay-type":"","overlay-color":"","overlay-opacity":"","overlay-gradient":""},"mobile":{"background-color":"var(--ast-global-color-5)","background-image":"","background-repeat":"repeat","background-position":"center center","background-size":"auto","background-attachment":"scroll","background-type":"","background-media":"","overlay-type":"","overlay-color":"","overlay-opacity":"","overlay-gradient":""}},"iawp_total_views":18},"product_brand":[],"product_cat":[111,112],"product_tag":[],"class_list":{"0":"post-32221","1":"product","2":"type-product","3":"status-publish","4":"has-post-thumbnail","6":"product_cat-formativas","7":"product_cat-minibasquet","8":"desktop-align-left","9":"tablet-align-left","10":"mobile-align-left","12":"first","13":"instock","14":"sale","15":"virtual","16":"sold-individually","17":"purchasable","18":"product-type-course"},"_links":{"self":[{"href":"https:\/\/deposoft.com.ar\/es\/wp-json\/wp\/v2\/product\/32221","targetHints":{"allow":["GET"]}}],"collection":[{"href":"https:\/\/deposoft.com.ar\/es\/wp-json\/wp\/v2\/product"}],"about":[{"href":"https:\/\/deposoft.com.ar\/es\/wp-json\/wp\/v2\/types\/product"}],"replies":[{"embeddable":true,"href":"https:\/\/deposoft.com.ar\/es\/wp-json\/wp\/v2\/comments?post=32221"}],"version-history":[{"count":4,"href":"https:\/\/deposoft.com.ar\/es\/wp-json\/wp\/v2\/product\/32221\/revisions"}],"predecessor-version":[{"id":36715,"href":"https:\/\/deposoft.com.ar\/es\/wp-json\/wp\/v2\/product\/32221\/revisions\/36715"}],"wp:featuredmedia":[{"embeddable":true,"href":"https:\/\/deposoft.com.ar\/es\/wp-json\/wp\/v2\/media\/32179"}],"wp:attachment":[{"href":"https:\/\/deposoft.com.ar\/es\/wp-json\/wp\/v2\/media?parent=32221"}],"wp:term":[{"taxonomy":"product_brand","embeddable":true,"href":"https:\/\/deposoft.com.ar\/es\/wp-json\/wp\/v2\/product_brand?post=32221"},{"taxonomy":"product_cat","embeddable":true,"href":"https:\/\/deposoft.com.ar\/es\/wp-json\/wp\/v2\/product_cat?post=32221"},{"taxonomy":"product_tag","embeddable":true,"href":"https:\/\/deposoft.com.ar\/es\/wp-json\/wp\/v2\/product_tag?post=32221"}],"curies":[{"name":"wp","href":"https:\/\/api.w.org\/{rel}","templated":true}]}}