{"id":32083,"date":"2024-11-28T21:27:58","date_gmt":"2024-11-28T21:27:58","guid":{"rendered":"https:\/\/deposoft.com.ar\/es\/?post_type=product&#038;p=32083"},"modified":"2026-03-31T16:13:18","modified_gmt":"2026-03-31T16:13:18","slug":"fernando-suarez-mentorias","status":"publish","type":"product","link":"https:\/\/deposoft.com.ar\/es\/producto\/fernando-suarez-mentorias\/","title":{"rendered":"Fernando Suarez &#8211; Mentor\u00eda"},"content":{"rendered":"\r\n<p>Aa trav\u00e9s de 5 disertaciones conocer\u00e1s la forma de trabajo de uno de los mejores preparadores f\u00edsicos de la Liga Nacional Argentina, y luego tener una mentor\u00eda online<\/p>\r\n\r\n\r\n\r\n<p>1 &#8211; An\u00e1lisis del b\u00e1squetbol actual, registros de GPS, Cirtuitos para trabajar la resistencia espec\u00edfica en campo(metab\u00f3ico, neuromuscular, t\u00e9cnico). 2-\u00a0 Ejercicios de fuerza explosiva con objetivo multidireccional.<\/p>\r\n\r\n\r\n\r\n<p>3- Introducci\u00f3n del entrenamiento unilateral y unilateral cruzado de fuerza en formaci\u00f3n<\/p>\r\n\r\n\r\n\r\n<p>4- Ideas metodol\u00f3gicas para entrenar en circuito<\/p>\r\n\r\n\r\n\r\n<p>5 \u2013 Preparaci\u00f3n f\u00edsica en el b\u00e1squet actual<\/p>\r\n","protected":false},"excerpt":{"rendered":"<p>nada mejor que evacuar tus dudas o reafirmar tus conocimientos en privado con uno de los preparadores f\u00edsicos de la Liga Nacional de Basquetbol con el extra de ver primero su forma de trabajo<\/p>\n","protected":false},"featured_media":34173,"comment_status":"open","ping_status":"closed","template":"","meta":{"site-sidebar-layout":"default","site-content-layout":"","ast-site-content-layout":"default","site-content-style":"default","site-sidebar-style":"default","ast-global-header-display":"","ast-banner-title-visibility":"","ast-main-header-display":"","ast-hfb-above-header-display":"","ast-hfb-below-header-display":"","ast-hfb-mobile-header-display":"","site-post-title":"","ast-breadcrumbs-content":"","ast-featured-img":"","footer-sml-layout":"","ast-disable-related-posts":"","theme-transparent-header-meta":"default","adv-header-id-meta":"","stick-header-meta":"","header-above-stick-meta":"","header-main-stick-meta":"","header-below-stick-meta":"","astra-migrate-meta-layouts":"set","ast-page-background-enabled":"default","ast-page-background-meta":{"desktop":{"background-color":"","background-image":"","background-repeat":"repeat","background-position":"center center","background-size":"auto","background-attachment":"scroll","background-type":"","background-media":"","overlay-type":"","overlay-color":"","overlay-opacity":"","overlay-gradient":""},"tablet":{"background-color":"","background-image":"","background-repeat":"repeat","background-position":"center center","background-size":"auto","background-attachment":"scroll","background-type":"","background-media":"","overlay-type":"","overlay-color":"","overlay-opacity":"","overlay-gradient":""},"mobile":{"background-color":"","background-image":"","background-repeat":"repeat","background-position":"center center","background-size":"auto","background-attachment":"scroll","background-type":"","background-media":"","overlay-type":"","overlay-color":"","overlay-opacity":"","overlay-gradient":""}},"ast-content-background-meta":{"desktop":{"background-color":"var(--ast-global-color-5)","background-image":"","background-repeat":"repeat","background-position":"center center","background-size":"auto","background-attachment":"scroll","background-type":"","background-media":"","overlay-type":"","overlay-color":"","overlay-opacity":"","overlay-gradient":""},"tablet":{"background-color":"var(--ast-global-color-5)","background-image":"","background-repeat":"repeat","background-position":"center center","background-size":"auto","background-attachment":"scroll","background-type":"","background-media":"","overlay-type":"","overlay-color":"","overlay-opacity":"","overlay-gradient":""},"mobile":{"background-color":"var(--ast-global-color-5)","background-image":"","background-repeat":"repeat","background-position":"center center","background-size":"auto","background-attachment":"scroll","background-type":"","background-media":"","overlay-type":"","overlay-color":"","overlay-opacity":"","overlay-gradient":""}},"iawp_total_views":30},"product_brand":[],"product_cat":[429],"product_tag":[],"class_list":{"0":"post-32083","1":"product","2":"type-product","3":"status-publish","4":"has-post-thumbnail","6":"product_cat-mentorias","7":"desktop-align-left","8":"tablet-align-left","9":"mobile-align-left","11":"first","12":"instock","13":"virtual","14":"sold-individually","15":"purchasable","16":"product-type-course"},"_links":{"self":[{"href":"https:\/\/deposoft.com.ar\/es\/wp-json\/wp\/v2\/product\/32083","targetHints":{"allow":["GET"]}}],"collection":[{"href":"https:\/\/deposoft.com.ar\/es\/wp-json\/wp\/v2\/product"}],"about":[{"href":"https:\/\/deposoft.com.ar\/es\/wp-json\/wp\/v2\/types\/product"}],"replies":[{"embeddable":true,"href":"https:\/\/deposoft.com.ar\/es\/wp-json\/wp\/v2\/comments?post=32083"}],"version-history":[{"count":4,"href":"https:\/\/deposoft.com.ar\/es\/wp-json\/wp\/v2\/product\/32083\/revisions"}],"predecessor-version":[{"id":35306,"href":"https:\/\/deposoft.com.ar\/es\/wp-json\/wp\/v2\/product\/32083\/revisions\/35306"}],"wp:featuredmedia":[{"embeddable":true,"href":"https:\/\/deposoft.com.ar\/es\/wp-json\/wp\/v2\/media\/34173"}],"wp:attachment":[{"href":"https:\/\/deposoft.com.ar\/es\/wp-json\/wp\/v2\/media?parent=32083"}],"wp:term":[{"taxonomy":"product_brand","embeddable":true,"href":"https:\/\/deposoft.com.ar\/es\/wp-json\/wp\/v2\/product_brand?post=32083"},{"taxonomy":"product_cat","embeddable":true,"href":"https:\/\/deposoft.com.ar\/es\/wp-json\/wp\/v2\/product_cat?post=32083"},{"taxonomy":"product_tag","embeddable":true,"href":"https:\/\/deposoft.com.ar\/es\/wp-json\/wp\/v2\/product_tag?post=32083"}],"curies":[{"name":"wp","href":"https:\/\/api.w.org\/{rel}","templated":true}]}}