{"id":31234,"date":"2024-09-27T17:43:53","date_gmt":"2024-09-27T17:43:53","guid":{"rendered":"https:\/\/deposoft.com.ar\/es\/?post_type=product&#038;p=31234"},"modified":"2026-03-31T16:13:06","modified_gmt":"2026-03-31T16:13:06","slug":"alejandro-gava","status":"publish","type":"product","link":"https:\/\/deposoft.com.ar\/es\/producto\/alejandro-gava\/","title":{"rendered":"Alejandro Gava"},"content":{"rendered":"\r\n<ul class=\"wp-block-list\"><\/ul>\r\n<p>un mentor es necesario muchas veces y es de gran utilidad ante diversas situaciones cotidianas.<\/p>\r\n<p>&#8211; se necesita consejo sobre c\u00f3mo comportarse y es posible que sepa, o no, c\u00f3mo lo miran en ese momento;<\/p>\r\n<p>&#8211; puede que no sepa c\u00f3mo debe actuar o qu\u00e9 funci\u00f3n debe cumplir. &#8211;<\/p>\r\n<p>puede que est\u00e9 inseguro sobre c\u00f3mo manejar una situaci\u00f3n<\/p>\r\n<p>&#8211; le falta confianza en s\u00ed mismo<\/p>\r\n<p>&#8211; sacar\u00eda provecho del desarrollo de sus dirigidos y\/o instrucci\u00f3n t\u00e9cnica determinada.\u00a0<\/p>\r\n<p>&nbsp;<\/p>\r\n<p>que te ofrecemos?\u00a0<br \/>acceso a 3 capsulas formativas pre grabadas, mas 1 hora de mano a mano con el formador de formadores Alejandro Gava<\/p>\r\n","protected":false},"excerpt":{"rendered":"<p>que te ofrecemos?\u00a0<br \/>acceso a 3 capsulas formativas pre grabadas, mas 1 hora de mano a mano con el formador de formadores Alejandro Gava<\/p>\n","protected":false},"featured_media":35521,"comment_status":"open","ping_status":"closed","template":"","meta":{"site-sidebar-layout":"default","site-content-layout":"","ast-site-content-layout":"default","site-content-style":"default","site-sidebar-style":"default","ast-global-header-display":"","ast-banner-title-visibility":"","ast-main-header-display":"","ast-hfb-above-header-display":"","ast-hfb-below-header-display":"","ast-hfb-mobile-header-display":"","site-post-title":"","ast-breadcrumbs-content":"","ast-featured-img":"","footer-sml-layout":"","ast-disable-related-posts":"","theme-transparent-header-meta":"default","adv-header-id-meta":"","stick-header-meta":"","header-above-stick-meta":"","header-main-stick-meta":"","header-below-stick-meta":"","astra-migrate-meta-layouts":"set","ast-page-background-enabled":"default","ast-page-background-meta":{"desktop":{"background-color":"","background-image":"","background-repeat":"repeat","background-position":"center center","background-size":"auto","background-attachment":"scroll","background-type":"","background-media":"","overlay-type":"","overlay-color":"","overlay-opacity":"","overlay-gradient":""},"tablet":{"background-color":"","background-image":"","background-repeat":"repeat","background-position":"center center","background-size":"auto","background-attachment":"scroll","background-type":"","background-media":"","overlay-type":"","overlay-color":"","overlay-opacity":"","overlay-gradient":""},"mobile":{"background-color":"","background-image":"","background-repeat":"repeat","background-position":"center center","background-size":"auto","background-attachment":"scroll","background-type":"","background-media":"","overlay-type":"","overlay-color":"","overlay-opacity":"","overlay-gradient":""}},"ast-content-background-meta":{"desktop":{"background-color":"var(--ast-global-color-5)","background-image":"","background-repeat":"repeat","background-position":"center center","background-size":"auto","background-attachment":"scroll","background-type":"","background-media":"","overlay-type":"","overlay-color":"","overlay-opacity":"","overlay-gradient":""},"tablet":{"background-color":"var(--ast-global-color-5)","background-image":"","background-repeat":"repeat","background-position":"center center","background-size":"auto","background-attachment":"scroll","background-type":"","background-media":"","overlay-type":"","overlay-color":"","overlay-opacity":"","overlay-gradient":""},"mobile":{"background-color":"var(--ast-global-color-5)","background-image":"","background-repeat":"repeat","background-position":"center center","background-size":"auto","background-attachment":"scroll","background-type":"","background-media":"","overlay-type":"","overlay-color":"","overlay-opacity":"","overlay-gradient":""}},"iawp_total_views":9},"product_brand":[],"product_cat":[429],"product_tag":[],"class_list":{"0":"post-31234","1":"product","2":"type-product","3":"status-publish","4":"has-post-thumbnail","6":"product_cat-mentorias","7":"desktop-align-left","8":"tablet-align-left","9":"mobile-align-left","11":"first","12":"instock","13":"virtual","14":"sold-individually","15":"purchasable","16":"product-type-course"},"_links":{"self":[{"href":"https:\/\/deposoft.com.ar\/es\/wp-json\/wp\/v2\/product\/31234","targetHints":{"allow":["GET"]}}],"collection":[{"href":"https:\/\/deposoft.com.ar\/es\/wp-json\/wp\/v2\/product"}],"about":[{"href":"https:\/\/deposoft.com.ar\/es\/wp-json\/wp\/v2\/types\/product"}],"replies":[{"embeddable":true,"href":"https:\/\/deposoft.com.ar\/es\/wp-json\/wp\/v2\/comments?post=31234"}],"version-history":[{"count":2,"href":"https:\/\/deposoft.com.ar\/es\/wp-json\/wp\/v2\/product\/31234\/revisions"}],"predecessor-version":[{"id":31236,"href":"https:\/\/deposoft.com.ar\/es\/wp-json\/wp\/v2\/product\/31234\/revisions\/31236"}],"wp:featuredmedia":[{"embeddable":true,"href":"https:\/\/deposoft.com.ar\/es\/wp-json\/wp\/v2\/media\/35521"}],"wp:attachment":[{"href":"https:\/\/deposoft.com.ar\/es\/wp-json\/wp\/v2\/media?parent=31234"}],"wp:term":[{"taxonomy":"product_brand","embeddable":true,"href":"https:\/\/deposoft.com.ar\/es\/wp-json\/wp\/v2\/product_brand?post=31234"},{"taxonomy":"product_cat","embeddable":true,"href":"https:\/\/deposoft.com.ar\/es\/wp-json\/wp\/v2\/product_cat?post=31234"},{"taxonomy":"product_tag","embeddable":true,"href":"https:\/\/deposoft.com.ar\/es\/wp-json\/wp\/v2\/product_tag?post=31234"}],"curies":[{"name":"wp","href":"https:\/\/api.w.org\/{rel}","templated":true}]}}