{"id":31154,"date":"2024-09-24T13:49:09","date_gmt":"2024-09-24T13:49:09","guid":{"rendered":"https:\/\/deposoft.com.ar\/es\/?post_type=product&#038;p=31154"},"modified":"2026-03-31T16:13:41","modified_gmt":"2026-03-31T16:13:41","slug":"diego-lifschitz","status":"publish","type":"product","link":"https:\/\/deposoft.com.ar\/es\/producto\/diego-lifschitz\/","title":{"rendered":"Diego Lifschitz &#8211; Mentor\u00eda"},"content":{"rendered":"<p>En este proceso Diego te acompa\u00f1a y orienta en tu proceso de aprendizaje, resolviendo tus dudas y comentarios, que te permiten avanzar de nivel.<br \/>\nVer\u00e1s en sus 3 disertaciones modelos de actividades realizadas en distintos \u00e1mbitos cuyos temas son:<br \/>\n&#8211; Progresi\u00f3n de contenidos f\u00edsicos, t\u00e9cnicos y t\u00e1cticos en la ense\u00f1anza<br \/>\n&#8211; Importancia y desarrollo t\u00e9cnico t\u00e1ctico del juego sin bal\u00f3n<br \/>\n&#8211; Contrataque y las ofensivas abiertas<br \/>\nProducto de la realizaci\u00f3n de 1 entrevista personal, te orientar\u00e1 a realizar ciertas acciones a trav\u00e9s de informaci\u00f3n y ser\u00e1 tu apoyo y soporte en tus decisiones.<br \/>\nAn\u00edmate a llevar a tus dirigidos al pr\u00f3ximo nivel y saca provecho a tu potencial como entrenador<\/p>\n","protected":false},"excerpt":{"rendered":"<p>En este proceso Diego te acompa\u00f1a y orienta en tu proceso de aprendizaje, resolviendo tus dudas y comentarios, que te permiten avanzar de nivel.<br \/>\nProducto de la realizaci\u00f3n de 1 entrevista personal, te orientar\u00e1 a realizar ciertas acciones a trav\u00e9s de informaci\u00f3n y ser\u00e1 tu apoyo y soporte en tus decisiones.<\/p>\n","protected":false},"featured_media":34178,"comment_status":"open","ping_status":"closed","template":"","meta":{"site-sidebar-layout":"default","site-content-layout":"","ast-site-content-layout":"default","site-content-style":"default","site-sidebar-style":"default","ast-global-header-display":"","ast-banner-title-visibility":"","ast-main-header-display":"","ast-hfb-above-header-display":"","ast-hfb-below-header-display":"","ast-hfb-mobile-header-display":"","site-post-title":"","ast-breadcrumbs-content":"","ast-featured-img":"","footer-sml-layout":"","ast-disable-related-posts":"","theme-transparent-header-meta":"default","adv-header-id-meta":"","stick-header-meta":"","header-above-stick-meta":"","header-main-stick-meta":"","header-below-stick-meta":"","astra-migrate-meta-layouts":"set","ast-page-background-enabled":"default","ast-page-background-meta":{"desktop":{"background-color":"","background-image":"","background-repeat":"repeat","background-position":"center center","background-size":"auto","background-attachment":"scroll","background-type":"","background-media":"","overlay-type":"","overlay-color":"","overlay-opacity":"","overlay-gradient":""},"tablet":{"background-color":"","background-image":"","background-repeat":"repeat","background-position":"center center","background-size":"auto","background-attachment":"scroll","background-type":"","background-media":"","overlay-type":"","overlay-color":"","overlay-opacity":"","overlay-gradient":""},"mobile":{"background-color":"","background-image":"","background-repeat":"repeat","background-position":"center center","background-size":"auto","background-attachment":"scroll","background-type":"","background-media":"","overlay-type":"","overlay-color":"","overlay-opacity":"","overlay-gradient":""}},"ast-content-background-meta":{"desktop":{"background-color":"var(--ast-global-color-5)","background-image":"","background-repeat":"repeat","background-position":"center center","background-size":"auto","background-attachment":"scroll","background-type":"","background-media":"","overlay-type":"","overlay-color":"","overlay-opacity":"","overlay-gradient":""},"tablet":{"background-color":"var(--ast-global-color-5)","background-image":"","background-repeat":"repeat","background-position":"center center","background-size":"auto","background-attachment":"scroll","background-type":"","background-media":"","overlay-type":"","overlay-color":"","overlay-opacity":"","overlay-gradient":""},"mobile":{"background-color":"var(--ast-global-color-5)","background-image":"","background-repeat":"repeat","background-position":"center center","background-size":"auto","background-attachment":"scroll","background-type":"","background-media":"","overlay-type":"","overlay-color":"","overlay-opacity":"","overlay-gradient":""}},"iawp_total_views":19},"product_brand":[],"product_cat":[429],"product_tag":[],"class_list":{"0":"post-31154","1":"product","2":"type-product","3":"status-publish","4":"has-post-thumbnail","6":"product_cat-mentorias","7":"desktop-align-left","8":"tablet-align-left","9":"mobile-align-left","11":"first","12":"instock","13":"virtual","14":"sold-individually","15":"purchasable","16":"product-type-course"},"_links":{"self":[{"href":"https:\/\/deposoft.com.ar\/es\/wp-json\/wp\/v2\/product\/31154","targetHints":{"allow":["GET"]}}],"collection":[{"href":"https:\/\/deposoft.com.ar\/es\/wp-json\/wp\/v2\/product"}],"about":[{"href":"https:\/\/deposoft.com.ar\/es\/wp-json\/wp\/v2\/types\/product"}],"replies":[{"embeddable":true,"href":"https:\/\/deposoft.com.ar\/es\/wp-json\/wp\/v2\/comments?post=31154"}],"version-history":[{"count":3,"href":"https:\/\/deposoft.com.ar\/es\/wp-json\/wp\/v2\/product\/31154\/revisions"}],"predecessor-version":[{"id":34200,"href":"https:\/\/deposoft.com.ar\/es\/wp-json\/wp\/v2\/product\/31154\/revisions\/34200"}],"wp:featuredmedia":[{"embeddable":true,"href":"https:\/\/deposoft.com.ar\/es\/wp-json\/wp\/v2\/media\/34178"}],"wp:attachment":[{"href":"https:\/\/deposoft.com.ar\/es\/wp-json\/wp\/v2\/media?parent=31154"}],"wp:term":[{"taxonomy":"product_brand","embeddable":true,"href":"https:\/\/deposoft.com.ar\/es\/wp-json\/wp\/v2\/product_brand?post=31154"},{"taxonomy":"product_cat","embeddable":true,"href":"https:\/\/deposoft.com.ar\/es\/wp-json\/wp\/v2\/product_cat?post=31154"},{"taxonomy":"product_tag","embeddable":true,"href":"https:\/\/deposoft.com.ar\/es\/wp-json\/wp\/v2\/product_tag?post=31154"}],"curies":[{"name":"wp","href":"https:\/\/api.w.org\/{rel}","templated":true}]}}