{"id":29877,"date":"2024-03-22T19:14:59","date_gmt":"2024-03-22T19:14:59","guid":{"rendered":"https:\/\/deposoft.com.ar\/es\/?post_type=product&#038;p=29877"},"modified":"2026-04-11T22:01:29","modified_gmt":"2026-04-11T22:01:29","slug":"suscripcion-mensual","status":"publish","type":"product","link":"https:\/\/deposoft.com.ar\/es\/producto\/suscripcion-mensual\/","title":{"rendered":"Membres\u00eda para entrenadores de categor\u00edas juveniles al alto rendimiento"},"content":{"rendered":"<p>a la hora de mejorar nuestros entrenamientos de b\u00e1squet y a nuestros equipos, buscamos referencias en colegas que a trav\u00e9s de resultados deportivos o por una s\u00f3lida l\u00ednea de trabajo son referentes y representantes de distintas escuelas, momentos y hasta formas de interpretar las distintas acciones t\u00e9cnico-t\u00e1cticas y estrat\u00e9gicas.<\/p>\n<p>En este canal obtendr\u00e1s las m\u00e1s variadas opiniones y los medios que cada uno utiliza para lograr distintos objetivos, ver\u00e1s en acci\u00f3n a entrenadores de todo el mundo, especialmente de Argentina, Uruguay, Espa\u00f1a e Italia quienes a lo largo de casi 500 capsulas completas\u00a0 en m\u00e1s de 700 horas donde se tocan todas las aristas que necesitas para afianzar y mejorar tus competencias profesionales. Especiales para entrenadores nivel 2 o 3,\u00a0 incluyen el temario el desarrollo de habilidades motrices, capacidades f\u00edsicas, direcci\u00f3n y liderazgo, sistemas ofensivos y defensivos, preparaci\u00f3n de partidos y planificaciones.<\/p>\n","protected":false},"excerpt":{"rendered":"<p>Accede a capsulas en videos de entrenadores de todo el mundo con los m\u00e1s variados t\u00f3picos y un mismo objetivo mejorar el b\u00e1squet.<br \/>\nTe ofrecemos distintas formas o miradas y perspectiva y hasta m\u00e9todos, con exposiciones en el terreno de juego, ricos en contenidos t\u00e9cnico, t\u00e1cticos y estrat\u00e9gicos, de todo el mundo FIBA.<br \/>\nDescubre los beneficios de ser parte de esta membres\u00eda con renovaci\u00f3n mensual y una cuota m\u00f3dica.<\/p>\n","protected":false},"featured_media":29579,"comment_status":"open","ping_status":"closed","template":"","meta":{"site-sidebar-layout":"default","site-content-layout":"","ast-site-content-layout":"default","site-content-style":"default","site-sidebar-style":"default","ast-global-header-display":"","ast-banner-title-visibility":"","ast-main-header-display":"","ast-hfb-above-header-display":"","ast-hfb-below-header-display":"","ast-hfb-mobile-header-display":"","site-post-title":"","ast-breadcrumbs-content":"","ast-featured-img":"","footer-sml-layout":"","ast-disable-related-posts":"","theme-transparent-header-meta":"default","adv-header-id-meta":"","stick-header-meta":"","header-above-stick-meta":"","header-main-stick-meta":"","header-below-stick-meta":"","astra-migrate-meta-layouts":"set","ast-page-background-enabled":"default","ast-page-background-meta":{"desktop":{"background-color":"","background-image":"","background-repeat":"repeat","background-position":"center center","background-size":"auto","background-attachment":"scroll","background-type":"","background-media":"","overlay-type":"","overlay-color":"","overlay-opacity":"","overlay-gradient":""},"tablet":{"background-color":"","background-image":"","background-repeat":"repeat","background-position":"center center","background-size":"auto","background-attachment":"scroll","background-type":"","background-media":"","overlay-type":"","overlay-color":"","overlay-opacity":"","overlay-gradient":""},"mobile":{"background-color":"","background-image":"","background-repeat":"repeat","background-position":"center center","background-size":"auto","background-attachment":"scroll","background-type":"","background-media":"","overlay-type":"","overlay-color":"","overlay-opacity":"","overlay-gradient":""}},"ast-content-background-meta":{"desktop":{"background-color":"var(--ast-global-color-5)","background-image":"","background-repeat":"repeat","background-position":"center center","background-size":"auto","background-attachment":"scroll","background-type":"","background-media":"","overlay-type":"","overlay-color":"","overlay-opacity":"","overlay-gradient":""},"tablet":{"background-color":"var(--ast-global-color-5)","background-image":"","background-repeat":"repeat","background-position":"center center","background-size":"auto","background-attachment":"scroll","background-type":"","background-media":"","overlay-type":"","overlay-color":"","overlay-opacity":"","overlay-gradient":""},"mobile":{"background-color":"var(--ast-global-color-5)","background-image":"","background-repeat":"repeat","background-position":"center center","background-size":"auto","background-attachment":"scroll","background-type":"","background-media":"","overlay-type":"","overlay-color":"","overlay-opacity":"","overlay-gradient":""}},"iawp_total_views":83},"product_brand":[],"product_cat":[16],"product_tag":[],"class_list":{"0":"post-29877","1":"product","2":"type-product","3":"status-publish","4":"has-post-thumbnail","6":"product_cat-capacitacionpermanente","7":"desktop-align-left","8":"tablet-align-left","9":"mobile-align-left","11":"first","12":"instock","13":"virtual","14":"sold-individually","15":"purchasable","16":"product-type-course"},"_links":{"self":[{"href":"https:\/\/deposoft.com.ar\/es\/wp-json\/wp\/v2\/product\/29877","targetHints":{"allow":["GET"]}}],"collection":[{"href":"https:\/\/deposoft.com.ar\/es\/wp-json\/wp\/v2\/product"}],"about":[{"href":"https:\/\/deposoft.com.ar\/es\/wp-json\/wp\/v2\/types\/product"}],"replies":[{"embeddable":true,"href":"https:\/\/deposoft.com.ar\/es\/wp-json\/wp\/v2\/comments?post=29877"}],"version-history":[{"count":13,"href":"https:\/\/deposoft.com.ar\/es\/wp-json\/wp\/v2\/product\/29877\/revisions"}],"predecessor-version":[{"id":37869,"href":"https:\/\/deposoft.com.ar\/es\/wp-json\/wp\/v2\/product\/29877\/revisions\/37869"}],"wp:featuredmedia":[{"embeddable":true,"href":"https:\/\/deposoft.com.ar\/es\/wp-json\/wp\/v2\/media\/29579"}],"wp:attachment":[{"href":"https:\/\/deposoft.com.ar\/es\/wp-json\/wp\/v2\/media?parent=29877"}],"wp:term":[{"taxonomy":"product_brand","embeddable":true,"href":"https:\/\/deposoft.com.ar\/es\/wp-json\/wp\/v2\/product_brand?post=29877"},{"taxonomy":"product_cat","embeddable":true,"href":"https:\/\/deposoft.com.ar\/es\/wp-json\/wp\/v2\/product_cat?post=29877"},{"taxonomy":"product_tag","embeddable":true,"href":"https:\/\/deposoft.com.ar\/es\/wp-json\/wp\/v2\/product_tag?post=29877"}],"curies":[{"name":"wp","href":"https:\/\/api.w.org\/{rel}","templated":true}]}}