{"id":29639,"date":"2024-02-25T16:01:11","date_gmt":"2024-02-25T16:01:11","guid":{"rendered":"https:\/\/deposoft.com.ar\/es\/?post_type=product&#038;p=29639"},"modified":"2026-03-30T18:08:00","modified_gmt":"2026-03-30T18:08:00","slug":"planificacion-ensenanza-uso-de-palabras-claves","status":"publish","type":"product","link":"https:\/\/deposoft.com.ar\/es\/producto\/planificacion-ensenanza-uso-de-palabras-claves\/","title":{"rendered":"Planificaci\u00f3n, ense\u00f1anza, uso de palabras claves"},"content":{"rendered":"<p><a href=\"https:\/\/deposoft.com.ar\/es\/wp-content\/uploads\/2024\/02\/Planificacion-\u2013-Ensenanza-\u2013-Uso-de-palabras-claves-Fernando-Castells.pdf\">Planificaci\u00f3n-\u2013-Ense\u00f1anza-\u2013-Uso-de-palabras-claves-Fernando-Castelli<\/a><\/p>\n<div style=\"padding: 56.25% 0 0 0; position: relative;\"><iframe style=\"position: absolute; top: 0; left: 0; width: 100%; height: 100%;\" title=\"el uso de palabras claves fernando castelli\" src=\"https:\/\/player.vimeo.com\/video\/916348481?h=54ed03ccc0&amp;badge=0&amp;autopause=0&amp;player_id=0&amp;app_id=58479\" frameborder=\"0\"><\/iframe><\/div>\n<p>&nbsp;<\/p>\n","protected":false},"excerpt":{"rendered":"<p>en este video\u00a0 curso Fernando Castelli\u00a0 explica que elementos componen su<\/p>\n<p><strong>PLANIFICACI\u00d3N<\/strong>: (organizaci\u00f3n, tiempos, instrucciones t\u00e9cnicas, demostraciones t\u00e9cnicas, el fundamento, identificaci\u00f3n de errores, correcciones, feedback), cuales son las instrucciones t\u00e9cnicas, que, como, cuando y como se dan (uso de las palabras claves) para focalizar los objetivos.<\/p>\n","protected":false},"featured_media":29640,"comment_status":"open","ping_status":"closed","template":"","meta":{"site-sidebar-layout":"default","site-content-layout":"","ast-site-content-layout":"default","site-content-style":"default","site-sidebar-style":"default","ast-global-header-display":"","ast-banner-title-visibility":"","ast-main-header-display":"","ast-hfb-above-header-display":"","ast-hfb-below-header-display":"","ast-hfb-mobile-header-display":"","site-post-title":"","ast-breadcrumbs-content":"","ast-featured-img":"","footer-sml-layout":"","ast-disable-related-posts":"","theme-transparent-header-meta":"default","adv-header-id-meta":"","stick-header-meta":"","header-above-stick-meta":"","header-main-stick-meta":"","header-below-stick-meta":"","astra-migrate-meta-layouts":"set","ast-page-background-enabled":"default","ast-page-background-meta":{"desktop":{"background-color":"","background-image":"","background-repeat":"repeat","background-position":"center center","background-size":"auto","background-attachment":"scroll","background-type":"","background-media":"","overlay-type":"","overlay-color":"","overlay-opacity":"","overlay-gradient":""},"tablet":{"background-color":"","background-image":"","background-repeat":"repeat","background-position":"center center","background-size":"auto","background-attachment":"scroll","background-type":"","background-media":"","overlay-type":"","overlay-color":"","overlay-opacity":"","overlay-gradient":""},"mobile":{"background-color":"","background-image":"","background-repeat":"repeat","background-position":"center center","background-size":"auto","background-attachment":"scroll","background-type":"","background-media":"","overlay-type":"","overlay-color":"","overlay-opacity":"","overlay-gradient":""}},"ast-content-background-meta":{"desktop":{"background-color":"var(--ast-global-color-5)","background-image":"","background-repeat":"repeat","background-position":"center center","background-size":"auto","background-attachment":"scroll","background-type":"","background-media":"","overlay-type":"","overlay-color":"","overlay-opacity":"","overlay-gradient":""},"tablet":{"background-color":"var(--ast-global-color-5)","background-image":"","background-repeat":"repeat","background-position":"center center","background-size":"auto","background-attachment":"scroll","background-type":"","background-media":"","overlay-type":"","overlay-color":"","overlay-opacity":"","overlay-gradient":""},"mobile":{"background-color":"var(--ast-global-color-5)","background-image":"","background-repeat":"repeat","background-position":"center center","background-size":"auto","background-attachment":"scroll","background-type":"","background-media":"","overlay-type":"","overlay-color":"","overlay-opacity":"","overlay-gradient":""}},"iawp_total_views":23},"product_brand":[],"product_cat":[112],"product_tag":[310],"class_list":{"0":"post-29639","1":"product","2":"type-product","3":"status-publish","4":"has-post-thumbnail","6":"product_cat-minibasquet","7":"product_tag-fernando-castelli","8":"desktop-align-left","9":"tablet-align-left","10":"mobile-align-left","12":"first","13":"instock","14":"virtual","15":"sold-individually","16":"purchasable","17":"product-type-course"},"_links":{"self":[{"href":"https:\/\/deposoft.com.ar\/es\/wp-json\/wp\/v2\/product\/29639","targetHints":{"allow":["GET"]}}],"collection":[{"href":"https:\/\/deposoft.com.ar\/es\/wp-json\/wp\/v2\/product"}],"about":[{"href":"https:\/\/deposoft.com.ar\/es\/wp-json\/wp\/v2\/types\/product"}],"replies":[{"embeddable":true,"href":"https:\/\/deposoft.com.ar\/es\/wp-json\/wp\/v2\/comments?post=29639"}],"version-history":[{"count":3,"href":"https:\/\/deposoft.com.ar\/es\/wp-json\/wp\/v2\/product\/29639\/revisions"}],"predecessor-version":[{"id":31787,"href":"https:\/\/deposoft.com.ar\/es\/wp-json\/wp\/v2\/product\/29639\/revisions\/31787"}],"wp:featuredmedia":[{"embeddable":true,"href":"https:\/\/deposoft.com.ar\/es\/wp-json\/wp\/v2\/media\/29640"}],"wp:attachment":[{"href":"https:\/\/deposoft.com.ar\/es\/wp-json\/wp\/v2\/media?parent=29639"}],"wp:term":[{"taxonomy":"product_brand","embeddable":true,"href":"https:\/\/deposoft.com.ar\/es\/wp-json\/wp\/v2\/product_brand?post=29639"},{"taxonomy":"product_cat","embeddable":true,"href":"https:\/\/deposoft.com.ar\/es\/wp-json\/wp\/v2\/product_cat?post=29639"},{"taxonomy":"product_tag","embeddable":true,"href":"https:\/\/deposoft.com.ar\/es\/wp-json\/wp\/v2\/product_tag?post=29639"}],"curies":[{"name":"wp","href":"https:\/\/api.w.org\/{rel}","templated":true}]}}