{"id":29633,"date":"2024-08-21T15:37:26","date_gmt":"2024-08-21T15:37:26","guid":{"rendered":"https:\/\/deposoft.com.ar\/es\/?post_type=product&#038;p=29633"},"modified":"2026-03-27T12:46:26","modified_gmt":"2026-03-27T12:46:26","slug":"coordinacion-deportiva-de-un-club-formativas-a-la-elite","status":"publish","type":"product","link":"https:\/\/deposoft.com.ar\/es\/producto\/coordinacion-deportiva-de-un-club-formativas-a-la-elite\/","title":{"rendered":"Coordinaci\u00f3n deportiva de un club formativas a la \u00e9lite"},"content":{"rendered":"","protected":false},"excerpt":{"rendered":"<ul>\n<li>a lo largo de 6 conferencias,\u00a0 vivencia su\u00a0 filosof\u00eda de trabajo, el sistema de juego desarrollado, el sistema de entrenamiento y evaluaciones aplicadas junto a la coordinaci\u00f3n para los entrenadores,\u00a0 su sistema de juego ofensivo y defensivo, las rotaciones defensivas y la construcci\u00f3n de transici\u00f3n por conceptos.<br \/>\nForma a tus alumnos y jugadores, a tu cuerpo t\u00e9cnico con un ejemplo de planificaci\u00f3n y dotar de t\u00e9cnicas y t\u00e1cticas para llevar a tus jugadore\/as al pr\u00f3ximo nivel.<\/li>\n<\/ul>\n","protected":false},"featured_media":25638,"comment_status":"open","ping_status":"closed","template":"","meta":{"site-sidebar-layout":"default","site-content-layout":"","ast-site-content-layout":"default","site-content-style":"default","site-sidebar-style":"default","ast-global-header-display":"","ast-banner-title-visibility":"","ast-main-header-display":"","ast-hfb-above-header-display":"","ast-hfb-below-header-display":"","ast-hfb-mobile-header-display":"","site-post-title":"","ast-breadcrumbs-content":"","ast-featured-img":"","footer-sml-layout":"","ast-disable-related-posts":"","theme-transparent-header-meta":"default","adv-header-id-meta":"","stick-header-meta":"","header-above-stick-meta":"","header-main-stick-meta":"","header-below-stick-meta":"","astra-migrate-meta-layouts":"set","ast-page-background-enabled":"default","ast-page-background-meta":{"desktop":{"background-color":"","background-image":"","background-repeat":"repeat","background-position":"center center","background-size":"auto","background-attachment":"scroll","background-type":"","background-media":"","overlay-type":"","overlay-color":"","overlay-opacity":"","overlay-gradient":""},"tablet":{"background-color":"","background-image":"","background-repeat":"repeat","background-position":"center center","background-size":"auto","background-attachment":"scroll","background-type":"","background-media":"","overlay-type":"","overlay-color":"","overlay-opacity":"","overlay-gradient":""},"mobile":{"background-color":"","background-image":"","background-repeat":"repeat","background-position":"center center","background-size":"auto","background-attachment":"scroll","background-type":"","background-media":"","overlay-type":"","overlay-color":"","overlay-opacity":"","overlay-gradient":""}},"ast-content-background-meta":{"desktop":{"background-color":"var(--ast-global-color-5)","background-image":"","background-repeat":"repeat","background-position":"center center","background-size":"auto","background-attachment":"scroll","background-type":"","background-media":"","overlay-type":"","overlay-color":"","overlay-opacity":"","overlay-gradient":""},"tablet":{"background-color":"var(--ast-global-color-5)","background-image":"","background-repeat":"repeat","background-position":"center center","background-size":"auto","background-attachment":"scroll","background-type":"","background-media":"","overlay-type":"","overlay-color":"","overlay-opacity":"","overlay-gradient":""},"mobile":{"background-color":"var(--ast-global-color-5)","background-image":"","background-repeat":"repeat","background-position":"center center","background-size":"auto","background-attachment":"scroll","background-type":"","background-media":"","overlay-type":"","overlay-color":"","overlay-opacity":"","overlay-gradient":""}},"iawp_total_views":74},"product_brand":[],"product_cat":[111,114],"product_tag":[41],"class_list":{"0":"post-29633","1":"product","2":"type-product","3":"status-publish","4":"has-post-thumbnail","6":"product_cat-formativas","7":"product_cat-coordina","8":"product_tag-martin-villagran","9":"desktop-align-left","10":"tablet-align-left","11":"mobile-align-left","13":"first","14":"instock","15":"virtual","16":"sold-individually","17":"purchasable","18":"product-type-course"},"_links":{"self":[{"href":"https:\/\/deposoft.com.ar\/es\/wp-json\/wp\/v2\/product\/29633","targetHints":{"allow":["GET"]}}],"collection":[{"href":"https:\/\/deposoft.com.ar\/es\/wp-json\/wp\/v2\/product"}],"about":[{"href":"https:\/\/deposoft.com.ar\/es\/wp-json\/wp\/v2\/types\/product"}],"replies":[{"embeddable":true,"href":"https:\/\/deposoft.com.ar\/es\/wp-json\/wp\/v2\/comments?post=29633"}],"version-history":[{"count":6,"href":"https:\/\/deposoft.com.ar\/es\/wp-json\/wp\/v2\/product\/29633\/revisions"}],"predecessor-version":[{"id":35885,"href":"https:\/\/deposoft.com.ar\/es\/wp-json\/wp\/v2\/product\/29633\/revisions\/35885"}],"wp:featuredmedia":[{"embeddable":true,"href":"https:\/\/deposoft.com.ar\/es\/wp-json\/wp\/v2\/media\/25638"}],"wp:attachment":[{"href":"https:\/\/deposoft.com.ar\/es\/wp-json\/wp\/v2\/media?parent=29633"}],"wp:term":[{"taxonomy":"product_brand","embeddable":true,"href":"https:\/\/deposoft.com.ar\/es\/wp-json\/wp\/v2\/product_brand?post=29633"},{"taxonomy":"product_cat","embeddable":true,"href":"https:\/\/deposoft.com.ar\/es\/wp-json\/wp\/v2\/product_cat?post=29633"},{"taxonomy":"product_tag","embeddable":true,"href":"https:\/\/deposoft.com.ar\/es\/wp-json\/wp\/v2\/product_tag?post=29633"}],"curies":[{"name":"wp","href":"https:\/\/api.w.org\/{rel}","templated":true}]}}