{"id":29578,"date":"2024-02-22T14:03:27","date_gmt":"2024-02-22T14:03:27","guid":{"rendered":"https:\/\/deposoft.com.ar\/es\/?post_type=product&#038;p=29578"},"modified":"2026-04-23T13:19:35","modified_gmt":"2026-04-23T13:19:35","slug":"canal-de-clinicas-desde-iniciacion-a-formativas","status":"publish","type":"product","link":"https:\/\/deposoft.com.ar\/es\/producto\/canal-de-clinicas-desde-iniciacion-a-formativas\/","title":{"rendered":"Membres\u00eda para formadores, monitores, entrenadores y profesores desde iniciaci\u00f3n a formativas"},"content":{"rendered":"<p>disfruta de los entrenadores y formadores, que a trav\u00e9s de disertaciones, nos muestra su forma y estilo de trabajo, las fundamentaciones que conforman distintas l\u00edneas de acci\u00f3n y m\u00e9todos\u00a0 y escuelas<\/p>\n","protected":false},"excerpt":{"rendered":"<p style=\"text-align: left;\">A la hora de entrenar b\u00e1squet nos encontramos con distintas variables y temas que debemos conocer y que van m\u00e1s all\u00e1 de los contenidos espec\u00edficos del deporte.<br \/>\nDesconocemos cuantos \u00f1i\u00f1@s continuar\u00e1n a trav\u00e9s de los a\u00f1os ligados a este deporte, pero a\u00fan as\u00ed debemos prepararlos integralmente y que puedan desarrollar gestos de nuestro deporte y valores de la vida misma.<br \/>\nAumenta tus competencias profesionales e incorpora nuevos conocimientos.<\/p>\n","protected":false},"featured_media":29579,"comment_status":"open","ping_status":"closed","template":"","meta":{"site-sidebar-layout":"default","site-content-layout":"","ast-site-content-layout":"default","site-content-style":"default","site-sidebar-style":"default","ast-global-header-display":"","ast-banner-title-visibility":"","ast-main-header-display":"","ast-hfb-above-header-display":"","ast-hfb-below-header-display":"","ast-hfb-mobile-header-display":"","site-post-title":"","ast-breadcrumbs-content":"","ast-featured-img":"","footer-sml-layout":"","ast-disable-related-posts":"","theme-transparent-header-meta":"default","adv-header-id-meta":"","stick-header-meta":"","header-above-stick-meta":"","header-main-stick-meta":"","header-below-stick-meta":"","astra-migrate-meta-layouts":"set","ast-page-background-enabled":"default","ast-page-background-meta":{"desktop":{"background-color":"","background-image":"","background-repeat":"repeat","background-position":"center center","background-size":"auto","background-attachment":"scroll","background-type":"","background-media":"","overlay-type":"","overlay-color":"","overlay-opacity":"","overlay-gradient":""},"tablet":{"background-color":"","background-image":"","background-repeat":"repeat","background-position":"center center","background-size":"auto","background-attachment":"scroll","background-type":"","background-media":"","overlay-type":"","overlay-color":"","overlay-opacity":"","overlay-gradient":""},"mobile":{"background-color":"","background-image":"","background-repeat":"repeat","background-position":"center center","background-size":"auto","background-attachment":"scroll","background-type":"","background-media":"","overlay-type":"","overlay-color":"","overlay-opacity":"","overlay-gradient":""}},"ast-content-background-meta":{"desktop":{"background-color":"var(--ast-global-color-5)","background-image":"","background-repeat":"repeat","background-position":"center center","background-size":"auto","background-attachment":"scroll","background-type":"","background-media":"","overlay-type":"","overlay-color":"","overlay-opacity":"","overlay-gradient":""},"tablet":{"background-color":"var(--ast-global-color-5)","background-image":"","background-repeat":"repeat","background-position":"center center","background-size":"auto","background-attachment":"scroll","background-type":"","background-media":"","overlay-type":"","overlay-color":"","overlay-opacity":"","overlay-gradient":""},"mobile":{"background-color":"var(--ast-global-color-5)","background-image":"","background-repeat":"repeat","background-position":"center center","background-size":"auto","background-attachment":"scroll","background-type":"","background-media":"","overlay-type":"","overlay-color":"","overlay-opacity":"","overlay-gradient":""}},"iawp_total_views":85},"product_brand":[],"product_cat":[16],"product_tag":[],"class_list":{"0":"post-29578","1":"product","2":"type-product","3":"status-publish","4":"has-post-thumbnail","6":"product_cat-capacitacionpermanente","7":"desktop-align-left","8":"tablet-align-left","9":"mobile-align-left","11":"first","12":"instock","13":"virtual","14":"sold-individually","15":"purchasable","16":"product-type-course"},"_links":{"self":[{"href":"https:\/\/deposoft.com.ar\/es\/wp-json\/wp\/v2\/product\/29578","targetHints":{"allow":["GET"]}}],"collection":[{"href":"https:\/\/deposoft.com.ar\/es\/wp-json\/wp\/v2\/product"}],"about":[{"href":"https:\/\/deposoft.com.ar\/es\/wp-json\/wp\/v2\/types\/product"}],"replies":[{"embeddable":true,"href":"https:\/\/deposoft.com.ar\/es\/wp-json\/wp\/v2\/comments?post=29578"}],"version-history":[{"count":14,"href":"https:\/\/deposoft.com.ar\/es\/wp-json\/wp\/v2\/product\/29578\/revisions"}],"predecessor-version":[{"id":36143,"href":"https:\/\/deposoft.com.ar\/es\/wp-json\/wp\/v2\/product\/29578\/revisions\/36143"}],"wp:featuredmedia":[{"embeddable":true,"href":"https:\/\/deposoft.com.ar\/es\/wp-json\/wp\/v2\/media\/29579"}],"wp:attachment":[{"href":"https:\/\/deposoft.com.ar\/es\/wp-json\/wp\/v2\/media?parent=29578"}],"wp:term":[{"taxonomy":"product_brand","embeddable":true,"href":"https:\/\/deposoft.com.ar\/es\/wp-json\/wp\/v2\/product_brand?post=29578"},{"taxonomy":"product_cat","embeddable":true,"href":"https:\/\/deposoft.com.ar\/es\/wp-json\/wp\/v2\/product_cat?post=29578"},{"taxonomy":"product_tag","embeddable":true,"href":"https:\/\/deposoft.com.ar\/es\/wp-json\/wp\/v2\/product_tag?post=29578"}],"curies":[{"name":"wp","href":"https:\/\/api.w.org\/{rel}","templated":true}]}}