{"id":28804,"date":"2023-12-19T15:01:58","date_gmt":"2023-12-19T15:01:58","guid":{"rendered":"https:\/\/deposoft.com.ar\/es\/?post_type=product&#038;p=28804"},"modified":"2026-03-30T13:37:30","modified_gmt":"2026-03-30T13:37:30","slug":"metodo-era","status":"publish","type":"product","link":"https:\/\/deposoft.com.ar\/es\/producto\/metodo-era\/","title":{"rendered":"M\u00e9todo ERA"},"content":{"rendered":"<p><a href=\"https:\/\/deposoft.com.ar\/es\/wp-content\/uploads\/2023\/12\/Metodo-ERA-Damian-Alonso.pdf\">Metodo-ERA-Damian-Alonso<\/a><\/p>\n","protected":false},"excerpt":{"rendered":"<p>A la hora de ense\u00f1ar un fundamento hay momentos de ejecuci\u00f3n de la t\u00e9cnica, en este m\u00e9todo no importa tanto el nivel de ejecuci\u00f3n de la misma sino tambi\u00e9n se basa en el descubrimiento de la misma mediante experiencias l\u00fadicas donde esta se aplique.<br \/>\nPor ende, acompa\u00f1amos al desarrollo de la t\u00e9cnica junto al pensamiento t\u00e1ctico de la misma, logrando as\u00ed un m\u00e9todo m\u00e1s global de la ense\u00f1anza de un fundamento.<br \/>\nDe esta manera para la ense\u00f1anza de un fundamento hace varios a\u00f1os opte por las siguientes siglas E R A<br \/>\nComo gu\u00eda para realizar cualquier tipo de fundamento recordar las mismas, fue de mucha utilidad a la hora de planificar y estar en cancha.<\/p>\n","protected":false},"featured_media":28704,"comment_status":"open","ping_status":"closed","template":"","meta":{"site-sidebar-layout":"default","site-content-layout":"","ast-site-content-layout":"default","site-content-style":"default","site-sidebar-style":"default","ast-global-header-display":"","ast-banner-title-visibility":"","ast-main-header-display":"","ast-hfb-above-header-display":"","ast-hfb-below-header-display":"","ast-hfb-mobile-header-display":"","site-post-title":"","ast-breadcrumbs-content":"","ast-featured-img":"","footer-sml-layout":"","ast-disable-related-posts":"","theme-transparent-header-meta":"default","adv-header-id-meta":"","stick-header-meta":"","header-above-stick-meta":"","header-main-stick-meta":"","header-below-stick-meta":"","astra-migrate-meta-layouts":"set","ast-page-background-enabled":"default","ast-page-background-meta":{"desktop":{"background-color":"","background-image":"","background-repeat":"repeat","background-position":"center center","background-size":"auto","background-attachment":"scroll","background-type":"","background-media":"","overlay-type":"","overlay-color":"","overlay-opacity":"","overlay-gradient":""},"tablet":{"background-color":"","background-image":"","background-repeat":"repeat","background-position":"center center","background-size":"auto","background-attachment":"scroll","background-type":"","background-media":"","overlay-type":"","overlay-color":"","overlay-opacity":"","overlay-gradient":""},"mobile":{"background-color":"","background-image":"","background-repeat":"repeat","background-position":"center center","background-size":"auto","background-attachment":"scroll","background-type":"","background-media":"","overlay-type":"","overlay-color":"","overlay-opacity":"","overlay-gradient":""}},"ast-content-background-meta":{"desktop":{"background-color":"var(--ast-global-color-5)","background-image":"","background-repeat":"repeat","background-position":"center center","background-size":"auto","background-attachment":"scroll","background-type":"","background-media":"","overlay-type":"","overlay-color":"","overlay-opacity":"","overlay-gradient":""},"tablet":{"background-color":"var(--ast-global-color-5)","background-image":"","background-repeat":"repeat","background-position":"center center","background-size":"auto","background-attachment":"scroll","background-type":"","background-media":"","overlay-type":"","overlay-color":"","overlay-opacity":"","overlay-gradient":""},"mobile":{"background-color":"var(--ast-global-color-5)","background-image":"","background-repeat":"repeat","background-position":"center center","background-size":"auto","background-attachment":"scroll","background-type":"","background-media":"","overlay-type":"","overlay-color":"","overlay-opacity":"","overlay-gradient":""}},"iawp_total_views":221},"product_brand":[],"product_cat":[112],"product_tag":[292],"class_list":{"0":"post-28804","1":"product","2":"type-product","3":"status-publish","4":"has-post-thumbnail","6":"product_cat-minibasquet","7":"product_tag-damian-alonso","8":"desktop-align-left","9":"tablet-align-left","10":"mobile-align-left","12":"first","13":"instock","14":"virtual","15":"sold-individually","16":"purchasable","17":"product-type-course"},"_links":{"self":[{"href":"https:\/\/deposoft.com.ar\/es\/wp-json\/wp\/v2\/product\/28804","targetHints":{"allow":["GET"]}}],"collection":[{"href":"https:\/\/deposoft.com.ar\/es\/wp-json\/wp\/v2\/product"}],"about":[{"href":"https:\/\/deposoft.com.ar\/es\/wp-json\/wp\/v2\/types\/product"}],"replies":[{"embeddable":true,"href":"https:\/\/deposoft.com.ar\/es\/wp-json\/wp\/v2\/comments?post=28804"}],"version-history":[{"count":1,"href":"https:\/\/deposoft.com.ar\/es\/wp-json\/wp\/v2\/product\/28804\/revisions"}],"predecessor-version":[{"id":36726,"href":"https:\/\/deposoft.com.ar\/es\/wp-json\/wp\/v2\/product\/28804\/revisions\/36726"}],"wp:featuredmedia":[{"embeddable":true,"href":"https:\/\/deposoft.com.ar\/es\/wp-json\/wp\/v2\/media\/28704"}],"wp:attachment":[{"href":"https:\/\/deposoft.com.ar\/es\/wp-json\/wp\/v2\/media?parent=28804"}],"wp:term":[{"taxonomy":"product_brand","embeddable":true,"href":"https:\/\/deposoft.com.ar\/es\/wp-json\/wp\/v2\/product_brand?post=28804"},{"taxonomy":"product_cat","embeddable":true,"href":"https:\/\/deposoft.com.ar\/es\/wp-json\/wp\/v2\/product_cat?post=28804"},{"taxonomy":"product_tag","embeddable":true,"href":"https:\/\/deposoft.com.ar\/es\/wp-json\/wp\/v2\/product_tag?post=28804"}],"curies":[{"name":"wp","href":"https:\/\/api.w.org\/{rel}","templated":true}]}}