{"id":28014,"date":"2023-11-10T19:44:00","date_gmt":"2023-11-10T19:44:00","guid":{"rendered":"https:\/\/deposoft.com.ar\/es\/?post_type=product&#038;p=28014"},"modified":"2026-03-27T20:35:18","modified_gmt":"2026-03-27T20:35:18","slug":"el-rol-del-asistente-tecnico","status":"publish","type":"product","link":"https:\/\/deposoft.com.ar\/es\/producto\/el-rol-del-asistente-tecnico\/","title":{"rendered":"El rol del asistente t\u00e9cnico"},"content":{"rendered":"<div class=\"ast-oembed-container \" style=\"height: 100%;\"><iframe src=\"https:\/\/player.vimeo.com\/video\/462027344?dnt=1&amp;app_id=122963\" width=\"500\" height=\"281\" frameborder=\"0\" allow=\"autoplay; fullscreen; picture-in-picture; clipboard-write; encrypted-media; web-share\" referrerpolicy=\"strict-origin-when-cross-origin\"><\/iframe><\/div>\n<p>&nbsp;<\/p>\n","protected":false},"excerpt":{"rendered":"<p>El disertante da una breve rese\u00f1a de c\u00f3mo empieza su rol como asistente, diciendo que<br \/>\nes una funci\u00f3n que no se ense\u00f1a mucho. Le llega la chance por ser \u201cel pibe del club\u201d (no<br \/>\npor capacidad). Dice que sinti\u00f3 no estar preparado para tal trabajo y que tampoco estaba<br \/>\ntan establecida el rol del entrenador asistente: era el \u201cayudante del entrenador\u201d. En la<br \/>\nactualidad la funci\u00f3n est\u00e1 m\u00e1s reconocida, por la importancia en el equipo y la cuesti\u00f3n<br \/>\necon\u00f3mica. Actualmente seg\u00fan el disertante la funci\u00f3n es clave.<br \/>\nTuvo una gran experiencia en la selecci\u00f3n como asistente luego de ser entrenador<br \/>\nprincipal en varios equipos-todav\u00eda no sent\u00eda la esencia del asistente-. Cumpli\u00f3 ese rol<br \/>\ndesde 2004 hasta 2016, aprendi\u00f3 el oficio y comparte su experiencia.<\/p>\n","protected":false},"featured_media":28008,"comment_status":"open","ping_status":"closed","template":"","meta":{"site-sidebar-layout":"default","site-content-layout":"","ast-site-content-layout":"default","site-content-style":"default","site-sidebar-style":"default","ast-global-header-display":"","ast-banner-title-visibility":"","ast-main-header-display":"","ast-hfb-above-header-display":"","ast-hfb-below-header-display":"","ast-hfb-mobile-header-display":"","site-post-title":"","ast-breadcrumbs-content":"","ast-featured-img":"","footer-sml-layout":"","ast-disable-related-posts":"","theme-transparent-header-meta":"default","adv-header-id-meta":"","stick-header-meta":"","header-above-stick-meta":"","header-main-stick-meta":"","header-below-stick-meta":"","astra-migrate-meta-layouts":"set","ast-page-background-enabled":"default","ast-page-background-meta":{"desktop":{"background-color":"","background-image":"","background-repeat":"repeat","background-position":"center center","background-size":"auto","background-attachment":"scroll","background-type":"","background-media":"","overlay-type":"","overlay-color":"","overlay-opacity":"","overlay-gradient":""},"tablet":{"background-color":"","background-image":"","background-repeat":"repeat","background-position":"center center","background-size":"auto","background-attachment":"scroll","background-type":"","background-media":"","overlay-type":"","overlay-color":"","overlay-opacity":"","overlay-gradient":""},"mobile":{"background-color":"","background-image":"","background-repeat":"repeat","background-position":"center center","background-size":"auto","background-attachment":"scroll","background-type":"","background-media":"","overlay-type":"","overlay-color":"","overlay-opacity":"","overlay-gradient":""}},"ast-content-background-meta":{"desktop":{"background-color":"var(--ast-global-color-5)","background-image":"","background-repeat":"repeat","background-position":"center center","background-size":"auto","background-attachment":"scroll","background-type":"","background-media":"","overlay-type":"","overlay-color":"","overlay-opacity":"","overlay-gradient":""},"tablet":{"background-color":"var(--ast-global-color-5)","background-image":"","background-repeat":"repeat","background-position":"center center","background-size":"auto","background-attachment":"scroll","background-type":"","background-media":"","overlay-type":"","overlay-color":"","overlay-opacity":"","overlay-gradient":""},"mobile":{"background-color":"var(--ast-global-color-5)","background-image":"","background-repeat":"repeat","background-position":"center center","background-size":"auto","background-attachment":"scroll","background-type":"","background-media":"","overlay-type":"","overlay-color":"","overlay-opacity":"","overlay-gradient":""}},"iawp_total_views":116},"product_brand":[],"product_cat":[113],"product_tag":[265],"class_list":{"0":"post-28014","1":"product","2":"type-product","3":"status-publish","4":"has-post-thumbnail","6":"product_cat-alto-rendimiento","7":"product_tag-gonzalo-garcia","8":"desktop-align-left","9":"tablet-align-left","10":"mobile-align-left","12":"first","13":"instock","14":"virtual","15":"sold-individually","16":"purchasable","17":"product-type-course"},"_links":{"self":[{"href":"https:\/\/deposoft.com.ar\/es\/wp-json\/wp\/v2\/product\/28014","targetHints":{"allow":["GET"]}}],"collection":[{"href":"https:\/\/deposoft.com.ar\/es\/wp-json\/wp\/v2\/product"}],"about":[{"href":"https:\/\/deposoft.com.ar\/es\/wp-json\/wp\/v2\/types\/product"}],"replies":[{"embeddable":true,"href":"https:\/\/deposoft.com.ar\/es\/wp-json\/wp\/v2\/comments?post=28014"}],"version-history":[{"count":2,"href":"https:\/\/deposoft.com.ar\/es\/wp-json\/wp\/v2\/product\/28014\/revisions"}],"predecessor-version":[{"id":36037,"href":"https:\/\/deposoft.com.ar\/es\/wp-json\/wp\/v2\/product\/28014\/revisions\/36037"}],"wp:featuredmedia":[{"embeddable":true,"href":"https:\/\/deposoft.com.ar\/es\/wp-json\/wp\/v2\/media\/28008"}],"wp:attachment":[{"href":"https:\/\/deposoft.com.ar\/es\/wp-json\/wp\/v2\/media?parent=28014"}],"wp:term":[{"taxonomy":"product_brand","embeddable":true,"href":"https:\/\/deposoft.com.ar\/es\/wp-json\/wp\/v2\/product_brand?post=28014"},{"taxonomy":"product_cat","embeddable":true,"href":"https:\/\/deposoft.com.ar\/es\/wp-json\/wp\/v2\/product_cat?post=28014"},{"taxonomy":"product_tag","embeddable":true,"href":"https:\/\/deposoft.com.ar\/es\/wp-json\/wp\/v2\/product_tag?post=28014"}],"curies":[{"name":"wp","href":"https:\/\/api.w.org\/{rel}","templated":true}]}}