{"id":27750,"date":"2023-10-26T13:34:44","date_gmt":"2023-10-26T13:34:44","guid":{"rendered":"https:\/\/deposoft.com.ar\/es\/?post_type=product&#038;p=27750"},"modified":"2025-12-09T11:08:25","modified_gmt":"2025-12-09T11:08:25","slug":"rotaciones-defensivas","status":"publish","type":"product","link":"https:\/\/deposoft.com.ar\/es\/producto\/rotaciones-defensivas\/","title":{"rendered":"Rotaciones defensivas, defensa penetraciones, atrapes  y defensa PNR central y lateral"},"content":{"rendered":"<p><strong>\u00a0Estar siempre en equilibrio y postura<\/strong><br \/>\no Jugador que defiende el bal\u00f3n. Presi\u00f3n constante (salvo por scouting nos recostemos m\u00e1s atr\u00e1s)<br \/>\no Jugadores que tienen muy fuerte su 1vs 1 o aquellos que sobre la l\u00ednea de 3 pts. no tienen buen porcentaje de 3 pts. La vista en el bal\u00f3n y las manos trabajan de abajo hacia arriba para tocar la pelota.<\/p>\n<p>\uf0d8 Jugador def. sin pelota se ubica de acuerdo a donde se encuentra la pelota y al plan de juego de dicha situaci\u00f3n<br \/>\n\uf0d8 2 situaciones a 1 pase y llega a bal\u00f3n: recuperaci\u00f3n defensiva a 1 o 2 manos, contestar el tiro, cerrar camino close out.<br \/>\n\uf0d8 A 2 pases ubicaci\u00f3n t\u00e1ctica pelota\/ jugador que defiende<\/p>\n<p style=\"text-align: center;\"><strong>DEFENSA DE LAS PENETRACIONES<\/strong><\/p>\n<p><strong>Ayuda defensiva:<\/strong> Es una acci\u00f3n que se da cuando un defensor es sobrepasado y existe un peligro de recibir una anotaci\u00f3n, no siempre a una ayuda defensiva le sigue una rotaci\u00f3n, en muchos casos se da la situaci\u00f3n de ayuda y recupero sobre el jugador asignado.<\/p>\n<p><strong>Rotaci\u00f3n defensiva<\/strong>: Es la acci\u00f3n que se da luego que se prest\u00f3 una ayuda defensiva y se busca equilibrar nuevamente la defensa; esta puede involucrar a 2 jugadores o a los 5 dependiendo de lo que la situaci\u00f3n a resolver nos demande.<\/p>\n<p><strong>Ajuste defensivo:<\/strong> Es una acci\u00f3n en la que se gener\u00f3 un desequilibrio y en vez de realizar una rotaci\u00f3n, se ajusta considerando a las caracter\u00edsticas del adversario (scouting)<\/p>\n<p style=\"text-align: center;\"><strong>ATRAPES EN POSTE BAJO<\/strong><\/p>\n<p>Cuando el jugador posteado recibe el bal\u00f3n y la defensa se encuentra en desventaja (por la capacidad del atacante jugando en ese sector, por un mal emparejamiento defensivo, o ambas) surge un contenido t\u00e1ctico a desarrollar: el atrape al poste bajo.<br \/>\nExisten 4 formas diferentes de ejecutarlo<br \/>\n\uf0fc ATRAPAR CON EL JUGADOR DEL MISMO LADO (def. Del pasador)<br \/>\n\uf0fc ATRAPAR CON EL JUGADOR DEL FONDO<br \/>\n\uf0fc ATRAPAR POR EL EJE CON UN JUGADOR DEL PERIMETRO<br \/>\n\uf0fc ATRAPAR CON EL OTRO JUGADOR INTERIOR<\/p>\n<p style=\"text-align: center;\"><strong>TECNICA INDIVIDUAL EN EL PICK AND ROLL<\/strong><br \/>\nPuntos clave<\/p>\n<p style=\"text-align: left;\">o Pasar el bloqueo mano y pierna m\u00e1s cercana al bloqueador<br \/>\no Si quedo levemente enganchado, rodear el bloqueo y jugar por la espalda del atacante, para luego ir al espacio.<br \/>\no Correr al espacio.<\/p>\n<p style=\"text-align: center;\"><strong>DEFENSA DEL PICK CENTRAL<\/strong><\/p>\n<p style=\"text-align: left;\">o Situaciones Defensivas<br \/>\no Romper el bloqueo<br \/>\no Suelto corto<br \/>\no Suelto corto con barrida del rival<br \/>\no Suelto medio<br \/>\no Suelto atrasado<br \/>\no Cambio<br \/>\no Cambio m\u00faltiple<\/p>\n<p style=\"text-align: center;\"><strong>DEFENSA DEL PICK LATERAL<\/strong><\/p>\n<p style=\"text-align: left;\">o Sit. defensivas<br \/>\no Fondo<br \/>\no Fondo + cambio<br \/>\no Fondo corto<br \/>\no Cambio simple<br \/>\no Cambio m\u00faltiple<br \/>\no Suelto por detr\u00e1s<br \/>\no Suelto por detr\u00e1s + Next<\/p>\n","protected":false},"excerpt":{"rendered":"<p>cuando y como defendemos, el cuerpo y las manos, que sucede si defiendo a dos, ayudas rotaciones y ajustes defensivos, muestra 4 formas de atrapes, y situaciones t\u00e9cnicas defensivas del pick and roll central y lateral, una charla con claros conceptos y de aplicabilidad en tus equipos&#8230;<\/p>\n","protected":false},"featured_media":27736,"comment_status":"open","ping_status":"closed","template":"","meta":{"site-sidebar-layout":"default","site-content-layout":"default","ast-site-content-layout":"default","site-content-style":"default","site-sidebar-style":"default","ast-global-header-display":"","ast-banner-title-visibility":"","ast-main-header-display":"","ast-hfb-above-header-display":"","ast-hfb-below-header-display":"","ast-hfb-mobile-header-display":"","site-post-title":"","ast-breadcrumbs-content":"","ast-featured-img":"","footer-sml-layout":"","ast-disable-related-posts":"","theme-transparent-header-meta":"default","adv-header-id-meta":"","stick-header-meta":"","header-above-stick-meta":"","header-main-stick-meta":"","header-below-stick-meta":"","astra-migrate-meta-layouts":"set","ast-page-background-enabled":"default","ast-page-background-meta":{"desktop":{"background-color":"","background-image":"","background-repeat":"repeat","background-position":"center center","background-size":"auto","background-attachment":"scroll","background-type":"","background-media":"","overlay-type":"","overlay-color":"","overlay-opacity":"","overlay-gradient":""},"tablet":{"background-color":"","background-image":"","background-repeat":"repeat","background-position":"center center","background-size":"auto","background-attachment":"scroll","background-type":"","background-media":"","overlay-type":"","overlay-color":"","overlay-opacity":"","overlay-gradient":""},"mobile":{"background-color":"","background-image":"","background-repeat":"repeat","background-position":"center center","background-size":"auto","background-attachment":"scroll","background-type":"","background-media":"","overlay-type":"","overlay-color":"","overlay-opacity":"","overlay-gradient":""}},"ast-content-background-meta":{"desktop":{"background-color":"var(--ast-global-color-5)","background-image":"","background-repeat":"repeat","background-position":"center center","background-size":"auto","background-attachment":"scroll","background-type":"","background-media":"","overlay-type":"","overlay-color":"","overlay-opacity":"","overlay-gradient":""},"tablet":{"background-color":"var(--ast-global-color-5)","background-image":"","background-repeat":"repeat","background-position":"center center","background-size":"auto","background-attachment":"scroll","background-type":"","background-media":"","overlay-type":"","overlay-color":"","overlay-opacity":"","overlay-gradient":""},"mobile":{"background-color":"var(--ast-global-color-5)","background-image":"","background-repeat":"repeat","background-position":"center center","background-size":"auto","background-attachment":"scroll","background-type":"","background-media":"","overlay-type":"","overlay-color":"","overlay-opacity":"","overlay-gradient":""}},"iawp_total_views":3},"product_brand":[],"product_cat":[111,113],"product_tag":[41],"class_list":{"0":"post-27750","1":"product","2":"type-product","3":"status-publish","4":"has-post-thumbnail","6":"product_cat-formativas","7":"product_cat-alto-rendimiento","8":"product_tag-martin-villagran","9":"desktop-align-left","10":"tablet-align-left","11":"mobile-align-left","13":"first","14":"instock","15":"virtual","16":"sold-individually","17":"purchasable","18":"product-type-course"},"_links":{"self":[{"href":"https:\/\/deposoft.com.ar\/es\/wp-json\/wp\/v2\/product\/27750","targetHints":{"allow":["GET"]}}],"collection":[{"href":"https:\/\/deposoft.com.ar\/es\/wp-json\/wp\/v2\/product"}],"about":[{"href":"https:\/\/deposoft.com.ar\/es\/wp-json\/wp\/v2\/types\/product"}],"replies":[{"embeddable":true,"href":"https:\/\/deposoft.com.ar\/es\/wp-json\/wp\/v2\/comments?post=27750"}],"version-history":[{"count":5,"href":"https:\/\/deposoft.com.ar\/es\/wp-json\/wp\/v2\/product\/27750\/revisions"}],"predecessor-version":[{"id":35876,"href":"https:\/\/deposoft.com.ar\/es\/wp-json\/wp\/v2\/product\/27750\/revisions\/35876"}],"wp:featuredmedia":[{"embeddable":true,"href":"https:\/\/deposoft.com.ar\/es\/wp-json\/wp\/v2\/media\/27736"}],"wp:attachment":[{"href":"https:\/\/deposoft.com.ar\/es\/wp-json\/wp\/v2\/media?parent=27750"}],"wp:term":[{"taxonomy":"product_brand","embeddable":true,"href":"https:\/\/deposoft.com.ar\/es\/wp-json\/wp\/v2\/product_brand?post=27750"},{"taxonomy":"product_cat","embeddable":true,"href":"https:\/\/deposoft.com.ar\/es\/wp-json\/wp\/v2\/product_cat?post=27750"},{"taxonomy":"product_tag","embeddable":true,"href":"https:\/\/deposoft.com.ar\/es\/wp-json\/wp\/v2\/product_tag?post=27750"}],"curies":[{"name":"wp","href":"https:\/\/api.w.org\/{rel}","templated":true}]}}