{"id":27125,"date":"2023-09-28T15:49:55","date_gmt":"2023-09-28T15:49:55","guid":{"rendered":"https:\/\/deposoft.com.ar\/es\/?post_type=product&#038;p=27125"},"modified":"2026-03-27T13:12:26","modified_gmt":"2026-03-27T13:12:26","slug":"aspectos-basicos-defensivos","status":"publish","type":"product","link":"https:\/\/deposoft.com.ar\/es\/producto\/aspectos-basicos-defensivos\/","title":{"rendered":"aspectos b\u00e1sicos defensivos"},"content":{"rendered":"<p>Lo m\u00e1s importante es que el baloncesto nos ayude a ser mejores personas. No el tiempo de defensa que hagamos.<br \/>\n&#8211; Ser mejor desde unas ACTITUDES. Para eso hay que ser EJEMPLAR<br \/>\n&#8211; Si los jugadores mejoran, AL FINAL GANAS. Aunque el camino sea largo. Lo mejor es llegar lejos, no m\u00e1s pronto.<br \/>\n&#8211; El reglamento no es un libro, es c\u00f3mo lo interpretan los \u00e1rbitros seg\u00fan el contexto<br \/>\nPara el trabajo en el entrenamiento, es fundamental ense\u00f1ar a los jugadores a CONTROLAR LAS INTENSIDADES DEL ENTRENAMIENTO, para favorecer trabajar un aspecto u otro.<br \/>\nENSE\u00d1ARLES A ESCUCHAR DURANTE EL ENTRENAMIENTO.<\/p>\n<p>&nbsp;<\/p>\n","protected":false},"excerpt":{"rendered":"<p>hay cosas que bien hechas durante el entrenamiento, nos ayudan a mejorar la mentalidad, todos no aprendemos igual, y el entrenador debe estar preparado para eso y ayudar al jugador.<\/p>\n<p>En los entrenos hay que diferencias objetivos prioritarios y secundarios.\u00a0 No debemos olvidar de como y cuando presiono al bal\u00f3n, el uso del cuerpo y espacio,\u00a0 los close out, cerrar las penetraciones, la reacci\u00f3n del jugador frente a las fintas, y las distancias en los bloqueos.<\/p>\n","protected":false},"featured_media":27118,"comment_status":"open","ping_status":"closed","template":"","meta":{"site-sidebar-layout":"default","site-content-layout":"default","ast-site-content-layout":"default","site-content-style":"default","site-sidebar-style":"default","ast-global-header-display":"","ast-banner-title-visibility":"","ast-main-header-display":"","ast-hfb-above-header-display":"","ast-hfb-below-header-display":"","ast-hfb-mobile-header-display":"","site-post-title":"","ast-breadcrumbs-content":"","ast-featured-img":"","footer-sml-layout":"","ast-disable-related-posts":"","theme-transparent-header-meta":"default","adv-header-id-meta":"","stick-header-meta":"","header-above-stick-meta":"","header-main-stick-meta":"","header-below-stick-meta":"","astra-migrate-meta-layouts":"set","ast-page-background-enabled":"default","ast-page-background-meta":{"desktop":{"background-color":"","background-image":"","background-repeat":"repeat","background-position":"center center","background-size":"auto","background-attachment":"scroll","background-type":"","background-media":"","overlay-type":"","overlay-color":"","overlay-opacity":"","overlay-gradient":""},"tablet":{"background-color":"","background-image":"","background-repeat":"repeat","background-position":"center center","background-size":"auto","background-attachment":"scroll","background-type":"","background-media":"","overlay-type":"","overlay-color":"","overlay-opacity":"","overlay-gradient":""},"mobile":{"background-color":"","background-image":"","background-repeat":"repeat","background-position":"center center","background-size":"auto","background-attachment":"scroll","background-type":"","background-media":"","overlay-type":"","overlay-color":"","overlay-opacity":"","overlay-gradient":""}},"ast-content-background-meta":{"desktop":{"background-color":"var(--ast-global-color-5)","background-image":"","background-repeat":"repeat","background-position":"center center","background-size":"auto","background-attachment":"scroll","background-type":"","background-media":"","overlay-type":"","overlay-color":"","overlay-opacity":"","overlay-gradient":""},"tablet":{"background-color":"var(--ast-global-color-5)","background-image":"","background-repeat":"repeat","background-position":"center center","background-size":"auto","background-attachment":"scroll","background-type":"","background-media":"","overlay-type":"","overlay-color":"","overlay-opacity":"","overlay-gradient":""},"mobile":{"background-color":"var(--ast-global-color-5)","background-image":"","background-repeat":"repeat","background-position":"center center","background-size":"auto","background-attachment":"scroll","background-type":"","background-media":"","overlay-type":"","overlay-color":"","overlay-opacity":"","overlay-gradient":""}},"iawp_total_views":5},"product_brand":[],"product_cat":[111,113],"product_tag":[254],"class_list":{"0":"post-27125","1":"product","2":"type-product","3":"status-publish","4":"has-post-thumbnail","6":"product_cat-formativas","7":"product_cat-alto-rendimiento","8":"product_tag-diego-ocampo","9":"desktop-align-left","10":"tablet-align-left","11":"mobile-align-left","13":"first","14":"instock","15":"virtual","16":"sold-individually","17":"purchasable","18":"product-type-course"},"_links":{"self":[{"href":"https:\/\/deposoft.com.ar\/es\/wp-json\/wp\/v2\/product\/27125","targetHints":{"allow":["GET"]}}],"collection":[{"href":"https:\/\/deposoft.com.ar\/es\/wp-json\/wp\/v2\/product"}],"about":[{"href":"https:\/\/deposoft.com.ar\/es\/wp-json\/wp\/v2\/types\/product"}],"replies":[{"embeddable":true,"href":"https:\/\/deposoft.com.ar\/es\/wp-json\/wp\/v2\/comments?post=27125"}],"version-history":[{"count":3,"href":"https:\/\/deposoft.com.ar\/es\/wp-json\/wp\/v2\/product\/27125\/revisions"}],"predecessor-version":[{"id":36661,"href":"https:\/\/deposoft.com.ar\/es\/wp-json\/wp\/v2\/product\/27125\/revisions\/36661"}],"wp:featuredmedia":[{"embeddable":true,"href":"https:\/\/deposoft.com.ar\/es\/wp-json\/wp\/v2\/media\/27118"}],"wp:attachment":[{"href":"https:\/\/deposoft.com.ar\/es\/wp-json\/wp\/v2\/media?parent=27125"}],"wp:term":[{"taxonomy":"product_brand","embeddable":true,"href":"https:\/\/deposoft.com.ar\/es\/wp-json\/wp\/v2\/product_brand?post=27125"},{"taxonomy":"product_cat","embeddable":true,"href":"https:\/\/deposoft.com.ar\/es\/wp-json\/wp\/v2\/product_cat?post=27125"},{"taxonomy":"product_tag","embeddable":true,"href":"https:\/\/deposoft.com.ar\/es\/wp-json\/wp\/v2\/product_tag?post=27125"}],"curies":[{"name":"wp","href":"https:\/\/api.w.org\/{rel}","templated":true}]}}