{"id":26979,"date":"2023-09-23T20:52:43","date_gmt":"2023-09-23T20:52:43","guid":{"rendered":"https:\/\/deposoft.com.ar\/es\/?post_type=product&#038;p=26979"},"modified":"2026-03-30T11:07:06","modified_gmt":"2026-03-30T11:07:06","slug":"ataque-rapido-llegar-jugando","status":"publish","type":"product","link":"https:\/\/deposoft.com.ar\/es\/producto\/ataque-rapido-llegar-jugando\/","title":{"rendered":"ataque r\u00e1pido, llegar jugando"},"content":{"rendered":"<div class=\"ast-oembed-container \" style=\"height: 100%;\"><iframe src=\"https:\/\/player.vimeo.com\/video\/867376652?dnt=1&amp;app_id=122963\" width=\"500\" height=\"281\" frameborder=\"0\" allow=\"autoplay; fullscreen; picture-in-picture; clipboard-write; encrypted-media; web-share\" referrerpolicy=\"strict-origin-when-cross-origin\"><\/iframe><\/div>\n<p>Mariano Panizza, es uno de los entrenadores m\u00e1s distinguidos del b\u00e1squet provincial en la \u00faltima d\u00e9cada. Repasamos sus impresionantes n\u00fameros.<\/p>\n<p>Mariano Carlos Panizza tiene 34 a\u00f1os y es uno de los t\u00e9cnicos del momento en el b\u00e1squet nacional. Logr\u00f3 el hist\u00f3rico ascenso que produce el regreso de Central Entrerriano a la segunda divisi\u00f3n nacional. Fue el cuarto ascenso en Liga en la rica historia del &#8220;Rojinegro&#8221; y el primero en la trayectoria de su entrenador.<\/p>\n<p>Naci\u00f3 en Rosario del Tala el 19 de diciembre de 1984 y con el tiempo se transform\u00f3 en uno de los referentes del deporte local. Fue jugador profesional y capit\u00e1n de la primera divisi\u00f3n de Pe\u00f1arol de Tala. Desde sus inicios en inferiores fue parte de una de las mejores camadas del b\u00e1squet talense junto a Monti, Hauscarriague y varios m\u00e1s. Camada que fuera protagonista del regreso del b\u00e1squetbol a Rosario del Tala. Con tan s\u00f3lo 22 a\u00f1os, trabaj\u00f3 mucho por el retorno del b\u00e1sket a Tala. Lo hizo en rol de jugador, t\u00e9cnico y dirigente.<\/p>\n<p>Con 34 a\u00f1os sum\u00f3 3 temporadas dirigiendo el Torneo Federal. Siendo uno de los DT m\u00e1s j\u00f3venes del profesionalismo logr\u00f3 el ascenso en el banco de uno de los clubes m\u00e1s grandes de Entre R\u00edos, y por si fuera poco, se consagraron en Buenos Aires, en un escenario de mucha tradici\u00f3n basketbolera: en Lan\u00fas.<br \/>\nLo festeja el deporte talense. Y est\u00e1 bien. Durante a\u00f1os vivieron mucho b\u00e1sket juntos. Todos los talenses amantes del b\u00e1sket siguieron las alternativas del equipo dirigido por un \u00eddolo local. Hasta los rivales lo celebraron.<\/p>\n<p>Desde la creaci\u00f3n del Torneo Federal de B\u00e1squet estuvo presente en todas las ediciones: Cinco temporadas como jugador y tres entrenador. Un referente del TBF.<\/p>\n<p>El estilo de juego que disfrutaron los simpatizantes de Central Entrerriano, tambi\u00e9n lo vieron y disfrutaron (por adelantado) los hinchas del Tricolor la temporada pasada. Y por eso y por mucho m\u00e1s, fue que lo eligieron para ser DT en el Rojinegro de Gualeguaych\u00fa.<\/p>\n<p>La calidad de su trabajo realizado en las categor\u00edas menores de Pe\u00f1arol de Tala y su irrupci\u00f3n con gloria en Central, lo posicionan como uno de los entrenadores del momento en el contexto nacional. En Entre R\u00edos, (en estad\u00edsticas), esta entre los t\u00e9cnicos m\u00e1s ganadores de la D\u00e9cada. Pero su impronta no se apoya en resultados, sino en valores.<\/p>\n<p>Es un estudioso del b\u00e1sket. Ante todo, comprometido. Y 10 a\u00f1os despu\u00e9s de iniciarse como entrenador de las inferiores del CSP y de ser h\u00e9roe de la \u00faltima gran alegr\u00eda Pe\u00f1arolense en cancha, consigue un logro superior. Un ascenso en el Torneo Federal.<\/p>\n<p>Detr\u00e1s de su \u00e9xito, est\u00e1 la pasi\u00f3n por el b\u00e1squet. Esa pasi\u00f3n que impulsa a los l\u00edderes positivos que en suerte, supo elegir Central Entrerriano que anoche hizo historia.<\/p>\n","protected":false},"excerpt":{"rendered":"<p>Sistemas Ofensivos Modernos. Llegar jugando con diferentes formaciones contra Defensa Individual<\/p>\n","protected":false},"featured_media":26980,"comment_status":"open","ping_status":"closed","template":"","meta":{"site-sidebar-layout":"default","site-content-layout":"default","ast-site-content-layout":"default","site-content-style":"default","site-sidebar-style":"default","ast-global-header-display":"","ast-banner-title-visibility":"","ast-main-header-display":"","ast-hfb-above-header-display":"","ast-hfb-below-header-display":"","ast-hfb-mobile-header-display":"","site-post-title":"","ast-breadcrumbs-content":"","ast-featured-img":"","footer-sml-layout":"","ast-disable-related-posts":"","theme-transparent-header-meta":"default","adv-header-id-meta":"","stick-header-meta":"","header-above-stick-meta":"","header-main-stick-meta":"","header-below-stick-meta":"","astra-migrate-meta-layouts":"set","ast-page-background-enabled":"default","ast-page-background-meta":{"desktop":{"background-color":"","background-image":"","background-repeat":"repeat","background-position":"center center","background-size":"auto","background-attachment":"scroll","background-type":"","background-media":"","overlay-type":"","overlay-color":"","overlay-opacity":"","overlay-gradient":""},"tablet":{"background-color":"","background-image":"","background-repeat":"repeat","background-position":"center center","background-size":"auto","background-attachment":"scroll","background-type":"","background-media":"","overlay-type":"","overlay-color":"","overlay-opacity":"","overlay-gradient":""},"mobile":{"background-color":"","background-image":"","background-repeat":"repeat","background-position":"center center","background-size":"auto","background-attachment":"scroll","background-type":"","background-media":"","overlay-type":"","overlay-color":"","overlay-opacity":"","overlay-gradient":""}},"ast-content-background-meta":{"desktop":{"background-color":"var(--ast-global-color-5)","background-image":"","background-repeat":"repeat","background-position":"center center","background-size":"auto","background-attachment":"scroll","background-type":"","background-media":"","overlay-type":"","overlay-color":"","overlay-opacity":"","overlay-gradient":""},"tablet":{"background-color":"var(--ast-global-color-5)","background-image":"","background-repeat":"repeat","background-position":"center center","background-size":"auto","background-attachment":"scroll","background-type":"","background-media":"","overlay-type":"","overlay-color":"","overlay-opacity":"","overlay-gradient":""},"mobile":{"background-color":"var(--ast-global-color-5)","background-image":"","background-repeat":"repeat","background-position":"center center","background-size":"auto","background-attachment":"scroll","background-type":"","background-media":"","overlay-type":"","overlay-color":"","overlay-opacity":"","overlay-gradient":""}},"iawp_total_views":35},"product_brand":[],"product_cat":[111],"product_tag":[232],"class_list":{"0":"post-26979","1":"product","2":"type-product","3":"status-publish","4":"has-post-thumbnail","6":"product_cat-formativas","7":"product_tag-mariano-panizza","8":"desktop-align-left","9":"tablet-align-left","10":"mobile-align-left","12":"first","13":"instock","14":"virtual","15":"sold-individually","16":"purchasable","17":"product-type-course"},"_links":{"self":[{"href":"https:\/\/deposoft.com.ar\/es\/wp-json\/wp\/v2\/product\/26979","targetHints":{"allow":["GET"]}}],"collection":[{"href":"https:\/\/deposoft.com.ar\/es\/wp-json\/wp\/v2\/product"}],"about":[{"href":"https:\/\/deposoft.com.ar\/es\/wp-json\/wp\/v2\/types\/product"}],"replies":[{"embeddable":true,"href":"https:\/\/deposoft.com.ar\/es\/wp-json\/wp\/v2\/comments?post=26979"}],"version-history":[{"count":1,"href":"https:\/\/deposoft.com.ar\/es\/wp-json\/wp\/v2\/product\/26979\/revisions"}],"predecessor-version":[{"id":36718,"href":"https:\/\/deposoft.com.ar\/es\/wp-json\/wp\/v2\/product\/26979\/revisions\/36718"}],"wp:featuredmedia":[{"embeddable":true,"href":"https:\/\/deposoft.com.ar\/es\/wp-json\/wp\/v2\/media\/26980"}],"wp:attachment":[{"href":"https:\/\/deposoft.com.ar\/es\/wp-json\/wp\/v2\/media?parent=26979"}],"wp:term":[{"taxonomy":"product_brand","embeddable":true,"href":"https:\/\/deposoft.com.ar\/es\/wp-json\/wp\/v2\/product_brand?post=26979"},{"taxonomy":"product_cat","embeddable":true,"href":"https:\/\/deposoft.com.ar\/es\/wp-json\/wp\/v2\/product_cat?post=26979"},{"taxonomy":"product_tag","embeddable":true,"href":"https:\/\/deposoft.com.ar\/es\/wp-json\/wp\/v2\/product_tag?post=26979"}],"curies":[{"name":"wp","href":"https:\/\/api.w.org\/{rel}","templated":true}]}}