{"id":26686,"date":"2023-08-20T00:46:04","date_gmt":"2023-08-20T00:46:04","guid":{"rendered":"https:\/\/deposoft.com.ar\/es\/?post_type=product&#038;p=26686"},"modified":"2026-03-28T15:42:52","modified_gmt":"2026-03-28T15:42:52","slug":"esta-es-mi-filosofia-defensiva-colectiva","status":"publish","type":"product","link":"https:\/\/deposoft.com.ar\/es\/producto\/esta-es-mi-filosofia-defensiva-colectiva\/","title":{"rendered":"esta es mi filosof\u00eda defensiva colectiva"},"content":{"rendered":"<div class=\"ast-oembed-container \" style=\"height: 100%;\"><iframe src=\"https:\/\/player.vimeo.com\/video\/856061525?dnt=1&amp;app_id=122963\" width=\"500\" height=\"281\" frameborder=\"0\" allow=\"autoplay; fullscreen; picture-in-picture; clipboard-write; encrypted-media; web-share\" referrerpolicy=\"strict-origin-when-cross-origin\"><\/iframe><\/div>\n<p><strong>La defensa <\/strong><br \/>\nLa filosof\u00eda que propone el entrenador es de llegar a tal punto de incomodar al rival al momento de aplicar el mecanismo defensivo.<br \/>\n\u00bfComo armamos el equipo? Siempre pensando en base a lo defensivo.<br \/>\nEl mismo pretende jugadores atl\u00e9ticos, vers\u00e1tiles y din\u00e1micos. Los grandes deben romper con todo tipo de estereotipos.<br \/>\n<strong><br \/>\nPrimer tema: 1 contra 1<\/strong><\/p>\n<ul>\n<li>No penetrar por el eje<\/li>\n<li>No goles f\u00e1ciles<\/li>\n<li>No me tira<\/li>\n<li>Mis jugadores deben aplicar la responsabilidad individual. La idea es generar un habito para llegar a una buena defensa.<\/li>\n<\/ul>\n<p><strong>Segundo tema :2 contra 2<\/strong><\/p>\n<ul>\n<li>Explica el pick en transici\u00f3n<\/li>\n<li>El entrenador divide el pick en est\u00e1tico y pick din\u00e1mico<\/li>\n<li>\u00bfComo resolvemos esta situaci\u00f3n en ofensiva? Utiliza lo que para el llama persecuci\u00f3n y under aplica su impronta en el juego.<\/li>\n<\/ul>\n<p><strong>Como defender el hand off ?<\/strong><br \/>\nsus diferentes puntos de vista en cuanto a las situaciones y toma de decisiones de la ofensiva.<\/p>\n<p><strong>Pantallas<\/strong><\/p>\n<ul>\n<li>Las trabaja con diamante o rombo, esta prohibido que el equipo rival genere el juego a trav\u00e9s de la pantalla.<\/li>\n<li>Nunca dejo salir al tirador.<\/li>\n<li>Cambiar para negar!<\/li>\n<\/ul>\n<p><strong>\u00bfComo defendemos el POP con un jugador que tiene tiro?<\/strong><br \/>\nFondo mas cambio! No dejar al grande con el chiquito, lo que buscamos es acompa\u00f1arlo y llevarlo al chico a un sector del campo para que el grande pueda defender.<\/p>\n<p><em><strong>Por ultimo a nivel personal (ALEJANDRO ELIZALDE)<\/strong><\/em><br \/>\nTenes que estar preparado\u2026pero Tenes que tener c\u00f3digos, valores, principios, humilde y saber esperar hasta que llegue tu momento como entrenador principal. Lo humano y lo t\u00e9cnico es fundamental para llevar a cabo dicha tarea.<\/p>\n","protected":false},"excerpt":{"rendered":"<p>La defensa La filosof\u00eda que propone el entrenador es de llegar a tal punto de incomodar al rival al momento de aplicar el mecanismo defensivo. \u00bfComo armamos el equipo? Siempre pensando en base a lo defensivo. El mismo pretende jugadores atl\u00e9ticos, vers\u00e1tiles y din\u00e1micos. Los grandes deben romper con todo tipo de estereotipos. Primer tema: [&hellip;]<\/p>\n","protected":false},"featured_media":26694,"comment_status":"open","ping_status":"closed","template":"","meta":{"site-sidebar-layout":"default","site-content-layout":"default","ast-site-content-layout":"default","site-content-style":"default","site-sidebar-style":"default","ast-global-header-display":"","ast-banner-title-visibility":"","ast-main-header-display":"","ast-hfb-above-header-display":"","ast-hfb-below-header-display":"","ast-hfb-mobile-header-display":"","site-post-title":"","ast-breadcrumbs-content":"","ast-featured-img":"","footer-sml-layout":"","ast-disable-related-posts":"","theme-transparent-header-meta":"default","adv-header-id-meta":"","stick-header-meta":"","header-above-stick-meta":"","header-main-stick-meta":"","header-below-stick-meta":"","astra-migrate-meta-layouts":"set","ast-page-background-enabled":"default","ast-page-background-meta":{"desktop":{"background-color":"","background-image":"","background-repeat":"repeat","background-position":"center center","background-size":"auto","background-attachment":"scroll","background-type":"","background-media":"","overlay-type":"","overlay-color":"","overlay-opacity":"","overlay-gradient":""},"tablet":{"background-color":"","background-image":"","background-repeat":"repeat","background-position":"center center","background-size":"auto","background-attachment":"scroll","background-type":"","background-media":"","overlay-type":"","overlay-color":"","overlay-opacity":"","overlay-gradient":""},"mobile":{"background-color":"","background-image":"","background-repeat":"repeat","background-position":"center center","background-size":"auto","background-attachment":"scroll","background-type":"","background-media":"","overlay-type":"","overlay-color":"","overlay-opacity":"","overlay-gradient":""}},"ast-content-background-meta":{"desktop":{"background-color":"var(--ast-global-color-5)","background-image":"","background-repeat":"repeat","background-position":"center center","background-size":"auto","background-attachment":"scroll","background-type":"","background-media":"","overlay-type":"","overlay-color":"","overlay-opacity":"","overlay-gradient":""},"tablet":{"background-color":"var(--ast-global-color-5)","background-image":"","background-repeat":"repeat","background-position":"center center","background-size":"auto","background-attachment":"scroll","background-type":"","background-media":"","overlay-type":"","overlay-color":"","overlay-opacity":"","overlay-gradient":""},"mobile":{"background-color":"var(--ast-global-color-5)","background-image":"","background-repeat":"repeat","background-position":"center center","background-size":"auto","background-attachment":"scroll","background-type":"","background-media":"","overlay-type":"","overlay-color":"","overlay-opacity":"","overlay-gradient":""}},"iawp_total_views":22},"product_brand":[],"product_cat":[111,113],"product_tag":[207],"class_list":{"0":"post-26686","1":"product","2":"type-product","3":"status-publish","4":"has-post-thumbnail","6":"product_cat-formativas","7":"product_cat-alto-rendimiento","8":"product_tag-alejandro-elizalde","9":"desktop-align-left","10":"tablet-align-left","11":"mobile-align-left","13":"first","14":"instock","15":"virtual","16":"sold-individually","17":"purchasable","18":"product-type-course"},"_links":{"self":[{"href":"https:\/\/deposoft.com.ar\/es\/wp-json\/wp\/v2\/product\/26686","targetHints":{"allow":["GET"]}}],"collection":[{"href":"https:\/\/deposoft.com.ar\/es\/wp-json\/wp\/v2\/product"}],"about":[{"href":"https:\/\/deposoft.com.ar\/es\/wp-json\/wp\/v2\/types\/product"}],"replies":[{"embeddable":true,"href":"https:\/\/deposoft.com.ar\/es\/wp-json\/wp\/v2\/comments?post=26686"}],"version-history":[{"count":2,"href":"https:\/\/deposoft.com.ar\/es\/wp-json\/wp\/v2\/product\/26686\/revisions"}],"predecessor-version":[{"id":34287,"href":"https:\/\/deposoft.com.ar\/es\/wp-json\/wp\/v2\/product\/26686\/revisions\/34287"}],"wp:featuredmedia":[{"embeddable":true,"href":"https:\/\/deposoft.com.ar\/es\/wp-json\/wp\/v2\/media\/26694"}],"wp:attachment":[{"href":"https:\/\/deposoft.com.ar\/es\/wp-json\/wp\/v2\/media?parent=26686"}],"wp:term":[{"taxonomy":"product_brand","embeddable":true,"href":"https:\/\/deposoft.com.ar\/es\/wp-json\/wp\/v2\/product_brand?post=26686"},{"taxonomy":"product_cat","embeddable":true,"href":"https:\/\/deposoft.com.ar\/es\/wp-json\/wp\/v2\/product_cat?post=26686"},{"taxonomy":"product_tag","embeddable":true,"href":"https:\/\/deposoft.com.ar\/es\/wp-json\/wp\/v2\/product_tag?post=26686"}],"curies":[{"name":"wp","href":"https:\/\/api.w.org\/{rel}","templated":true}]}}