{"id":25944,"date":"2023-05-22T11:45:17","date_gmt":"2023-05-22T11:45:17","guid":{"rendered":"https:\/\/deposoft.com.ar\/es\/?post_type=product&#038;p=25944"},"modified":"2023-12-01T13:28:38","modified_gmt":"2023-12-01T13:28:38","slug":"esqueleto-de-un-entrenamiento","status":"publish","type":"product","link":"https:\/\/deposoft.com.ar\/es\/producto\/esqueleto-de-un-entrenamiento\/","title":{"rendered":"Esqueleto de un entrenamiento"},"content":{"rendered":"<div class=\"ast-oembed-container \" style=\"height: 100%;\"><iframe src=\"https:\/\/player.vimeo.com\/video\/674672806?h=3d0a79e67d&amp;dnt=1&amp;app_id=122963\" width=\"500\" height=\"281\" frameborder=\"0\" allow=\"autoplay; fullscreen; picture-in-picture; clipboard-write\"><\/iframe><\/div>\n","protected":false},"excerpt":{"rendered":"<p>GRATIS<br \/>\nmuestra la estructura de un entrenamiento en su equipo durante la temporada regular donde compite en ACB y Euroliga. Partes de un entrenamiento:<br \/>\n\u2013 Activaci\u00f3n y estiramientos. En esta primera parte se realizan ejercicios de baja intensidad que pueden ser de lanzamientos, dribling o pases. Luego de estos los jugadores estiran durante 8 minutos.<br \/>\n\u2013 Puesta en marcha. Ejercicios que aumentan la exigencia competitiva y mental. T\u00e1ctica individual, toma de decisiones. El objetivo es incrementar la atenci\u00f3n y mejorar la ejecuci\u00f3n&#8230;.<\/p>\n","protected":false},"featured_media":25945,"comment_status":"open","ping_status":"closed","template":"","meta":{"site-sidebar-layout":"default","site-content-layout":"default","ast-site-content-layout":"default","site-content-style":"default","site-sidebar-style":"default","ast-global-header-display":"","ast-banner-title-visibility":"","ast-main-header-display":"","ast-hfb-above-header-display":"","ast-hfb-below-header-display":"","ast-hfb-mobile-header-display":"","site-post-title":"","ast-breadcrumbs-content":"","ast-featured-img":"","footer-sml-layout":"","ast-disable-related-posts":"","theme-transparent-header-meta":"default","adv-header-id-meta":"","stick-header-meta":"","header-above-stick-meta":"","header-main-stick-meta":"","header-below-stick-meta":"","astra-migrate-meta-layouts":"set","ast-page-background-enabled":"default","ast-page-background-meta":{"desktop":{"background-color":"","background-image":"","background-repeat":"repeat","background-position":"center center","background-size":"auto","background-attachment":"scroll","background-type":"","background-media":"","overlay-type":"","overlay-color":"","overlay-opacity":"","overlay-gradient":""},"tablet":{"background-color":"","background-image":"","background-repeat":"repeat","background-position":"center center","background-size":"auto","background-attachment":"scroll","background-type":"","background-media":"","overlay-type":"","overlay-color":"","overlay-opacity":"","overlay-gradient":""},"mobile":{"background-color":"","background-image":"","background-repeat":"repeat","background-position":"center center","background-size":"auto","background-attachment":"scroll","background-type":"","background-media":"","overlay-type":"","overlay-color":"","overlay-opacity":"","overlay-gradient":""}},"ast-content-background-meta":{"desktop":{"background-color":"var(--ast-global-color-5)","background-image":"","background-repeat":"repeat","background-position":"center center","background-size":"auto","background-attachment":"scroll","background-type":"","background-media":"","overlay-type":"","overlay-color":"","overlay-opacity":"","overlay-gradient":""},"tablet":{"background-color":"var(--ast-global-color-5)","background-image":"","background-repeat":"repeat","background-position":"center center","background-size":"auto","background-attachment":"scroll","background-type":"","background-media":"","overlay-type":"","overlay-color":"","overlay-opacity":"","overlay-gradient":""},"mobile":{"background-color":"var(--ast-global-color-5)","background-image":"","background-repeat":"repeat","background-position":"center center","background-size":"auto","background-attachment":"scroll","background-type":"","background-media":"","overlay-type":"","overlay-color":"","overlay-opacity":"","overlay-gradient":""}},"iawp_total_views":28},"product_brand":[],"product_cat":[113],"product_tag":[174],"class_list":{"0":"post-25944","1":"product","2":"type-product","3":"status-publish","4":"has-post-thumbnail","6":"product_cat-alto-rendimiento","7":"product_tag-chus-mateo","8":"desktop-align-left","9":"tablet-align-left","10":"mobile-align-left","12":"first","13":"instock","14":"virtual","15":"sold-individually","16":"product-type-course"},"_links":{"self":[{"href":"https:\/\/deposoft.com.ar\/es\/wp-json\/wp\/v2\/product\/25944","targetHints":{"allow":["GET"]}}],"collection":[{"href":"https:\/\/deposoft.com.ar\/es\/wp-json\/wp\/v2\/product"}],"about":[{"href":"https:\/\/deposoft.com.ar\/es\/wp-json\/wp\/v2\/types\/product"}],"replies":[{"embeddable":true,"href":"https:\/\/deposoft.com.ar\/es\/wp-json\/wp\/v2\/comments?post=25944"}],"version-history":[{"count":0,"href":"https:\/\/deposoft.com.ar\/es\/wp-json\/wp\/v2\/product\/25944\/revisions"}],"wp:featuredmedia":[{"embeddable":true,"href":"https:\/\/deposoft.com.ar\/es\/wp-json\/wp\/v2\/media\/25945"}],"wp:attachment":[{"href":"https:\/\/deposoft.com.ar\/es\/wp-json\/wp\/v2\/media?parent=25944"}],"wp:term":[{"taxonomy":"product_brand","embeddable":true,"href":"https:\/\/deposoft.com.ar\/es\/wp-json\/wp\/v2\/product_brand?post=25944"},{"taxonomy":"product_cat","embeddable":true,"href":"https:\/\/deposoft.com.ar\/es\/wp-json\/wp\/v2\/product_cat?post=25944"},{"taxonomy":"product_tag","embeddable":true,"href":"https:\/\/deposoft.com.ar\/es\/wp-json\/wp\/v2\/product_tag?post=25944"}],"curies":[{"name":"wp","href":"https:\/\/api.w.org\/{rel}","templated":true}]}}