{"id":25938,"date":"2023-05-21T16:12:45","date_gmt":"2023-05-21T16:12:45","guid":{"rendered":"https:\/\/deposoft.com.ar\/es\/?post_type=product&#038;p=25938"},"modified":"2026-03-30T11:07:22","modified_gmt":"2026-03-30T11:07:22","slug":"ataque-temprano-llegar-jugando","status":"publish","type":"product","link":"https:\/\/deposoft.com.ar\/es\/producto\/ataque-temprano-llegar-jugando\/","title":{"rendered":"Ataque temprano. Llegar jugando"},"content":{"rendered":"<p>Lo m\u00e1s importante: VELOCIDAD DEL BAL\u00d3N. Hay que tomar la decisi\u00f3n CU\u00c1NDO BAL\u00d3N EST\u00c1 EN EL AIRE. Buscar la continuidad del gesto (POR EJEMPLO: REBOTE OFENSIVO O TRANSICI\u00d3N: vamos cuando bal\u00f3n est\u00e1 en el aire, no cuando toca el aro)<br \/>\nEn este momento la defensa no tiene estructura, alli aprovechar el\u00a0 CORRER y JUGAR ANTES de que se produzca una situaci\u00f3n. Cuando la defensa nos para, utilizar Pick &amp; Roll o algo que nos mantenga verticalidad.<\/p>\n<p><a href=\"https:\/\/deposoft.com.ar\/es\/wp-content\/uploads\/2023\/05\/CONCEPTOS-DE-LLEGAR-JUGANDO-jenaro-diaz.pdf\">resumen libre CONCEPTOS DE LLEGAR JUGANDO Jenaro Diaz<\/a><\/p>\n","protected":false},"excerpt":{"rendered":"<p>Sistemas Ofensivos Modernos. Llegar jugando con diferentes formaciones contra Defensa Individual<\/p>\n","protected":false},"featured_media":25939,"comment_status":"open","ping_status":"closed","template":"","meta":{"site-sidebar-layout":"default","site-content-layout":"default","ast-site-content-layout":"default","site-content-style":"default","site-sidebar-style":"default","ast-global-header-display":"","ast-banner-title-visibility":"","ast-main-header-display":"","ast-hfb-above-header-display":"","ast-hfb-below-header-display":"","ast-hfb-mobile-header-display":"","site-post-title":"","ast-breadcrumbs-content":"","ast-featured-img":"","footer-sml-layout":"","ast-disable-related-posts":"","theme-transparent-header-meta":"default","adv-header-id-meta":"","stick-header-meta":"","header-above-stick-meta":"","header-main-stick-meta":"","header-below-stick-meta":"","astra-migrate-meta-layouts":"set","ast-page-background-enabled":"default","ast-page-background-meta":{"desktop":{"background-color":"","background-image":"","background-repeat":"repeat","background-position":"center center","background-size":"auto","background-attachment":"scroll","background-type":"","background-media":"","overlay-type":"","overlay-color":"","overlay-opacity":"","overlay-gradient":""},"tablet":{"background-color":"","background-image":"","background-repeat":"repeat","background-position":"center center","background-size":"auto","background-attachment":"scroll","background-type":"","background-media":"","overlay-type":"","overlay-color":"","overlay-opacity":"","overlay-gradient":""},"mobile":{"background-color":"","background-image":"","background-repeat":"repeat","background-position":"center center","background-size":"auto","background-attachment":"scroll","background-type":"","background-media":"","overlay-type":"","overlay-color":"","overlay-opacity":"","overlay-gradient":""}},"ast-content-background-meta":{"desktop":{"background-color":"var(--ast-global-color-5)","background-image":"","background-repeat":"repeat","background-position":"center center","background-size":"auto","background-attachment":"scroll","background-type":"","background-media":"","overlay-type":"","overlay-color":"","overlay-opacity":"","overlay-gradient":""},"tablet":{"background-color":"var(--ast-global-color-5)","background-image":"","background-repeat":"repeat","background-position":"center center","background-size":"auto","background-attachment":"scroll","background-type":"","background-media":"","overlay-type":"","overlay-color":"","overlay-opacity":"","overlay-gradient":""},"mobile":{"background-color":"var(--ast-global-color-5)","background-image":"","background-repeat":"repeat","background-position":"center center","background-size":"auto","background-attachment":"scroll","background-type":"","background-media":"","overlay-type":"","overlay-color":"","overlay-opacity":"","overlay-gradient":""}},"iawp_total_views":17},"product_brand":[],"product_cat":[111,113],"product_tag":[171],"class_list":{"0":"post-25938","1":"product","2":"type-product","3":"status-publish","4":"has-post-thumbnail","6":"product_cat-formativas","7":"product_cat-alto-rendimiento","8":"product_tag-jenaro-diaz","9":"desktop-align-left","10":"tablet-align-left","11":"mobile-align-left","13":"first","14":"instock","15":"virtual","16":"sold-individually","17":"purchasable","18":"product-type-course"},"_links":{"self":[{"href":"https:\/\/deposoft.com.ar\/es\/wp-json\/wp\/v2\/product\/25938","targetHints":{"allow":["GET"]}}],"collection":[{"href":"https:\/\/deposoft.com.ar\/es\/wp-json\/wp\/v2\/product"}],"about":[{"href":"https:\/\/deposoft.com.ar\/es\/wp-json\/wp\/v2\/types\/product"}],"replies":[{"embeddable":true,"href":"https:\/\/deposoft.com.ar\/es\/wp-json\/wp\/v2\/comments?post=25938"}],"version-history":[{"count":3,"href":"https:\/\/deposoft.com.ar\/es\/wp-json\/wp\/v2\/product\/25938\/revisions"}],"predecessor-version":[{"id":36719,"href":"https:\/\/deposoft.com.ar\/es\/wp-json\/wp\/v2\/product\/25938\/revisions\/36719"}],"wp:featuredmedia":[{"embeddable":true,"href":"https:\/\/deposoft.com.ar\/es\/wp-json\/wp\/v2\/media\/25939"}],"wp:attachment":[{"href":"https:\/\/deposoft.com.ar\/es\/wp-json\/wp\/v2\/media?parent=25938"}],"wp:term":[{"taxonomy":"product_brand","embeddable":true,"href":"https:\/\/deposoft.com.ar\/es\/wp-json\/wp\/v2\/product_brand?post=25938"},{"taxonomy":"product_cat","embeddable":true,"href":"https:\/\/deposoft.com.ar\/es\/wp-json\/wp\/v2\/product_cat?post=25938"},{"taxonomy":"product_tag","embeddable":true,"href":"https:\/\/deposoft.com.ar\/es\/wp-json\/wp\/v2\/product_tag?post=25938"}],"curies":[{"name":"wp","href":"https:\/\/api.w.org\/{rel}","templated":true}]}}