{"id":25932,"date":"2023-05-21T00:20:05","date_gmt":"2023-05-21T00:20:05","guid":{"rendered":"https:\/\/deposoft.com.ar\/es\/?post_type=product&#038;p=25932"},"modified":"2026-03-27T15:03:40","modified_gmt":"2026-03-27T15:03:40","slug":"conceptos-ofensivos-en-intermedias","status":"publish","type":"product","link":"https:\/\/deposoft.com.ar\/es\/producto\/conceptos-ofensivos-en-intermedias\/","title":{"rendered":"Conceptos ofensivos en intermedias"},"content":{"rendered":"<p>a pesar de que el t\u00edtulo original es Conceptos ofensivos en pre infantiles puedes aplicar los mismos a todas tus categor\u00edas, de acuerdo al lugar donde ejerzas la profesi\u00f3n<\/p>\n<p>el entrenador incorporar\u00e1 conceptos ofensivos a sus jugadores a traves de traves de distintas formas y propuestas metodol\u00f3gicas que incluyen formas globales, anal\u00edticas y mixtas<br \/>\nLos objetivos que se propone es afianzar entre los jugadores<br \/>\n* triple amenza<br \/>\n* spacing<br \/>\n* pasar y cortar<br \/>\n* penetraci\u00f3n y descarga<br \/>\n* reversi\u00f3n del bal\u00f3n<\/p>\n<p>En el club donde \u00e9l se desempe\u00f1a es parte de un modelo de juego.<br \/>\nNos deja algunos conceptos al comienzo:<br \/>\n\u2022 \u201cEl orden potencia a los buenos jugadores\u201d<br \/>\n\u2022 \u201cComenzar de lo global a situaciones espec\u00edficas\u201d<br \/>\n\u2022 \u201cSer coherente en lo que se hace para llegar al modelo de juego\u201d.<br \/>\n\u2022 \u201cLograr jugadores que vean, perciban y lean todo lo que pasa\u201d<\/p>\n","protected":false},"excerpt":{"rendered":"<p>a pesar de que el t\u00edtulo original es Conceptos ofensivos en pre infantiles puedes aplicar los mismos a todas tus categor\u00edas, de acuerdo al lugar donde ejerzas la profesi\u00f3n el entrenador incorporar\u00e1 conceptos ofensivos a sus jugadores a traves de traves de distintas formas y propuestas metodol\u00f3gicas que incluyen formas globales, anal\u00edticas y mixtas Los [&hellip;]<\/p>\n","protected":false},"featured_media":25933,"comment_status":"open","ping_status":"closed","template":"","meta":{"site-sidebar-layout":"default","site-content-layout":"default","ast-site-content-layout":"default","site-content-style":"default","site-sidebar-style":"default","ast-global-header-display":"","ast-banner-title-visibility":"","ast-main-header-display":"","ast-hfb-above-header-display":"","ast-hfb-below-header-display":"","ast-hfb-mobile-header-display":"","site-post-title":"","ast-breadcrumbs-content":"","ast-featured-img":"","footer-sml-layout":"","ast-disable-related-posts":"","theme-transparent-header-meta":"default","adv-header-id-meta":"","stick-header-meta":"","header-above-stick-meta":"","header-main-stick-meta":"","header-below-stick-meta":"","astra-migrate-meta-layouts":"set","ast-page-background-enabled":"default","ast-page-background-meta":{"desktop":{"background-color":"","background-image":"","background-repeat":"repeat","background-position":"center center","background-size":"auto","background-attachment":"scroll","background-type":"","background-media":"","overlay-type":"","overlay-color":"","overlay-opacity":"","overlay-gradient":""},"tablet":{"background-color":"","background-image":"","background-repeat":"repeat","background-position":"center center","background-size":"auto","background-attachment":"scroll","background-type":"","background-media":"","overlay-type":"","overlay-color":"","overlay-opacity":"","overlay-gradient":""},"mobile":{"background-color":"","background-image":"","background-repeat":"repeat","background-position":"center center","background-size":"auto","background-attachment":"scroll","background-type":"","background-media":"","overlay-type":"","overlay-color":"","overlay-opacity":"","overlay-gradient":""}},"ast-content-background-meta":{"desktop":{"background-color":"var(--ast-global-color-5)","background-image":"","background-repeat":"repeat","background-position":"center center","background-size":"auto","background-attachment":"scroll","background-type":"","background-media":"","overlay-type":"","overlay-color":"","overlay-opacity":"","overlay-gradient":""},"tablet":{"background-color":"var(--ast-global-color-5)","background-image":"","background-repeat":"repeat","background-position":"center center","background-size":"auto","background-attachment":"scroll","background-type":"","background-media":"","overlay-type":"","overlay-color":"","overlay-opacity":"","overlay-gradient":""},"mobile":{"background-color":"var(--ast-global-color-5)","background-image":"","background-repeat":"repeat","background-position":"center center","background-size":"auto","background-attachment":"scroll","background-type":"","background-media":"","overlay-type":"","overlay-color":"","overlay-opacity":"","overlay-gradient":""}},"iawp_total_views":12},"product_brand":[],"product_cat":[111],"product_tag":[168],"class_list":{"0":"post-25932","1":"product","2":"type-product","3":"status-publish","4":"has-post-thumbnail","6":"product_cat-formativas","7":"product_tag-santiago-canto","8":"desktop-align-left","9":"tablet-align-left","10":"mobile-align-left","12":"first","13":"instock","14":"virtual","15":"sold-individually","16":"purchasable","17":"product-type-course"},"_links":{"self":[{"href":"https:\/\/deposoft.com.ar\/es\/wp-json\/wp\/v2\/product\/25932","targetHints":{"allow":["GET"]}}],"collection":[{"href":"https:\/\/deposoft.com.ar\/es\/wp-json\/wp\/v2\/product"}],"about":[{"href":"https:\/\/deposoft.com.ar\/es\/wp-json\/wp\/v2\/types\/product"}],"replies":[{"embeddable":true,"href":"https:\/\/deposoft.com.ar\/es\/wp-json\/wp\/v2\/comments?post=25932"}],"version-history":[{"count":3,"href":"https:\/\/deposoft.com.ar\/es\/wp-json\/wp\/v2\/product\/25932\/revisions"}],"predecessor-version":[{"id":36675,"href":"https:\/\/deposoft.com.ar\/es\/wp-json\/wp\/v2\/product\/25932\/revisions\/36675"}],"wp:featuredmedia":[{"embeddable":true,"href":"https:\/\/deposoft.com.ar\/es\/wp-json\/wp\/v2\/media\/25933"}],"wp:attachment":[{"href":"https:\/\/deposoft.com.ar\/es\/wp-json\/wp\/v2\/media?parent=25932"}],"wp:term":[{"taxonomy":"product_brand","embeddable":true,"href":"https:\/\/deposoft.com.ar\/es\/wp-json\/wp\/v2\/product_brand?post=25932"},{"taxonomy":"product_cat","embeddable":true,"href":"https:\/\/deposoft.com.ar\/es\/wp-json\/wp\/v2\/product_cat?post=25932"},{"taxonomy":"product_tag","embeddable":true,"href":"https:\/\/deposoft.com.ar\/es\/wp-json\/wp\/v2\/product_tag?post=25932"}],"curies":[{"name":"wp","href":"https:\/\/api.w.org\/{rel}","templated":true}]}}