{"id":25860,"date":"2023-05-08T02:37:06","date_gmt":"2023-05-08T02:37:06","guid":{"rendered":"https:\/\/deposoft.com.ar\/es\/?post_type=product&#038;p=25860"},"modified":"2026-03-30T20:38:19","modified_gmt":"2026-03-30T20:38:19","slug":"toma-de-decisiones-v","status":"publish","type":"product","link":"https:\/\/deposoft.com.ar\/es\/producto\/toma-de-decisiones-v\/","title":{"rendered":"toma de decisiones Vol V"},"content":{"rendered":"<p>En esta conferencia de Augusto Pons,\u00a0 <strong><em>los ejes en esta conferencia son:<\/em><\/strong><\/p>\n<ol>\n<li><strong><em>\u00a0contra ataque<\/em><\/strong><\/li>\n<li><strong><em>bloqueos<\/em><\/strong><\/li>\n<li><strong><em> lanzamientos<\/em><\/strong><\/li>\n<\/ol>\n<p>El disertante habla de alejarse de lo que es la \u201cformaci\u00f3n lineal\u201d del deportista, en donde los ejercicios tienen un formato que le dicen al jugador todo lo que quieren hacer. Hay que ense\u00f1ar asociando los ejercicios con la toma de decisiones, donde la t\u00e9cnica y la t\u00e1ctica individual es todo incluido dentro de cada actividad a realizar.<\/p>\n<p>Entre los primeros ejercicios se destaca el trabajo del primer bote hacia adelante en acciones de 1vs1 a ejercicios de 1 vs1 en contraataque y proponiendo variantes desde mini b\u00e1squet a formativas. Por otro lado estos ejercicios agregan el condicionante de presi\u00f3n a la hora de definir.<\/p>\n<p>Augusto ya en la parte central trabaja los bloqueos directos con el objetivo de que mejoren las lecturas de ataque para eso augusto condiciona las defensas y<\/p>\n<p>Los movimientos posteriormente contin\u00faan con las lecturas sobre el p\u00edvot. Siguiendo con la din\u00e1mica de trabajar los fundamentos entra el bloque de lanzamientos donde se trabaj\u00f3 espec\u00edficamente el dribling lateral con el armado del tiro en est\u00e1tico y din\u00e1mico y la disociaci\u00f3n de tren superior e inferior donde se pone prueba o se exige una alta capacidad de equilibrio este movimiento.<\/p>\n<p>Este recurso se ha vuelto una tendencia importante para tirar sobre todo de 3 Ptos.<\/p>\n<p><strong><em>Ya en el tramo final Pons trabaja conceptos de bloqueo indirecto jugando con los \u00e1ngulos cambiados, desmarques y conseguir tiros liberados. Al tiempo que va marcando detalles a tener en cuenta en las ejecuciones.<\/em><\/strong><\/p>\n<p>Desarrolla tambi\u00e9n las decisiones a trav\u00e9s de las lecturas de los bloqueos sobre como ir\u00a0 en los desmarques y en consecuencia salir para un tiro liberado.<\/p>\n<p>Finalmente\u00a0 da un cierre dejando conceptos de lo que expuso en las Jornadas, maneras de trabajar las cosas <strong><em>fue dando tips de como condicionar Ejercicios en funci\u00f3n del objetivo que se plantee<\/em><\/strong><\/p>\n<p>&nbsp;<\/p>\n","protected":false},"excerpt":{"rendered":"<p>En esta conferencia de Augusto Pons,\u00a0 los ejes en esta conferencia son: \u00a0contra ataque bloqueos lanzamientos El disertante habla de alejarse de lo que es la \u201cformaci\u00f3n lineal\u201d del deportista, en donde los ejercicios tienen un formato que le dicen al jugador todo lo que quieren hacer. Hay que ense\u00f1ar asociando los ejercicios con la [&hellip;]<\/p>\n","protected":false},"featured_media":25818,"comment_status":"open","ping_status":"closed","template":"","meta":{"site-sidebar-layout":"default","site-content-layout":"default","ast-site-content-layout":"default","site-content-style":"default","site-sidebar-style":"default","ast-global-header-display":"","ast-banner-title-visibility":"","ast-main-header-display":"","ast-hfb-above-header-display":"","ast-hfb-below-header-display":"","ast-hfb-mobile-header-display":"","site-post-title":"","ast-breadcrumbs-content":"","ast-featured-img":"","footer-sml-layout":"","ast-disable-related-posts":"","theme-transparent-header-meta":"default","adv-header-id-meta":"","stick-header-meta":"","header-above-stick-meta":"","header-main-stick-meta":"","header-below-stick-meta":"","astra-migrate-meta-layouts":"set","ast-page-background-enabled":"default","ast-page-background-meta":{"desktop":{"background-color":"","background-image":"","background-repeat":"repeat","background-position":"center center","background-size":"auto","background-attachment":"scroll","background-type":"","background-media":"","overlay-type":"","overlay-color":"","overlay-opacity":"","overlay-gradient":""},"tablet":{"background-color":"","background-image":"","background-repeat":"repeat","background-position":"center center","background-size":"auto","background-attachment":"scroll","background-type":"","background-media":"","overlay-type":"","overlay-color":"","overlay-opacity":"","overlay-gradient":""},"mobile":{"background-color":"","background-image":"","background-repeat":"repeat","background-position":"center center","background-size":"auto","background-attachment":"scroll","background-type":"","background-media":"","overlay-type":"","overlay-color":"","overlay-opacity":"","overlay-gradient":""}},"ast-content-background-meta":{"desktop":{"background-color":"var(--ast-global-color-5)","background-image":"","background-repeat":"repeat","background-position":"center center","background-size":"auto","background-attachment":"scroll","background-type":"","background-media":"","overlay-type":"","overlay-color":"","overlay-opacity":"","overlay-gradient":""},"tablet":{"background-color":"var(--ast-global-color-5)","background-image":"","background-repeat":"repeat","background-position":"center center","background-size":"auto","background-attachment":"scroll","background-type":"","background-media":"","overlay-type":"","overlay-color":"","overlay-opacity":"","overlay-gradient":""},"mobile":{"background-color":"var(--ast-global-color-5)","background-image":"","background-repeat":"repeat","background-position":"center center","background-size":"auto","background-attachment":"scroll","background-type":"","background-media":"","overlay-type":"","overlay-color":"","overlay-opacity":"","overlay-gradient":""}},"iawp_total_views":5},"product_brand":[],"product_cat":[111],"product_tag":[154],"class_list":{"0":"post-25860","1":"product","2":"type-product","3":"status-publish","4":"has-post-thumbnail","6":"product_cat-formativas","7":"product_tag-augusto-pons","8":"desktop-align-left","9":"tablet-align-left","10":"mobile-align-left","12":"first","13":"instock","14":"virtual","15":"sold-individually","16":"purchasable","17":"product-type-course"},"_links":{"self":[{"href":"https:\/\/deposoft.com.ar\/es\/wp-json\/wp\/v2\/product\/25860","targetHints":{"allow":["GET"]}}],"collection":[{"href":"https:\/\/deposoft.com.ar\/es\/wp-json\/wp\/v2\/product"}],"about":[{"href":"https:\/\/deposoft.com.ar\/es\/wp-json\/wp\/v2\/types\/product"}],"replies":[{"embeddable":true,"href":"https:\/\/deposoft.com.ar\/es\/wp-json\/wp\/v2\/comments?post=25860"}],"version-history":[{"count":1,"href":"https:\/\/deposoft.com.ar\/es\/wp-json\/wp\/v2\/product\/25860\/revisions"}],"predecessor-version":[{"id":32966,"href":"https:\/\/deposoft.com.ar\/es\/wp-json\/wp\/v2\/product\/25860\/revisions\/32966"}],"wp:featuredmedia":[{"embeddable":true,"href":"https:\/\/deposoft.com.ar\/es\/wp-json\/wp\/v2\/media\/25818"}],"wp:attachment":[{"href":"https:\/\/deposoft.com.ar\/es\/wp-json\/wp\/v2\/media?parent=25860"}],"wp:term":[{"taxonomy":"product_brand","embeddable":true,"href":"https:\/\/deposoft.com.ar\/es\/wp-json\/wp\/v2\/product_brand?post=25860"},{"taxonomy":"product_cat","embeddable":true,"href":"https:\/\/deposoft.com.ar\/es\/wp-json\/wp\/v2\/product_cat?post=25860"},{"taxonomy":"product_tag","embeddable":true,"href":"https:\/\/deposoft.com.ar\/es\/wp-json\/wp\/v2\/product_tag?post=25860"}],"curies":[{"name":"wp","href":"https:\/\/api.w.org\/{rel}","templated":true}]}}