{"id":25844,"date":"2023-05-08T02:06:59","date_gmt":"2023-05-08T02:06:59","guid":{"rendered":"https:\/\/deposoft.com.ar\/es\/?post_type=product&#038;p=25844"},"modified":"2026-03-30T20:38:07","modified_gmt":"2026-03-30T20:38:07","slug":"toma-de-decisiones-vol-iv","status":"publish","type":"product","link":"https:\/\/deposoft.com.ar\/es\/producto\/toma-de-decisiones-vol-iv\/","title":{"rendered":"toma de decisiones Vol IV"},"content":{"rendered":"<p>En esta conferencia de Augusto Pons,\u00a0 <strong><em>los ejes en esta conferencia son:<\/em><\/strong><\/p>\n<ol>\n<li><strong><em> el\u00a0 2vs1 <\/em><\/strong><\/li>\n<li><strong><em>manejo de bal\u00f3n <\/em><\/strong><\/li>\n<li><strong><em>mejora del dribling<\/em><\/strong><\/li>\n<\/ol>\n<p>&nbsp;<\/p>\n<p>A modo de entrada en calor Augusto trabaja driles de dribling y pases a 1 mano estimulando la creatividad en el mismo. Luego ejercit\u00f3 los ejercicios de 1vs1 con Optimizaci\u00f3n del dribling.<\/p>\n<p>Otro de los conceptos que se explican es el de romper horizontales a la hora de pasar en juegos de 1 vs1 m\u00e1s receptores y empezar a trabajar o fabricar l\u00edneas de pases. Se han utilizado ejercicios variados desde 3 vs3 a 4vs4 condicionando ataque y defensa con el objetivo de ejercitar las l\u00edneas de pase sin estructuras R\u00edgidas sino desde la propia interpretaci\u00f3n de los espacios y la de defensa por parte del jugador, este m\u00f3dulo se encuentra repleto de ejercicios<\/p>\n","protected":false},"excerpt":{"rendered":"<p>El disertante habla de alejarse de lo que es la \u201cformaci\u00f3n lineal\u201d del deportista, en donde los ejercicios tienen un formato que le dicen al jugador todo lo que quieren hacer. Hay que ense\u00f1ar asociando los ejercicios con la toma de decisiones, donde la t\u00e9cnica y la t\u00e1ctica individual es todo incluido dentro de cada actividad a realizar.<\/p>\n","protected":false},"featured_media":25817,"comment_status":"open","ping_status":"closed","template":"","meta":{"site-sidebar-layout":"default","site-content-layout":"default","ast-site-content-layout":"default","site-content-style":"default","site-sidebar-style":"default","ast-global-header-display":"","ast-banner-title-visibility":"","ast-main-header-display":"","ast-hfb-above-header-display":"","ast-hfb-below-header-display":"","ast-hfb-mobile-header-display":"","site-post-title":"","ast-breadcrumbs-content":"","ast-featured-img":"","footer-sml-layout":"","ast-disable-related-posts":"","theme-transparent-header-meta":"default","adv-header-id-meta":"","stick-header-meta":"","header-above-stick-meta":"","header-main-stick-meta":"","header-below-stick-meta":"","astra-migrate-meta-layouts":"set","ast-page-background-enabled":"default","ast-page-background-meta":{"desktop":{"background-color":"","background-image":"","background-repeat":"repeat","background-position":"center center","background-size":"auto","background-attachment":"scroll","background-type":"","background-media":"","overlay-type":"","overlay-color":"","overlay-opacity":"","overlay-gradient":""},"tablet":{"background-color":"","background-image":"","background-repeat":"repeat","background-position":"center center","background-size":"auto","background-attachment":"scroll","background-type":"","background-media":"","overlay-type":"","overlay-color":"","overlay-opacity":"","overlay-gradient":""},"mobile":{"background-color":"","background-image":"","background-repeat":"repeat","background-position":"center center","background-size":"auto","background-attachment":"scroll","background-type":"","background-media":"","overlay-type":"","overlay-color":"","overlay-opacity":"","overlay-gradient":""}},"ast-content-background-meta":{"desktop":{"background-color":"var(--ast-global-color-5)","background-image":"","background-repeat":"repeat","background-position":"center center","background-size":"auto","background-attachment":"scroll","background-type":"","background-media":"","overlay-type":"","overlay-color":"","overlay-opacity":"","overlay-gradient":""},"tablet":{"background-color":"var(--ast-global-color-5)","background-image":"","background-repeat":"repeat","background-position":"center center","background-size":"auto","background-attachment":"scroll","background-type":"","background-media":"","overlay-type":"","overlay-color":"","overlay-opacity":"","overlay-gradient":""},"mobile":{"background-color":"var(--ast-global-color-5)","background-image":"","background-repeat":"repeat","background-position":"center center","background-size":"auto","background-attachment":"scroll","background-type":"","background-media":"","overlay-type":"","overlay-color":"","overlay-opacity":"","overlay-gradient":""}},"iawp_total_views":6},"product_brand":[],"product_cat":[111],"product_tag":[154],"class_list":{"0":"post-25844","1":"product","2":"type-product","3":"status-publish","4":"has-post-thumbnail","6":"product_cat-formativas","7":"product_tag-augusto-pons","8":"desktop-align-left","9":"tablet-align-left","10":"mobile-align-left","12":"first","13":"instock","14":"virtual","15":"sold-individually","16":"purchasable","17":"product-type-course"},"_links":{"self":[{"href":"https:\/\/deposoft.com.ar\/es\/wp-json\/wp\/v2\/product\/25844","targetHints":{"allow":["GET"]}}],"collection":[{"href":"https:\/\/deposoft.com.ar\/es\/wp-json\/wp\/v2\/product"}],"about":[{"href":"https:\/\/deposoft.com.ar\/es\/wp-json\/wp\/v2\/types\/product"}],"replies":[{"embeddable":true,"href":"https:\/\/deposoft.com.ar\/es\/wp-json\/wp\/v2\/comments?post=25844"}],"version-history":[{"count":3,"href":"https:\/\/deposoft.com.ar\/es\/wp-json\/wp\/v2\/product\/25844\/revisions"}],"predecessor-version":[{"id":36770,"href":"https:\/\/deposoft.com.ar\/es\/wp-json\/wp\/v2\/product\/25844\/revisions\/36770"}],"wp:featuredmedia":[{"embeddable":true,"href":"https:\/\/deposoft.com.ar\/es\/wp-json\/wp\/v2\/media\/25817"}],"wp:attachment":[{"href":"https:\/\/deposoft.com.ar\/es\/wp-json\/wp\/v2\/media?parent=25844"}],"wp:term":[{"taxonomy":"product_brand","embeddable":true,"href":"https:\/\/deposoft.com.ar\/es\/wp-json\/wp\/v2\/product_brand?post=25844"},{"taxonomy":"product_cat","embeddable":true,"href":"https:\/\/deposoft.com.ar\/es\/wp-json\/wp\/v2\/product_cat?post=25844"},{"taxonomy":"product_tag","embeddable":true,"href":"https:\/\/deposoft.com.ar\/es\/wp-json\/wp\/v2\/product_tag?post=25844"}],"curies":[{"name":"wp","href":"https:\/\/api.w.org\/{rel}","templated":true}]}}