{"id":25835,"date":"2023-05-07T15:59:28","date_gmt":"2023-05-07T15:59:28","guid":{"rendered":"https:\/\/deposoft.com.ar\/es\/?post_type=product&#038;p=25835"},"modified":"2026-03-30T20:37:43","modified_gmt":"2026-03-30T20:37:43","slug":"toma-de-decisiones-vol-iii","status":"publish","type":"product","link":"https:\/\/deposoft.com.ar\/es\/producto\/toma-de-decisiones-vol-iii\/","title":{"rendered":"toma de decisiones Vol III"},"content":{"rendered":"<p>En esta conferencia de Augusto Pons, gestos t\u00e9cnicos b\u00e1sicos\u00a0 con defensa inducida.<\/p>\n<p>El disertante habla de alejarse de lo que es la \u201cformaci\u00f3n lineal\u201d del deportista, en donde los ejercicios tienen un formato que le dicen al jugador todo lo que quieren hacer. Hay que ense\u00f1ar asociando los ejercicios con la toma de decisiones, donde la t\u00e9cnica y la t\u00e1ctica individual es todo incluido dentro de cada actividad a realizar.<\/p>\n<p>ejercicios de 1vs1 en el que los jugadores deben ir haciendo lecturas que Augusto explica que en las mayor\u00eda de las veces estas lecturas son binarias es decir se reducen a 2 opciones seg\u00fan si el defensor hace una cosa u otra.<\/p>\n<p>En cada uno de los ejercicios los chicos est\u00e1n trabajando gestos t\u00e9cnicos con defensa inducida donde el jugador que ataca toma decisiones. El coach utiliza conos que condicionan los gestos combinados \u00a0a se\u00f1as para realizar una acci\u00f3n.<\/p>\n<p>Ya en la media parte los ejercicios est\u00e1n planificados enteros al 1vs1 condicion\u00e1ndose los espacios, las distancias, y el tipo de lectura.<\/p>\n<p>&nbsp;<\/p>\n","protected":false},"excerpt":{"rendered":"<p>Dentro de la gama de gestos t\u00e9cnicos se trabaj\u00f3 recepciones a una mano y atacar, generarse el espacio desde un dribling, mantener la vista al frente y controlar el dribling con posterior acci\u00f3n de ataque, recibir con 2 manos y pasar con una, lecturas de defensas, control de dribling y pases a una mano, conceptos de triangular con defensa en desventaja.<\/p>\n","protected":false},"featured_media":25816,"comment_status":"open","ping_status":"closed","template":"","meta":{"site-sidebar-layout":"default","site-content-layout":"default","ast-site-content-layout":"default","site-content-style":"default","site-sidebar-style":"default","ast-global-header-display":"","ast-banner-title-visibility":"","ast-main-header-display":"","ast-hfb-above-header-display":"","ast-hfb-below-header-display":"","ast-hfb-mobile-header-display":"","site-post-title":"","ast-breadcrumbs-content":"","ast-featured-img":"","footer-sml-layout":"","ast-disable-related-posts":"","theme-transparent-header-meta":"default","adv-header-id-meta":"","stick-header-meta":"","header-above-stick-meta":"","header-main-stick-meta":"","header-below-stick-meta":"","astra-migrate-meta-layouts":"set","ast-page-background-enabled":"default","ast-page-background-meta":{"desktop":{"background-color":"","background-image":"","background-repeat":"repeat","background-position":"center center","background-size":"auto","background-attachment":"scroll","background-type":"","background-media":"","overlay-type":"","overlay-color":"","overlay-opacity":"","overlay-gradient":""},"tablet":{"background-color":"","background-image":"","background-repeat":"repeat","background-position":"center center","background-size":"auto","background-attachment":"scroll","background-type":"","background-media":"","overlay-type":"","overlay-color":"","overlay-opacity":"","overlay-gradient":""},"mobile":{"background-color":"","background-image":"","background-repeat":"repeat","background-position":"center center","background-size":"auto","background-attachment":"scroll","background-type":"","background-media":"","overlay-type":"","overlay-color":"","overlay-opacity":"","overlay-gradient":""}},"ast-content-background-meta":{"desktop":{"background-color":"var(--ast-global-color-5)","background-image":"","background-repeat":"repeat","background-position":"center center","background-size":"auto","background-attachment":"scroll","background-type":"","background-media":"","overlay-type":"","overlay-color":"","overlay-opacity":"","overlay-gradient":""},"tablet":{"background-color":"var(--ast-global-color-5)","background-image":"","background-repeat":"repeat","background-position":"center center","background-size":"auto","background-attachment":"scroll","background-type":"","background-media":"","overlay-type":"","overlay-color":"","overlay-opacity":"","overlay-gradient":""},"mobile":{"background-color":"var(--ast-global-color-5)","background-image":"","background-repeat":"repeat","background-position":"center center","background-size":"auto","background-attachment":"scroll","background-type":"","background-media":"","overlay-type":"","overlay-color":"","overlay-opacity":"","overlay-gradient":""}},"iawp_total_views":4},"product_brand":[],"product_cat":[111],"product_tag":[154],"class_list":{"0":"post-25835","1":"product","2":"type-product","3":"status-publish","4":"has-post-thumbnail","6":"product_cat-formativas","7":"product_tag-augusto-pons","8":"desktop-align-left","9":"tablet-align-left","10":"mobile-align-left","12":"first","13":"instock","14":"virtual","15":"sold-individually","16":"purchasable","17":"product-type-course"},"_links":{"self":[{"href":"https:\/\/deposoft.com.ar\/es\/wp-json\/wp\/v2\/product\/25835","targetHints":{"allow":["GET"]}}],"collection":[{"href":"https:\/\/deposoft.com.ar\/es\/wp-json\/wp\/v2\/product"}],"about":[{"href":"https:\/\/deposoft.com.ar\/es\/wp-json\/wp\/v2\/types\/product"}],"replies":[{"embeddable":true,"href":"https:\/\/deposoft.com.ar\/es\/wp-json\/wp\/v2\/comments?post=25835"}],"version-history":[{"count":2,"href":"https:\/\/deposoft.com.ar\/es\/wp-json\/wp\/v2\/product\/25835\/revisions"}],"predecessor-version":[{"id":36768,"href":"https:\/\/deposoft.com.ar\/es\/wp-json\/wp\/v2\/product\/25835\/revisions\/36768"}],"wp:featuredmedia":[{"embeddable":true,"href":"https:\/\/deposoft.com.ar\/es\/wp-json\/wp\/v2\/media\/25816"}],"wp:attachment":[{"href":"https:\/\/deposoft.com.ar\/es\/wp-json\/wp\/v2\/media?parent=25835"}],"wp:term":[{"taxonomy":"product_brand","embeddable":true,"href":"https:\/\/deposoft.com.ar\/es\/wp-json\/wp\/v2\/product_brand?post=25835"},{"taxonomy":"product_cat","embeddable":true,"href":"https:\/\/deposoft.com.ar\/es\/wp-json\/wp\/v2\/product_cat?post=25835"},{"taxonomy":"product_tag","embeddable":true,"href":"https:\/\/deposoft.com.ar\/es\/wp-json\/wp\/v2\/product_tag?post=25835"}],"curies":[{"name":"wp","href":"https:\/\/api.w.org\/{rel}","templated":true}]}}