{"id":25825,"date":"2023-05-06T05:36:41","date_gmt":"2023-05-06T05:36:41","guid":{"rendered":"https:\/\/deposoft.com.ar\/es\/?post_type=product&#038;p=25825"},"modified":"2026-03-30T20:37:05","modified_gmt":"2026-03-30T20:37:05","slug":"toma-de-decisiones-vol-ii","status":"publish","type":"product","link":"https:\/\/deposoft.com.ar\/es\/producto\/toma-de-decisiones-vol-ii\/","title":{"rendered":"toma de decisiones Vol II"},"content":{"rendered":"<p>En esta conferencia de Augusto Pons, encontrar\u00e1s Ejercicios de 1vs1, con ayuda de pasadores.\u00a0 Pases.<br \/>\nTambi\u00e9n veremos como ense\u00f1ar la progresi\u00f3n de cortinas indirectas desde el 1vs2.<br \/>\nHerramientas t\u00e9cnico t\u00e1cticas en edades formativas<\/p>\n<p>El disertante habla de alejarse de lo que es la \u201cformaci\u00f3n lineal\u201d del deportista, en donde los ejercicios tienen un formato que le dicen al jugador todo lo que quieren hacer. Hay que ense\u00f1ar asociando los ejercicios con la toma de decisiones, donde la t\u00e9cnica y la t\u00e1ctica individual es todo incluido dentro de cada actividad a realizar.<\/p>\n<p>\u00bfPor qu\u00e9 ense\u00f1ar as\u00ed? Porque el jugador maximiza<em> la retenci\u00f3n (retiene mucho m\u00e1s lo que se le ense\u00f1a)<\/em>, en parte por el descubrimiento que hace en cada ejercicio y en parte porque debe buscar sus propias soluciones, donde el objetivo es poder llevar dichas soluciones al juego.<\/p>\n","protected":false},"excerpt":{"rendered":"<p>En esta conferencia de Augusto Pons, encontrar\u00e1s Ejercicios de 1vs1, con ayuda de pasadores.\u00a0 Pases. Tambi\u00e9n veremos como ense\u00f1ar la progresi\u00f3n de cortinas indirectas desde el 1vs2. Herramientas t\u00e9cnico t\u00e1cticas en edades formativas El disertante habla de alejarse de lo que es la \u201cformaci\u00f3n lineal\u201d del deportista, en donde los ejercicios tienen un formato que [&hellip;]<\/p>\n","protected":false},"featured_media":25815,"comment_status":"open","ping_status":"closed","template":"","meta":{"site-sidebar-layout":"default","site-content-layout":"default","ast-site-content-layout":"default","site-content-style":"default","site-sidebar-style":"default","ast-global-header-display":"","ast-banner-title-visibility":"","ast-main-header-display":"","ast-hfb-above-header-display":"","ast-hfb-below-header-display":"","ast-hfb-mobile-header-display":"","site-post-title":"","ast-breadcrumbs-content":"","ast-featured-img":"","footer-sml-layout":"","ast-disable-related-posts":"","theme-transparent-header-meta":"default","adv-header-id-meta":"","stick-header-meta":"","header-above-stick-meta":"","header-main-stick-meta":"","header-below-stick-meta":"","astra-migrate-meta-layouts":"set","ast-page-background-enabled":"default","ast-page-background-meta":{"desktop":{"background-color":"","background-image":"","background-repeat":"repeat","background-position":"center center","background-size":"auto","background-attachment":"scroll","background-type":"","background-media":"","overlay-type":"","overlay-color":"","overlay-opacity":"","overlay-gradient":""},"tablet":{"background-color":"","background-image":"","background-repeat":"repeat","background-position":"center center","background-size":"auto","background-attachment":"scroll","background-type":"","background-media":"","overlay-type":"","overlay-color":"","overlay-opacity":"","overlay-gradient":""},"mobile":{"background-color":"","background-image":"","background-repeat":"repeat","background-position":"center center","background-size":"auto","background-attachment":"scroll","background-type":"","background-media":"","overlay-type":"","overlay-color":"","overlay-opacity":"","overlay-gradient":""}},"ast-content-background-meta":{"desktop":{"background-color":"var(--ast-global-color-5)","background-image":"","background-repeat":"repeat","background-position":"center center","background-size":"auto","background-attachment":"scroll","background-type":"","background-media":"","overlay-type":"","overlay-color":"","overlay-opacity":"","overlay-gradient":""},"tablet":{"background-color":"var(--ast-global-color-5)","background-image":"","background-repeat":"repeat","background-position":"center center","background-size":"auto","background-attachment":"scroll","background-type":"","background-media":"","overlay-type":"","overlay-color":"","overlay-opacity":"","overlay-gradient":""},"mobile":{"background-color":"var(--ast-global-color-5)","background-image":"","background-repeat":"repeat","background-position":"center center","background-size":"auto","background-attachment":"scroll","background-type":"","background-media":"","overlay-type":"","overlay-color":"","overlay-opacity":"","overlay-gradient":""}},"iawp_total_views":5},"product_brand":[],"product_cat":[111],"product_tag":[154],"class_list":{"0":"post-25825","1":"product","2":"type-product","3":"status-publish","4":"has-post-thumbnail","6":"product_cat-formativas","7":"product_tag-augusto-pons","8":"desktop-align-left","9":"tablet-align-left","10":"mobile-align-left","12":"first","13":"instock","14":"virtual","15":"sold-individually","16":"purchasable","17":"product-type-course"},"_links":{"self":[{"href":"https:\/\/deposoft.com.ar\/es\/wp-json\/wp\/v2\/product\/25825","targetHints":{"allow":["GET"]}}],"collection":[{"href":"https:\/\/deposoft.com.ar\/es\/wp-json\/wp\/v2\/product"}],"about":[{"href":"https:\/\/deposoft.com.ar\/es\/wp-json\/wp\/v2\/types\/product"}],"replies":[{"embeddable":true,"href":"https:\/\/deposoft.com.ar\/es\/wp-json\/wp\/v2\/comments?post=25825"}],"version-history":[{"count":1,"href":"https:\/\/deposoft.com.ar\/es\/wp-json\/wp\/v2\/product\/25825\/revisions"}],"predecessor-version":[{"id":33092,"href":"https:\/\/deposoft.com.ar\/es\/wp-json\/wp\/v2\/product\/25825\/revisions\/33092"}],"wp:featuredmedia":[{"embeddable":true,"href":"https:\/\/deposoft.com.ar\/es\/wp-json\/wp\/v2\/media\/25815"}],"wp:attachment":[{"href":"https:\/\/deposoft.com.ar\/es\/wp-json\/wp\/v2\/media?parent=25825"}],"wp:term":[{"taxonomy":"product_brand","embeddable":true,"href":"https:\/\/deposoft.com.ar\/es\/wp-json\/wp\/v2\/product_brand?post=25825"},{"taxonomy":"product_cat","embeddable":true,"href":"https:\/\/deposoft.com.ar\/es\/wp-json\/wp\/v2\/product_cat?post=25825"},{"taxonomy":"product_tag","embeddable":true,"href":"https:\/\/deposoft.com.ar\/es\/wp-json\/wp\/v2\/product_tag?post=25825"}],"curies":[{"name":"wp","href":"https:\/\/api.w.org\/{rel}","templated":true}]}}