{"id":25813,"date":"2023-05-05T19:16:30","date_gmt":"2023-05-05T19:16:30","guid":{"rendered":"https:\/\/deposoft.com.ar\/es\/?post_type=product&#038;p=25813"},"modified":"2026-03-30T20:36:51","modified_gmt":"2026-03-30T20:36:51","slug":"toma-de-decisiones-vol-i","status":"publish","type":"product","link":"https:\/\/deposoft.com.ar\/es\/producto\/toma-de-decisiones-vol-i\/","title":{"rendered":"toma de decisiones Vol I"},"content":{"rendered":"<p>En esta primer conferencia de Augusto Pons, encontrar\u00e1s Ejercicios de 1vs1.\u00a0 Pases: Mejorar el \u00e1ngulo, ampliar distancias, Herramientas t\u00e9cnico t\u00e1cticas en edades formativas<\/p>\n<p>El disertante habla de alejarse de lo que es la \u201cformaci\u00f3n lineal\u201d del deportista, en donde los ejercicios tienen un formato que le dicen al jugador todo lo que quieren hacer. Hay que ense\u00f1ar asociando los ejercicios con la toma de decisiones, donde la t\u00e9cnica y la t\u00e1ctica individual es todo incluido dentro de cada actividad a realizar.<\/p>\n<p>\u00bfPor qu\u00e9 ense\u00f1ar as\u00ed? Porque el jugador maximiza<em> la retenci\u00f3n (retiene mucho m\u00e1s lo que se le ense\u00f1a)<\/em>, en parte por el descubrimiento que hace en cada ejercicio y en parte porque debe buscar sus propias soluciones, donde el objetivo es poder llevar dichas soluciones al juego.<\/p>\n","protected":false},"excerpt":{"rendered":"<p>En esta primer conferencia de Augusto Pons, encontrar\u00e1s Ejercicios de 1vs1.\u00a0 Pases: Mejorar el \u00e1ngulo, ampliar distancias, Herramientas t\u00e9cnico t\u00e1cticas en edades formativas El disertante habla de alejarse de lo que es la \u201cformaci\u00f3n lineal\u201d del deportista, en donde los ejercicios tienen un formato que le dicen al jugador todo lo que quieren hacer. Hay [&hellip;]<\/p>\n","protected":false},"featured_media":25814,"comment_status":"open","ping_status":"closed","template":"","meta":{"site-sidebar-layout":"default","site-content-layout":"default","ast-site-content-layout":"default","site-content-style":"default","site-sidebar-style":"default","ast-global-header-display":"","ast-banner-title-visibility":"","ast-main-header-display":"","ast-hfb-above-header-display":"","ast-hfb-below-header-display":"","ast-hfb-mobile-header-display":"","site-post-title":"","ast-breadcrumbs-content":"","ast-featured-img":"","footer-sml-layout":"","ast-disable-related-posts":"","theme-transparent-header-meta":"default","adv-header-id-meta":"","stick-header-meta":"","header-above-stick-meta":"","header-main-stick-meta":"","header-below-stick-meta":"","astra-migrate-meta-layouts":"set","ast-page-background-enabled":"default","ast-page-background-meta":{"desktop":{"background-color":"","background-image":"","background-repeat":"repeat","background-position":"center center","background-size":"auto","background-attachment":"scroll","background-type":"","background-media":"","overlay-type":"","overlay-color":"","overlay-opacity":"","overlay-gradient":""},"tablet":{"background-color":"","background-image":"","background-repeat":"repeat","background-position":"center center","background-size":"auto","background-attachment":"scroll","background-type":"","background-media":"","overlay-type":"","overlay-color":"","overlay-opacity":"","overlay-gradient":""},"mobile":{"background-color":"","background-image":"","background-repeat":"repeat","background-position":"center center","background-size":"auto","background-attachment":"scroll","background-type":"","background-media":"","overlay-type":"","overlay-color":"","overlay-opacity":"","overlay-gradient":""}},"ast-content-background-meta":{"desktop":{"background-color":"var(--ast-global-color-5)","background-image":"","background-repeat":"repeat","background-position":"center center","background-size":"auto","background-attachment":"scroll","background-type":"","background-media":"","overlay-type":"","overlay-color":"","overlay-opacity":"","overlay-gradient":""},"tablet":{"background-color":"var(--ast-global-color-5)","background-image":"","background-repeat":"repeat","background-position":"center center","background-size":"auto","background-attachment":"scroll","background-type":"","background-media":"","overlay-type":"","overlay-color":"","overlay-opacity":"","overlay-gradient":""},"mobile":{"background-color":"var(--ast-global-color-5)","background-image":"","background-repeat":"repeat","background-position":"center center","background-size":"auto","background-attachment":"scroll","background-type":"","background-media":"","overlay-type":"","overlay-color":"","overlay-opacity":"","overlay-gradient":""}},"iawp_total_views":3},"product_brand":[],"product_cat":[111],"product_tag":[154],"class_list":{"0":"post-25813","1":"product","2":"type-product","3":"status-publish","4":"has-post-thumbnail","6":"product_cat-formativas","7":"product_tag-augusto-pons","8":"desktop-align-left","9":"tablet-align-left","10":"mobile-align-left","12":"first","13":"instock","14":"virtual","15":"sold-individually","16":"purchasable","17":"product-type-course"},"_links":{"self":[{"href":"https:\/\/deposoft.com.ar\/es\/wp-json\/wp\/v2\/product\/25813","targetHints":{"allow":["GET"]}}],"collection":[{"href":"https:\/\/deposoft.com.ar\/es\/wp-json\/wp\/v2\/product"}],"about":[{"href":"https:\/\/deposoft.com.ar\/es\/wp-json\/wp\/v2\/types\/product"}],"replies":[{"embeddable":true,"href":"https:\/\/deposoft.com.ar\/es\/wp-json\/wp\/v2\/comments?post=25813"}],"version-history":[{"count":1,"href":"https:\/\/deposoft.com.ar\/es\/wp-json\/wp\/v2\/product\/25813\/revisions"}],"predecessor-version":[{"id":32980,"href":"https:\/\/deposoft.com.ar\/es\/wp-json\/wp\/v2\/product\/25813\/revisions\/32980"}],"wp:featuredmedia":[{"embeddable":true,"href":"https:\/\/deposoft.com.ar\/es\/wp-json\/wp\/v2\/media\/25814"}],"wp:attachment":[{"href":"https:\/\/deposoft.com.ar\/es\/wp-json\/wp\/v2\/media?parent=25813"}],"wp:term":[{"taxonomy":"product_brand","embeddable":true,"href":"https:\/\/deposoft.com.ar\/es\/wp-json\/wp\/v2\/product_brand?post=25813"},{"taxonomy":"product_cat","embeddable":true,"href":"https:\/\/deposoft.com.ar\/es\/wp-json\/wp\/v2\/product_cat?post=25813"},{"taxonomy":"product_tag","embeddable":true,"href":"https:\/\/deposoft.com.ar\/es\/wp-json\/wp\/v2\/product_tag?post=25813"}],"curies":[{"name":"wp","href":"https:\/\/api.w.org\/{rel}","templated":true}]}}