{"id":25739,"date":"2023-04-15T23:04:07","date_gmt":"2023-04-15T23:04:07","guid":{"rendered":"https:\/\/deposoft.com.ar\/es\/?post_type=product&#038;p=25739"},"modified":"2025-04-25T20:23:17","modified_gmt":"2025-04-25T20:23:17","slug":"transicion-ofensiva","status":"publish","type":"product","link":"https:\/\/deposoft.com.ar\/es\/producto\/transicion-ofensiva\/","title":{"rendered":"Transici\u00f3n Ofensiva"},"content":{"rendered":"<p><img fetchpriority=\"high\" decoding=\"async\" class=\"alignnone size-medium wp-image-25759\" src=\"https:\/\/deposoft.com.ar\/es\/wp-content\/uploads\/2023\/04\/2-300x300.png\" alt=\"\" width=\"300\" height=\"300\" srcset=\"https:\/\/deposoft.com.ar\/es\/wp-content\/uploads\/2023\/04\/2-300x300.png 300w, https:\/\/deposoft.com.ar\/es\/wp-content\/uploads\/2023\/04\/2-1024x1024.png 1024w, https:\/\/deposoft.com.ar\/es\/wp-content\/uploads\/2023\/04\/2-150x150.png 150w, https:\/\/deposoft.com.ar\/es\/wp-content\/uploads\/2023\/04\/2-768x768.png 768w, https:\/\/deposoft.com.ar\/es\/wp-content\/uploads\/2023\/04\/2-600x600.png 600w, https:\/\/deposoft.com.ar\/es\/wp-content\/uploads\/2023\/04\/2-100x100.png 100w, https:\/\/deposoft.com.ar\/es\/wp-content\/uploads\/2023\/04\/2.png 1080w\" sizes=\"(max-width: 300px) 100vw, 300px\" \/><\/p>\n","protected":false},"excerpt":{"rendered":"<p>alude a la Introducci\u00f3n filos\u00f3fica del valor de la formaci\u00f3n del entrenador deportivo, y la IMPORTANCIA que tiene el deporte como herramienta de educaci\u00f3n y desarrollo personal de los jugadores.<\/p>\n<p>Destaca la Importancia del tener claro la diferencia entre el proceso de ense\u00f1anza y el de entrenamiento, con el objetivo de priorizar el \u201cc\u00f3mo\u201d por sobre el \u201cque\u201d para poder formar los h\u00e1bitos motores de los detalles de nuestro deporte.<\/p>\n<p>Desarrolla las caracter\u00edsticas del juego moderno en el m\u00e1s alto rendimiento mundial, destacando la importancia que tiene estar preparado en las habilidades ofensivas para poder sortear las agresivas y exigentes defensas presionantes actuales.<\/p>\n<p>Desglosa en esta disertaci\u00f3n todos los detalles de la transici\u00f3n ofensiva en cuanto a la captura del rebote, el primer y segundo pase de inicio de contraataque, el llenado de calles y ocupaci\u00f3n de espacios en el juego moderno.<\/p>\n","protected":false},"featured_media":25759,"comment_status":"open","ping_status":"closed","template":"","meta":{"site-sidebar-layout":"default","site-content-layout":"default","ast-site-content-layout":"default","site-content-style":"default","site-sidebar-style":"default","ast-global-header-display":"","ast-banner-title-visibility":"","ast-main-header-display":"","ast-hfb-above-header-display":"","ast-hfb-below-header-display":"","ast-hfb-mobile-header-display":"","site-post-title":"","ast-breadcrumbs-content":"","ast-featured-img":"","footer-sml-layout":"","ast-disable-related-posts":"","theme-transparent-header-meta":"default","adv-header-id-meta":"","stick-header-meta":"","header-above-stick-meta":"","header-main-stick-meta":"","header-below-stick-meta":"","astra-migrate-meta-layouts":"set","ast-page-background-enabled":"default","ast-page-background-meta":{"desktop":{"background-color":"","background-image":"","background-repeat":"repeat","background-position":"center center","background-size":"auto","background-attachment":"scroll","background-type":"","background-media":"","overlay-type":"","overlay-color":"","overlay-opacity":"","overlay-gradient":""},"tablet":{"background-color":"","background-image":"","background-repeat":"repeat","background-position":"center center","background-size":"auto","background-attachment":"scroll","background-type":"","background-media":"","overlay-type":"","overlay-color":"","overlay-opacity":"","overlay-gradient":""},"mobile":{"background-color":"","background-image":"","background-repeat":"repeat","background-position":"center center","background-size":"auto","background-attachment":"scroll","background-type":"","background-media":"","overlay-type":"","overlay-color":"","overlay-opacity":"","overlay-gradient":""}},"ast-content-background-meta":{"desktop":{"background-color":"var(--ast-global-color-5)","background-image":"","background-repeat":"repeat","background-position":"center center","background-size":"auto","background-attachment":"scroll","background-type":"","background-media":"","overlay-type":"","overlay-color":"","overlay-opacity":"","overlay-gradient":""},"tablet":{"background-color":"var(--ast-global-color-5)","background-image":"","background-repeat":"repeat","background-position":"center center","background-size":"auto","background-attachment":"scroll","background-type":"","background-media":"","overlay-type":"","overlay-color":"","overlay-opacity":"","overlay-gradient":""},"mobile":{"background-color":"var(--ast-global-color-5)","background-image":"","background-repeat":"repeat","background-position":"center center","background-size":"auto","background-attachment":"scroll","background-type":"","background-media":"","overlay-type":"","overlay-color":"","overlay-opacity":"","overlay-gradient":""}},"iawp_total_views":9},"product_brand":[],"product_cat":[111,113],"product_tag":[150],"class_list":{"0":"post-25739","1":"product","2":"type-product","3":"status-publish","4":"has-post-thumbnail","6":"product_cat-formativas","7":"product_cat-alto-rendimiento","8":"product_tag-sergio-hernandez","9":"desktop-align-left","10":"tablet-align-left","11":"mobile-align-left","13":"first","14":"instock","15":"sale","16":"virtual","17":"sold-individually","18":"purchasable","19":"product-type-course"},"_links":{"self":[{"href":"https:\/\/deposoft.com.ar\/es\/wp-json\/wp\/v2\/product\/25739","targetHints":{"allow":["GET"]}}],"collection":[{"href":"https:\/\/deposoft.com.ar\/es\/wp-json\/wp\/v2\/product"}],"about":[{"href":"https:\/\/deposoft.com.ar\/es\/wp-json\/wp\/v2\/types\/product"}],"replies":[{"embeddable":true,"href":"https:\/\/deposoft.com.ar\/es\/wp-json\/wp\/v2\/comments?post=25739"}],"version-history":[{"count":1,"href":"https:\/\/deposoft.com.ar\/es\/wp-json\/wp\/v2\/product\/25739\/revisions"}],"predecessor-version":[{"id":32729,"href":"https:\/\/deposoft.com.ar\/es\/wp-json\/wp\/v2\/product\/25739\/revisions\/32729"}],"wp:featuredmedia":[{"embeddable":true,"href":"https:\/\/deposoft.com.ar\/es\/wp-json\/wp\/v2\/media\/25759"}],"wp:attachment":[{"href":"https:\/\/deposoft.com.ar\/es\/wp-json\/wp\/v2\/media?parent=25739"}],"wp:term":[{"taxonomy":"product_brand","embeddable":true,"href":"https:\/\/deposoft.com.ar\/es\/wp-json\/wp\/v2\/product_brand?post=25739"},{"taxonomy":"product_cat","embeddable":true,"href":"https:\/\/deposoft.com.ar\/es\/wp-json\/wp\/v2\/product_cat?post=25739"},{"taxonomy":"product_tag","embeddable":true,"href":"https:\/\/deposoft.com.ar\/es\/wp-json\/wp\/v2\/product_tag?post=25739"}],"curies":[{"name":"wp","href":"https:\/\/api.w.org\/{rel}","templated":true}]}}