{"id":25737,"date":"2023-04-13T20:46:39","date_gmt":"2023-04-13T20:46:39","guid":{"rendered":"https:\/\/deposoft.com.ar\/es\/?post_type=product&#038;p=25737"},"modified":"2025-04-25T20:27:14","modified_gmt":"2025-04-25T20:27:14","slug":"contrataque-y-ataque-secundario","status":"publish","type":"product","link":"https:\/\/deposoft.com.ar\/es\/producto\/contrataque-y-ataque-secundario\/","title":{"rendered":"Contrataque y ataque secundario"},"content":{"rendered":"<p>Desarrolla las ideas principales de su contraataque y su ataque secundario mediante la utilizaci\u00f3n de driles, destacando la importancia de la utilizaci\u00f3n de driles en sus entrenamientos como herramienta principal para poder llevar adelante la incorporaci\u00f3n de ideas.<\/p>\n<p>La construcci\u00f3n metodol\u00f3gica se construye desde driles progresivos de 2c1, 2c2 en transicion, 3c2+1, 4c3 +1 poniendo el \u00e9nfasis en la generaci\u00f3n y aprovechamiento de ventajas en el juego de superioridad, sin descuidar y dando muchos detalles al trabajo defensivo en inferioridad, termina desarrollando el ataque secundario con transiciones b\u00e1sicas preestablecidas, haciendo incapie en el correcto uso de los espacios ofensivos para favorecer las ventajas. &#8211; resumen libre de Brian Fari\u00f1a<\/p>\n","protected":false},"excerpt":{"rendered":"<p>Desarrolla las ideas principales de su contraataque y su ataque secundario mediante la utilizaci\u00f3n de driles, destacando la importancia de la utilizaci\u00f3n de driles en sus entrenamientos como herramienta principal para poder llevar adelante la incorporaci\u00f3n de ideas.<\/p>\n<p>&nbsp;<\/p>\n","protected":false},"featured_media":25758,"comment_status":"open","ping_status":"closed","template":"","meta":{"site-sidebar-layout":"default","site-content-layout":"default","ast-site-content-layout":"default","site-content-style":"default","site-sidebar-style":"default","ast-global-header-display":"","ast-banner-title-visibility":"","ast-main-header-display":"","ast-hfb-above-header-display":"","ast-hfb-below-header-display":"","ast-hfb-mobile-header-display":"","site-post-title":"","ast-breadcrumbs-content":"","ast-featured-img":"","footer-sml-layout":"","ast-disable-related-posts":"","theme-transparent-header-meta":"default","adv-header-id-meta":"","stick-header-meta":"","header-above-stick-meta":"","header-main-stick-meta":"","header-below-stick-meta":"","astra-migrate-meta-layouts":"set","ast-page-background-enabled":"default","ast-page-background-meta":{"desktop":{"background-color":"","background-image":"","background-repeat":"repeat","background-position":"center center","background-size":"auto","background-attachment":"scroll","background-type":"","background-media":"","overlay-type":"","overlay-color":"","overlay-opacity":"","overlay-gradient":""},"tablet":{"background-color":"","background-image":"","background-repeat":"repeat","background-position":"center center","background-size":"auto","background-attachment":"scroll","background-type":"","background-media":"","overlay-type":"","overlay-color":"","overlay-opacity":"","overlay-gradient":""},"mobile":{"background-color":"","background-image":"","background-repeat":"repeat","background-position":"center center","background-size":"auto","background-attachment":"scroll","background-type":"","background-media":"","overlay-type":"","overlay-color":"","overlay-opacity":"","overlay-gradient":""}},"ast-content-background-meta":{"desktop":{"background-color":"var(--ast-global-color-5)","background-image":"","background-repeat":"repeat","background-position":"center center","background-size":"auto","background-attachment":"scroll","background-type":"","background-media":"","overlay-type":"","overlay-color":"","overlay-opacity":"","overlay-gradient":""},"tablet":{"background-color":"var(--ast-global-color-5)","background-image":"","background-repeat":"repeat","background-position":"center center","background-size":"auto","background-attachment":"scroll","background-type":"","background-media":"","overlay-type":"","overlay-color":"","overlay-opacity":"","overlay-gradient":""},"mobile":{"background-color":"var(--ast-global-color-5)","background-image":"","background-repeat":"repeat","background-position":"center center","background-size":"auto","background-attachment":"scroll","background-type":"","background-media":"","overlay-type":"","overlay-color":"","overlay-opacity":"","overlay-gradient":""}},"iawp_total_views":108},"product_brand":[],"product_cat":[111,113],"product_tag":[150],"class_list":{"0":"post-25737","1":"product","2":"type-product","3":"status-publish","4":"has-post-thumbnail","6":"product_cat-formativas","7":"product_cat-alto-rendimiento","8":"product_tag-sergio-hernandez","9":"desktop-align-left","10":"tablet-align-left","11":"mobile-align-left","13":"first","14":"instock","15":"sale","16":"virtual","17":"sold-individually","18":"purchasable","19":"product-type-course"},"_links":{"self":[{"href":"https:\/\/deposoft.com.ar\/es\/wp-json\/wp\/v2\/product\/25737","targetHints":{"allow":["GET"]}}],"collection":[{"href":"https:\/\/deposoft.com.ar\/es\/wp-json\/wp\/v2\/product"}],"about":[{"href":"https:\/\/deposoft.com.ar\/es\/wp-json\/wp\/v2\/types\/product"}],"replies":[{"embeddable":true,"href":"https:\/\/deposoft.com.ar\/es\/wp-json\/wp\/v2\/comments?post=25737"}],"version-history":[{"count":3,"href":"https:\/\/deposoft.com.ar\/es\/wp-json\/wp\/v2\/product\/25737\/revisions"}],"predecessor-version":[{"id":32730,"href":"https:\/\/deposoft.com.ar\/es\/wp-json\/wp\/v2\/product\/25737\/revisions\/32730"}],"wp:featuredmedia":[{"embeddable":true,"href":"https:\/\/deposoft.com.ar\/es\/wp-json\/wp\/v2\/media\/25758"}],"wp:attachment":[{"href":"https:\/\/deposoft.com.ar\/es\/wp-json\/wp\/v2\/media?parent=25737"}],"wp:term":[{"taxonomy":"product_brand","embeddable":true,"href":"https:\/\/deposoft.com.ar\/es\/wp-json\/wp\/v2\/product_brand?post=25737"},{"taxonomy":"product_cat","embeddable":true,"href":"https:\/\/deposoft.com.ar\/es\/wp-json\/wp\/v2\/product_cat?post=25737"},{"taxonomy":"product_tag","embeddable":true,"href":"https:\/\/deposoft.com.ar\/es\/wp-json\/wp\/v2\/product_tag?post=25737"}],"curies":[{"name":"wp","href":"https:\/\/api.w.org\/{rel}","templated":true}]}}