{"id":35287,"date":"2026-04-01T16:35:53","date_gmt":"2026-04-01T16:35:53","guid":{"rendered":"https:\/\/deposoft.com.ar\/es\/?page_id=35287"},"modified":"2026-04-01T17:44:52","modified_gmt":"2026-04-01T17:44:52","slug":"suscripciones-pro","status":"publish","type":"page","link":"https:\/\/deposoft.com.ar\/es\/suscripciones-pro\/","title":{"rendered":"Membres\u00edas.."},"content":{"rendered":"<div class=\"learndash-wrap\"><div id=\"ld-course-list-content-a9cb4224cb87ec87108ca25d69ec9fc0\" class=\"ld-course-list-content\" data-shortcode-atts=\"{&quot;orderby&quot;:&quot;title&quot;,&quot;course_category_name&quot;:&quot;suscripciones&quot;,&quot;course_grid&quot;:&quot;true&quot;}\">\n\t\t\t<div class=\"ld-course-list-items row\">\n\t\t<\/div>\n\t\t\t<\/div>\n\t\t<\/div>\n\n\n<h2 class=\"wp-block-heading has-text-align-center has-ast-global-color-3-color has-ast-global-color-8-background-color has-text-color has-background has-link-color has-x-large-font-size wp-elements-9b4c16f41e76bd3d4474606c28fe5d5e\">Membres\u00edas <\/h2>\n\n\n\n<p>Disponemos de cientos de videos de personas que est\u00e1n ligadas a los distintos procesos de ense\u00f1anza aprendizaje de este maravilloso deporte EL BASQUETBOL,\u00a0 y te ofrecemos el acceso\u00a0a miles de horas en videos y apuntes con res\u00famenes a un m\u00f3dico precio mensual, para que no pierdas la oportunidad de capacitarte permanentemente en un deporte que evoluciona dia a dia, y nos exige mejorar nuestras capacidades profesionales.<br>Nuestra visi\u00f3n es \u201caportar un granito de arena para el crecimiento y difusi\u00f3n del basquetbol\u201d nos hemos ido adaptando e incorporando nuevas tecnolog\u00edas para cumplir con este prop\u00f3sito,\u00a0 ampliado los l\u00edmites geogr\u00e1ficos de nuestros destinatarios y principalmente difundiendo la tarea que desde Argentina y Uruguay se realizan en post de estos objetivos.<br>Estamos acompa\u00f1ados por entrenadores, profesores, psic\u00f3logos deportivos, dirigentes y personas vinculadas al b\u00e1squet que nos han permitido ser un puente entre sus experiencias y vivencias y vos que d\u00eda a\u00a0 d\u00eda intentas dar lo mejor,\u00a0 adquiriendo habilidades y competencias\u00a0 acompa\u00f1ando los cambios en las reglas\u00a0 y distintos tipos de conductas de la sociedad y de nuestros destinatarios los jugador@s para lo cual debemos estar siempre actualizados en las distintas estrategias metodol\u00f3gicas.<br>En los albores del 2026, estamos lanzando nuestra propia APP, dando una vez m\u00e1s un salto de calidad.<br>No dudes en contactarnos y con gusto te daremos acceso a nuestro sector vip.<\/p>\n\n\n<div class=\"learndash-wrap\"><div id=\"ld-course-list-content-4b1983ef34b0ca20f200899c64c10b6b\" class=\"ld-course-list-content\" data-shortcode-atts=\"{&quot;orderby&quot;:&quot;title&quot;,&quot;order&quot;:&quot;ASC&quot;,&quot;course_category_name&quot;:&quot;Suscripcion&quot;,&quot;col&quot;:&quot;2&quot;,&quot;course_grid&quot;:&quot;true&quot;}\">\n\t\t\t<div class=\"ld-course-list-items row\">\n\t<!-- LearnDash Course Grid v1 --><div class=\"ld_course_grid col-sm-12 col-md-6 \">\n\t<article id=\"post-36856\" class=\" thumbnail course post-36856 sfwd-courses type-sfwd-courses status-publish has-post-thumbnail hentry ld_course_category-suscripcion ld_course_tag-suscripcion\">\n\t\t\t\t\t\t\t\t<div class=\"ribbon\">\n\t\t\t\trepasa o refuerza tus conocimientos\t\t\t<\/div>\n\t\t\t\n\t\t\t\t\t\t<a\n\t\t\t\taria-hidden=\"true\"\n\t\t\t\thref=\"https:\/\/deposoft.com.ar\/es\/courses\/basquetbolchannel-2\/\"\n\t\t\t\ttabindex=\"-1\"\n\t\t\t>\n\t\t\t\t<img decoding=\"async\" width=\"300\" height=\"155\" src=\"https:\/\/deposoft.com.ar\/es\/wp-content\/uploads\/2024\/02\/fondo-videos-academia-300x155.png\" class=\"attachment-medium size-medium wp-post-image\" alt=\"Cl\u00ednicas y cursos enfocados a quienes entrenan desde juveniles a alto rendimiento\" srcset=\"https:\/\/deposoft.com.ar\/es\/wp-content\/uploads\/2024\/02\/fondo-videos-academia-300x155.png 300w, https:\/\/deposoft.com.ar\/es\/wp-content\/uploads\/2024\/02\/fondo-videos-academia-1024x528.png 1024w, https:\/\/deposoft.com.ar\/es\/wp-content\/uploads\/2024\/02\/fondo-videos-academia-768x396.png 768w, https:\/\/deposoft.com.ar\/es\/wp-content\/uploads\/2024\/02\/fondo-videos-academia-1536x791.png 1536w, https:\/\/deposoft.com.ar\/es\/wp-content\/uploads\/2024\/02\/fondo-videos-academia-600x309.png 600w, https:\/\/deposoft.com.ar\/es\/wp-content\/uploads\/2024\/02\/fondo-videos-academia.png 1980w\" sizes=\"(max-width: 300px) 100vw, 300px\" \/>\t\t\t<\/a>\n\t\t\t\t\t\n\t\t\t\t\t<div class=\"caption\">\n\t\t\t\t<h3 class=\"entry-title\">Cl\u00ednicas y cursos enfocados a quienes entrenan desde juveniles a alto rendimiento<\/h3>\n\t\t\t\t\t\t\t\t<div class=\"entry-content\"><p>es nuestro canal tipo NETFLIX con disertaciones de entrenadores de todo el mundo en espa\u00f1ol.<br \/>\nVariados temas y  ver en acci\u00f3n a entrenadores de distintas categor\u00edas y competencias, que  van desde ligas regionales hasta campeones de latino am\u00e9rica, Europa y hasta campeones ol\u00edmpicos y mundiales.<\/p>\n<\/div>\n\t\t\t\t\t\t\t\t<div class=\"ld_course_grid_button\">\n\t\t\t\t\t<a\n\t\t\t\t\t\taria-label=\"videoteca de consulta permanente: Cl\u00ednicas y cursos enfocados a quienes entrenan desde juveniles a alto rendimiento\"\n\t\t\t\t\t\tclass=\"btn btn-primary\"\n\t\t\t\t\t\thref=\"https:\/\/deposoft.com.ar\/es\/courses\/basquetbolchannel-2\/\"\n\t\t\t\t\t>\n\t\t\t\t\t\tvideoteca de consulta permanente\t\t\t\t\t<\/a>\n\t\t\t\t<\/div>\n\t\t\t\t\t\t\t<\/div><!-- .entry-header -->\n\t\t\t<\/article><!-- #post-## -->\n<\/div><!-- .ld_course_grid -->\n<!-- LearnDash Course Grid v1 --><div class=\"ld_course_grid col-sm-12 col-md-6 \">\n\t<article id=\"post-37336\" class=\" thumbnail course post-37336 sfwd-courses type-sfwd-courses status-publish has-post-thumbnail hentry ld_course_category-suscripcion ld_course_tag-suscripcion\">\n\t\t\t\t\t\t\t\t<div class=\"ribbon\">\n\t\t\t\tdistintas metodolog\u00edas y escuelas\t\t\t<\/div>\n\t\t\t\n\t\t\t\t\t\t<a\n\t\t\t\taria-hidden=\"true\"\n\t\t\t\thref=\"https:\/\/deposoft.com.ar\/es\/courses\/iniciacion-a-intermedias-2\/\"\n\t\t\t\ttabindex=\"-1\"\n\t\t\t>\n\t\t\t\t<img decoding=\"async\" width=\"300\" height=\"155\" src=\"https:\/\/deposoft.com.ar\/es\/wp-content\/uploads\/2024\/02\/fondo-videos-academia-300x155.png\" class=\"attachment-medium size-medium wp-post-image\" alt=\"Cl\u00ednicas y cursos para entrenadores desde la Iniciaci\u00f3n a Formativas\" srcset=\"https:\/\/deposoft.com.ar\/es\/wp-content\/uploads\/2024\/02\/fondo-videos-academia-300x155.png 300w, https:\/\/deposoft.com.ar\/es\/wp-content\/uploads\/2024\/02\/fondo-videos-academia-1024x528.png 1024w, https:\/\/deposoft.com.ar\/es\/wp-content\/uploads\/2024\/02\/fondo-videos-academia-768x396.png 768w, https:\/\/deposoft.com.ar\/es\/wp-content\/uploads\/2024\/02\/fondo-videos-academia-1536x791.png 1536w, https:\/\/deposoft.com.ar\/es\/wp-content\/uploads\/2024\/02\/fondo-videos-academia-600x309.png 600w, https:\/\/deposoft.com.ar\/es\/wp-content\/uploads\/2024\/02\/fondo-videos-academia.png 1980w\" sizes=\"(max-width: 300px) 100vw, 300px\" \/>\t\t\t<\/a>\n\t\t\t\t\t\n\t\t\t\t\t<div class=\"caption\">\n\t\t\t\t<h3 class=\"entry-title\">Cl\u00ednicas y cursos para entrenadores desde la Iniciaci\u00f3n a Formativas<\/h3>\n\t\t\t\t\t\t\t\t<div class=\"entry-content\"><p>Los videos est\u00e1n orientados a la ense\u00f1anza de basquetbol para ni\u00f1os\/as de 5 a 16 a\u00f1os. Encontraras adem\u00e1s de las conferencias en cl\u00ednicas y cursos, videos de entrenamientos, preparaci\u00f3n f\u00edsica y disertaciones de psic\u00f3logos deportivos. El objetivo de todos ellos es mejorar el basquetbol desde las edades tempranas, siendo el basquetbol el medio para lograr mejores personas, ya sea desde un club o desde una entidad escolar, o desde tu propio emprendimiento<br \/>\nTambi\u00e9n hay luego de 12 a\u00f1os conferencias en donde se aborda el juegos por conceptos, ejercicios de t\u00e9cnica y desarrollo motriz junto a la t\u00e1ctica colectiva, siempre con una amplia visi\u00f3n de distintas escuelas y metodolog\u00edas, que hacen de nuestro canal un medio de consulta permanente.<\/p>\n<\/div>\n\t\t\t\t\t\t\t\t<div class=\"ld_course_grid_button\">\n\t\t\t\t\t<a\n\t\t\t\t\t\taria-label=\"ejercicios, planificaciones, driles: Cl\u00ednicas y cursos para entrenadores desde la Iniciaci\u00f3n a Formativas\"\n\t\t\t\t\t\tclass=\"btn btn-primary\"\n\t\t\t\t\t\thref=\"https:\/\/deposoft.com.ar\/es\/courses\/iniciacion-a-intermedias-2\/\"\n\t\t\t\t\t>\n\t\t\t\t\t\tejercicios, planificaciones, driles\t\t\t\t\t<\/a>\n\t\t\t\t<\/div>\n\t\t\t\t\t\t\t<\/div><!-- .entry-header -->\n\t\t\t<\/article><!-- #post-## -->\n<\/div><!-- .ld_course_grid -->\n\t<\/div>\n\t\t\t<\/div>\n\t\t<\/div>\n\n<div class=\"learndash-wrap\"><div id=\"ld-course-list-content-a149f0bd1fa5031751068810f757770e\" class=\"ld-course-list-content\" data-shortcode-atts=\"{&quot;course_category_name&quot;:&quot;suscripciones&quot;,&quot;col&quot;:&quot;2&quot;,&quot;num&quot;:&quot;2&quot;,&quot;course_grid&quot;:&quot;true&quot;}\">\n\t\t\t<div class=\"ld-course-list-items row\">\n\t\t<\/div>\n\t\t\t<\/div>\n\t\t<\/div>\n\n\n<p><\/p>\n","protected":false},"excerpt":{"rendered":"<p>Membres\u00edas Disponemos de cientos de videos de personas que est\u00e1n ligadas a los distintos procesos de ense\u00f1anza aprendizaje de este maravilloso deporte EL BASQUETBOL,\u00a0 y te ofrecemos el acceso\u00a0a miles de horas en videos y apuntes con res\u00famenes a un m\u00f3dico precio mensual, para que no pierdas la oportunidad de capacitarte permanentemente en un deporte [&hellip;]<\/p>\n","protected":false},"author":1,"featured_media":0,"parent":0,"menu_order":0,"comment_status":"closed","ping_status":"closed","template":"","meta":{"site-sidebar-layout":"no-sidebar","site-content-layout":"page-builder","ast-site-content-layout":"full-width-container","site-content-style":"default","site-sidebar-style":"default","ast-global-header-display":"","ast-banner-title-visibility":"","ast-main-header-display":"","ast-hfb-above-header-display":"","ast-hfb-below-header-display":"","ast-hfb-mobile-header-display":"","site-post-title":"","ast-breadcrumbs-content":"","ast-featured-img":"disabled","footer-sml-layout":"","ast-disable-related-posts":"","theme-transparent-header-meta":"","adv-header-id-meta":"","stick-header-meta":"","header-above-stick-meta":"","header-main-stick-meta":"","header-below-stick-meta":"","astra-migrate-meta-layouts":"set","ast-page-background-enabled":"default","ast-page-background-meta":{"desktop":{"background-color":"","background-image":"","background-repeat":"repeat","background-position":"center center","background-size":"auto","background-attachment":"scroll","background-type":"","background-media":"","overlay-type":"","overlay-color":"","overlay-opacity":"","overlay-gradient":""},"tablet":{"background-color":"","background-image":"","background-repeat":"repeat","background-position":"center center","background-size":"auto","background-attachment":"scroll","background-type":"","background-media":"","overlay-type":"","overlay-color":"","overlay-opacity":"","overlay-gradient":""},"mobile":{"background-color":"","background-image":"","background-repeat":"repeat","background-position":"center center","background-size":"auto","background-attachment":"scroll","background-type":"","background-media":"","overlay-type":"","overlay-color":"","overlay-opacity":"","overlay-gradient":""}},"ast-content-background-meta":{"desktop":{"background-color":"var(--ast-global-color-5)","background-image":"","background-repeat":"repeat","background-position":"center center","background-size":"auto","background-attachment":"scroll","background-type":"","background-media":"","overlay-type":"","overlay-color":"","overlay-opacity":"","overlay-gradient":""},"tablet":{"background-color":"var(--ast-global-color-5)","background-image":"","background-repeat":"repeat","background-position":"center center","background-size":"auto","background-attachment":"scroll","background-type":"","background-media":"","overlay-type":"","overlay-color":"","overlay-opacity":"","overlay-gradient":""},"mobile":{"background-color":"var(--ast-global-color-5)","background-image":"","background-repeat":"repeat","background-position":"center center","background-size":"auto","background-attachment":"scroll","background-type":"","background-media":"","overlay-type":"","overlay-color":"","overlay-opacity":"","overlay-gradient":""}},"iawp_total_views":22,"footnotes":""},"class_list":["post-35287","page","type-page","status-publish","hentry"],"_links":{"self":[{"href":"https:\/\/deposoft.com.ar\/es\/wp-json\/wp\/v2\/pages\/35287","targetHints":{"allow":["GET"]}}],"collection":[{"href":"https:\/\/deposoft.com.ar\/es\/wp-json\/wp\/v2\/pages"}],"about":[{"href":"https:\/\/deposoft.com.ar\/es\/wp-json\/wp\/v2\/types\/page"}],"author":[{"embeddable":true,"href":"https:\/\/deposoft.com.ar\/es\/wp-json\/wp\/v2\/users\/1"}],"replies":[{"embeddable":true,"href":"https:\/\/deposoft.com.ar\/es\/wp-json\/wp\/v2\/comments?post=35287"}],"version-history":[{"count":7,"href":"https:\/\/deposoft.com.ar\/es\/wp-json\/wp\/v2\/pages\/35287\/revisions"}],"predecessor-version":[{"id":36854,"href":"https:\/\/deposoft.com.ar\/es\/wp-json\/wp\/v2\/pages\/35287\/revisions\/36854"}],"wp:attachment":[{"href":"https:\/\/deposoft.com.ar\/es\/wp-json\/wp\/v2\/media?parent=35287"}],"curies":[{"name":"wp","href":"https:\/\/api.w.org\/{rel}","templated":true}]}}